{"id":991,"date":"2024-11-14T23:50:19","date_gmt":"2024-11-14T22:50:19","guid":{"rendered":"https:\/\/littledreambrand.com\/?post_type=product&#038;p=991"},"modified":"2025-07-15T15:38:38","modified_gmt":"2025-07-15T13:38:38","slug":"camiseta-bordada-jordan-the-shot","status":"publish","type":"product","link":"https:\/\/littledreambrand.com\/en\/product\/camiseta-bordada-jordan-the-shot\/","title":{"rendered":"Embroidered T-Shirt - Jordan The Shot"},"content":{"rendered":"<h3 style=\"text-align: center;\"><strong>Find your perfect size!<\/strong><\/h3>\n<p style=\"text-align: center;\">Si quieres que tu camiseta<strong> Jordan The Shot<\/strong> te quede como seis anillos al dedo, te sugerimos echar un vistazo a nuestra Gu\u00eda de Tallas. Queremos que todos luzc\u00e1is como unos aut\u00e9nticos MVP ya se en tu d\u00eda a d\u00eda o en un \u00faltimo baile.<\/p>\n<p style=\"text-align: center;\"><strong>Consult the table below and find the size that best suits you.<\/strong> If you have any doubts, do not hesitate to ask us;<\/p>\n<p><img decoding=\"async\" class=\"wp-image-807 aligncenter\" src=\"https:\/\/littledreambrand.com\/wp-content\/uploads\/2024\/11\/Guia-Tallas-Camisetas-Little-Dream.png\" \/><\/p>\n<p style=\"text-align: center;\"><strong>Gu\u00eda de tallas Camiseta<br \/>\n<\/strong>A) Lenght B) Width<\/p>\n<p style=\"text-align: center;\">XS: Largo: 67cm Ancho: 48cm | S: Largo: 70cm Ancho: 50cm | M: Largo: 72cm Ancho: 53cm | L: Largo: 74cm Ancho: 56cm | XL: Largo: 76cm Ancho: 59cm | XXL: Largo: 78cm Ancho: 62cm<\/p>","protected":false},"excerpt":{"rendered":"<p>14 de junio de 1998, Delta Center, Salt Lake City. Bienvenidos al vuelo <strong>n\u00famero 23<\/strong>, aerol\u00edneas <strong>Jordan<\/strong>.<\/p>\n<p>Probablemente uno de los momentos m\u00e1s ic\u00f3nicos de la historia de la <strong>NBA<\/strong> plasmado en una camiseta. Si eres fan de<strong> Jordan<\/strong> y de sus <strong>Bulls<\/strong>, esta camiseta bordada tiene que formar parte de tu armario, si no, se convertir\u00e1 en algo personal.<\/p>\n<p>No seas como los Utah Jazz de Malone y Stockton, y no dejes escapar esta gran y \u00fanica oportunidad de tener la joya en tus manos.<\/p>\n<p>Como dijo un sabio: \u00a1Jordan, Jordan, Joooooordaaan! \u00a1Canasta, canasta, canasta, canasta! \u00a1Canasta de Michael&#8230;!<\/p>","protected":false},"featured_media":1684,"comment_status":"open","ping_status":"closed","template":"","meta":[],"product_brand":[],"product_cat":[19,33],"product_tag":[73,71,74,72,75],"class_list":{"0":"post-991","1":"product","2":"type-product","3":"status-publish","4":"has-post-thumbnail","6":"product_cat-camisetas","7":"product_cat-deportes","8":"product_tag-bulls","9":"product_tag-deportes","10":"product_tag-goat","11":"product_tag-jordan","12":"product_tag-the-shot","14":"first","15":"instock","16":"taxable","17":"shipping-taxable","18":"purchasable","19":"product-type-variable","20":"has-default-attributes"},"aioseo_notices":[],"jetpack_sharing_enabled":true,"_links":{"self":[{"href":"https:\/\/littledreambrand.com\/en\/wp-json\/wp\/v2\/product\/991","targetHints":{"allow":["GET"]}}],"collection":[{"href":"https:\/\/littledreambrand.com\/en\/wp-json\/wp\/v2\/product"}],"about":[{"href":"https:\/\/littledreambrand.com\/en\/wp-json\/wp\/v2\/types\/product"}],"replies":[{"embeddable":true,"href":"https:\/\/littledreambrand.com\/en\/wp-json\/wp\/v2\/comments?post=991"}],"wp:featuredmedia":[{"embeddable":true,"href":"https:\/\/littledreambrand.com\/en\/wp-json\/wp\/v2\/media\/1684"}],"wp:attachment":[{"href":"https:\/\/littledreambrand.com\/en\/wp-json\/wp\/v2\/media?parent=991"}],"wp:term":[{"taxonomy":"product_brand","embeddable":true,"href":"https:\/\/littledreambrand.com\/en\/wp-json\/wp\/v2\/product_brand?post=991"},{"taxonomy":"product_cat","embeddable":true,"href":"https:\/\/littledreambrand.com\/en\/wp-json\/wp\/v2\/product_cat?post=991"},{"taxonomy":"product_tag","embeddable":true,"href":"https:\/\/littledreambrand.com\/en\/wp-json\/wp\/v2\/product_tag?post=991"}],"curies":[{"name":"wp","href":"https:\/\/api.w.org\/{rel}","templated":true}]}}