{"id":900,"date":"2024-11-14T14:29:35","date_gmt":"2024-11-14T13:29:35","guid":{"rendered":"https:\/\/littledreambrand.com\/?post_type=product&#038;p=900"},"modified":"2025-07-15T15:38:49","modified_gmt":"2025-07-15T13:38:49","slug":"camiseta-bordada-its-dangerous-pokemon","status":"publish","type":"product","link":"https:\/\/littledreambrand.com\/en\/product\/camiseta-bordada-its-dangerous-pokemon\/","title":{"rendered":"Embroidered T-Shirt - It\u2019s Dangerous Pok\u00e9mon"},"content":{"rendered":"<h3 style=\"text-align: center;\"><strong>Find your perfect size!<\/strong><\/h3>\n<p style=\"text-align: center;\">Consulta tu pokedex&#8230; digo consulta nuestra <strong>Gu\u00eda de Tallas<\/strong> para que tu camiseta te siente tan bien como a Link la espada maestra. Escoge bien tu modelo y disfruta paseando con orgullo tu camiseta ya sea por Hyrule o por la regi\u00f3n de Kanto.<\/p>\n<p style=\"text-align: center;\"><strong>Consult the table below and find the size that best suits you.<\/strong> If you have any doubts, do not hesitate to ask us;<\/p>\n<p><img decoding=\"async\" class=\"wp-image-807 aligncenter\" src=\"https:\/\/littledreambrand.com\/wp-content\/uploads\/2024\/11\/Guia-Tallas-Camisetas-Little-Dream.png\" \/><\/p>\n<p style=\"text-align: center;\"><strong>Gu\u00eda de tallas Camiseta<br \/>\n<\/strong>A) Lenght B) Width<\/p>\n<p style=\"text-align: center;\">XS: Largo: 67cm Ancho: 48cm | S: Largo: 70cm Ancho: 50cm | M: Largo: 72cm Ancho: 53cm | L: Largo: 74cm Ancho: 56cm | XL: Largo: 76cm Ancho: 59cm | XXL: Largo: 78cm Ancho: 62cm<\/p>","protected":false},"excerpt":{"rendered":"<p>En estos tiempos que corren hoy en d\u00eda, es peligroso salir por ah\u00ed sin nada con lo que defenderse, as\u00ed que \u00bfpor qu\u00e9 no llevar esta camiseta?<\/p>\n<p>Primero de nuestros dise\u00f1os que fusiona dos grandes y m\u00edticas sagas como son <strong>Zelda<\/strong> y <strong>Pok\u00e9mon<\/strong>, para crear un dise\u00f1o \u00fanico.<\/p>\n<p>Inspirada en la famosa frase de <strong>The Legend of Zelda<\/strong>, &#8220;It&#8217;s dangerous to go alone, take this&#8221;, hemos a\u00f1adido en esta camiseta bordada un toque <strong>Pok\u00e9mon<\/strong> con las cl\u00e1sicas Pok\u00e9balls, convirti\u00e9ndolas en los objetos esenciales para tu pr\u00f3xima aventura.<\/p>\n<p>\u00a1No salgas a la calle sin tu Pok\u00e9ball y prep\u00e1rate para cualquier reto que se cruce en tu camino!<\/p>","protected":false},"featured_media":1790,"comment_status":"open","ping_status":"closed","template":"","meta":[],"product_brand":[],"product_cat":[31,19,32],"product_tag":[62,61,20],"class_list":{"0":"post-900","1":"product","2":"type-product","3":"status-publish","4":"has-post-thumbnail","6":"product_cat-anime","7":"product_cat-camisetas","8":"product_cat-videojuegos","9":"product_tag-anime","10":"product_tag-pokemon","11":"product_tag-videojuegos","13":"first","14":"instock","15":"taxable","16":"shipping-taxable","17":"purchasable","18":"product-type-variable","19":"has-default-attributes"},"aioseo_notices":[],"jetpack_sharing_enabled":true,"_links":{"self":[{"href":"https:\/\/littledreambrand.com\/en\/wp-json\/wp\/v2\/product\/900","targetHints":{"allow":["GET"]}}],"collection":[{"href":"https:\/\/littledreambrand.com\/en\/wp-json\/wp\/v2\/product"}],"about":[{"href":"https:\/\/littledreambrand.com\/en\/wp-json\/wp\/v2\/types\/product"}],"replies":[{"embeddable":true,"href":"https:\/\/littledreambrand.com\/en\/wp-json\/wp\/v2\/comments?post=900"}],"wp:featuredmedia":[{"embeddable":true,"href":"https:\/\/littledreambrand.com\/en\/wp-json\/wp\/v2\/media\/1790"}],"wp:attachment":[{"href":"https:\/\/littledreambrand.com\/en\/wp-json\/wp\/v2\/media?parent=900"}],"wp:term":[{"taxonomy":"product_brand","embeddable":true,"href":"https:\/\/littledreambrand.com\/en\/wp-json\/wp\/v2\/product_brand?post=900"},{"taxonomy":"product_cat","embeddable":true,"href":"https:\/\/littledreambrand.com\/en\/wp-json\/wp\/v2\/product_cat?post=900"},{"taxonomy":"product_tag","embeddable":true,"href":"https:\/\/littledreambrand.com\/en\/wp-json\/wp\/v2\/product_tag?post=900"}],"curies":[{"name":"wp","href":"https:\/\/api.w.org\/{rel}","templated":true}]}}