{"id":875,"date":"2024-11-14T13:42:02","date_gmt":"2024-11-14T12:42:02","guid":{"rendered":"https:\/\/littledreambrand.com\/?post_type=product&#038;p=875"},"modified":"2025-07-15T15:39:09","modified_gmt":"2025-07-15T13:39:09","slug":"camiseta-bordada-gondor","status":"publish","type":"product","link":"https:\/\/littledreambrand.com\/en\/product\/camiseta-bordada-gondor\/","title":{"rendered":"Embroidered T-Shirt - Gondor LOTR"},"content":{"rendered":"<h3 style=\"text-align: center;\"><strong>Find your perfect size!<\/strong><\/h3>\n<p style=\"text-align: center;\">Aseg\u00farate que tu camiseta te quede tan bien como un soldado de <strong>Gondor<\/strong> su armadura. Consulta la <strong>Gu\u00eda de Tallas<\/strong> que encontrar\u00e1s a continuaci\u00f3n y que la nobleza de la ciudad blanca te acompa\u00f1a dondequiera que vayas!<\/p>\n<p style=\"text-align: center;\"><strong>Consult the table below and find the size that best suits you.<\/strong> If you have any doubts, do not hesitate to ask us;<\/p>\n<p><img decoding=\"async\" class=\"wp-image-807 aligncenter\" src=\"https:\/\/littledreambrand.com\/wp-content\/uploads\/2024\/11\/Guia-Tallas-Camisetas-Little-Dream.png\" \/><\/p>\n<p style=\"text-align: center;\"><strong>Gu\u00eda de tallas Camiseta<br \/>\n<\/strong>A) Lenght B) Width<\/p>\n<p style=\"text-align: center;\">XS: Largo: 67cm Ancho: 48cm | S: Largo: 70cm Ancho: 50cm | M: Largo: 72cm Ancho: 53cm | L: Largo: 74cm Ancho: 56cm | XL: Largo: 76cm Ancho: 59cm | XXL: Largo: 78cm Ancho: 62cm<\/p>","protected":false},"excerpt":{"rendered":"<p>Lleva el s\u00edmbolo de la nobleza, la resistencia y la historia de la <strong>Tierra Media<\/strong> con esta camiseta bordada con el emblem\u00e1tico \u00e1rbol de <strong>Gondor<\/strong> en el pecho.<\/p>\n<p>Esta camiseta no solo es una prenda, sino un homenaje a la <strong>ciudad blanca<\/strong> y a todos los valientes que la defendieron. Ideal para cualquier fan\u00e1tico que quiera llevar consigo un pedazo de la historia de <strong>Gondor<\/strong>.<\/p>\n<p>Rinde pleites\u00eda con esta camiseta al rey del reino unificado Aragorn II. Larga vida al rey!<\/p>","protected":false},"featured_media":1226,"comment_status":"open","ping_status":"closed","template":"","meta":[],"product_brand":[],"product_cat":[19,34],"product_tag":[57,55,56,48],"class_list":{"0":"post-875","1":"product","2":"type-product","3":"status-publish","4":"has-post-thumbnail","6":"product_cat-camisetas","7":"product_cat-pelis-y-series","8":"product_tag-el-senor-de-los-anillos","9":"product_tag-gondor","10":"product_tag-lotr","11":"product_tag-pelis-y-series","13":"first","14":"instock","15":"taxable","16":"shipping-taxable","17":"purchasable","18":"product-type-variable","19":"has-default-attributes"},"aioseo_notices":[],"jetpack_sharing_enabled":true,"_links":{"self":[{"href":"https:\/\/littledreambrand.com\/en\/wp-json\/wp\/v2\/product\/875","targetHints":{"allow":["GET"]}}],"collection":[{"href":"https:\/\/littledreambrand.com\/en\/wp-json\/wp\/v2\/product"}],"about":[{"href":"https:\/\/littledreambrand.com\/en\/wp-json\/wp\/v2\/types\/product"}],"replies":[{"embeddable":true,"href":"https:\/\/littledreambrand.com\/en\/wp-json\/wp\/v2\/comments?post=875"}],"wp:featuredmedia":[{"embeddable":true,"href":"https:\/\/littledreambrand.com\/en\/wp-json\/wp\/v2\/media\/1226"}],"wp:attachment":[{"href":"https:\/\/littledreambrand.com\/en\/wp-json\/wp\/v2\/media?parent=875"}],"wp:term":[{"taxonomy":"product_brand","embeddable":true,"href":"https:\/\/littledreambrand.com\/en\/wp-json\/wp\/v2\/product_brand?post=875"},{"taxonomy":"product_cat","embeddable":true,"href":"https:\/\/littledreambrand.com\/en\/wp-json\/wp\/v2\/product_cat?post=875"},{"taxonomy":"product_tag","embeddable":true,"href":"https:\/\/littledreambrand.com\/en\/wp-json\/wp\/v2\/product_tag?post=875"}],"curies":[{"name":"wp","href":"https:\/\/api.w.org\/{rel}","templated":true}]}}