{"id":865,"date":"2024-11-14T13:04:15","date_gmt":"2024-11-14T12:04:15","guid":{"rendered":"https:\/\/littledreambrand.com\/?post_type=product&#038;p=865"},"modified":"2025-07-15T15:39:19","modified_gmt":"2025-07-15T13:39:19","slug":"camiseta-bordada-make-konami-great-again","status":"publish","type":"product","link":"https:\/\/littledreambrand.com\/en\/product\/camiseta-bordada-make-konami-great-again\/","title":{"rendered":"Embroidered T-Shirt - Make Konami Great Again"},"content":{"rendered":"<h3 style=\"text-align: center;\"><strong>Find your perfect size!<\/strong><\/h3>\n<p style=\"text-align: center;\">No solo queremos que luzc\u00e1is el mensaje de <strong>Make Konami Great Again<\/strong> al mundo con orgullo, lo primero de todo es que la camiseta os quede como a un Belmont un l\u00e1tigo, y para eso queremos que eches un vistazo a nuestra <strong>Gu\u00eda de Tallas.<\/strong><\/p>\n<p style=\"text-align: center;\">Da igual si eres mas de Castolo que de Solid Snake, lo importante es lucir tu camiseta con orgullo.<\/p>\n<p style=\"text-align: center;\"><strong>Consult the table below and find the size that best suits you.<\/strong> If you have any doubts, do not hesitate to ask us;<\/p>\n<p><img decoding=\"async\" class=\"wp-image-807 aligncenter\" src=\"https:\/\/littledreambrand.com\/wp-content\/uploads\/2024\/11\/Guia-Tallas-Camisetas-Little-Dream.png\" \/><\/p>\n<p style=\"text-align: center;\"><strong>Gu\u00eda de tallas Camiseta<br \/>\n<\/strong>A) Lenght B) Width<\/p>\n<p style=\"text-align: center;\">XS: Largo: 67cm Ancho: 48cm | S: Largo: 70cm Ancho: 50cm | M: Largo: 72cm Ancho: 53cm | L: Largo: 74cm Ancho: 56cm | XL: Largo: 76cm Ancho: 59cm | XXL: Largo: 78cm Ancho: 62cm<\/p>","protected":false},"excerpt":{"rendered":"<p>Al igual que Trump se inspir\u00f3 en Ronald Reagan para sus movidas, nosotros tambi\u00e9n vamos a hacer lo mismo.<\/p>\n<p>Konami, conocida por joyas como <strong>Metal Gear Solid<\/strong>, <strong>Castlevania<\/strong>, <strong>Pro Evolution Soccer<\/strong> y <strong>Silent Hill<\/strong>, ha dejado su legado atr\u00e1s para dedicarse a las pachinkos.<\/p>\n<p>En Little Dream queremos a la <strong>Konami<\/strong> que nos dio momentos \u00e9picos y defini\u00f3 generaciones de jugadores. Es por eso que lanzamos esta camiseta, con la intenci\u00f3n de crear una legi\u00f3n de jugones que ense\u00f1en al mundo lo que queremos.<\/p>\n<p>Adquiere una de nuestras camisetas <strong>Make Konami Great Again<\/strong> y \u00fanete a la campa\u00f1a que har\u00e1 cambiar la industria del videojuego!<\/p>","protected":false},"featured_media":1792,"comment_status":"open","ping_status":"closed","template":"","meta":[],"product_brand":[],"product_cat":[19,32],"product_tag":[53,54,20],"class_list":{"0":"post-865","1":"product","2":"type-product","3":"status-publish","4":"has-post-thumbnail","6":"product_cat-camisetas","7":"product_cat-videojuegos","8":"product_tag-konami","9":"product_tag-trump","10":"product_tag-videojuegos","12":"first","13":"instock","14":"taxable","15":"shipping-taxable","16":"purchasable","17":"product-type-variable","18":"has-default-attributes"},"aioseo_notices":[],"jetpack_sharing_enabled":true,"_links":{"self":[{"href":"https:\/\/littledreambrand.com\/en\/wp-json\/wp\/v2\/product\/865","targetHints":{"allow":["GET"]}}],"collection":[{"href":"https:\/\/littledreambrand.com\/en\/wp-json\/wp\/v2\/product"}],"about":[{"href":"https:\/\/littledreambrand.com\/en\/wp-json\/wp\/v2\/types\/product"}],"replies":[{"embeddable":true,"href":"https:\/\/littledreambrand.com\/en\/wp-json\/wp\/v2\/comments?post=865"}],"wp:featuredmedia":[{"embeddable":true,"href":"https:\/\/littledreambrand.com\/en\/wp-json\/wp\/v2\/media\/1792"}],"wp:attachment":[{"href":"https:\/\/littledreambrand.com\/en\/wp-json\/wp\/v2\/media?parent=865"}],"wp:term":[{"taxonomy":"product_brand","embeddable":true,"href":"https:\/\/littledreambrand.com\/en\/wp-json\/wp\/v2\/product_brand?post=865"},{"taxonomy":"product_cat","embeddable":true,"href":"https:\/\/littledreambrand.com\/en\/wp-json\/wp\/v2\/product_cat?post=865"},{"taxonomy":"product_tag","embeddable":true,"href":"https:\/\/littledreambrand.com\/en\/wp-json\/wp\/v2\/product_tag?post=865"}],"curies":[{"name":"wp","href":"https:\/\/api.w.org\/{rel}","templated":true}]}}