{"id":849,"date":"2024-11-14T12:28:30","date_gmt":"2024-11-14T11:28:30","guid":{"rendered":"https:\/\/littledreambrand.com\/?post_type=product&#038;p=849"},"modified":"2025-07-15T15:39:36","modified_gmt":"2025-07-15T13:39:36","slug":"camiseta-bordada-slinky-toy-story","status":"publish","type":"product","link":"https:\/\/littledreambrand.com\/en\/product\/camiseta-bordada-slinky-toy-story\/","title":{"rendered":"Embroidered T-Shirt - Slinky Toy Story"},"content":{"rendered":"<h3 style=\"text-align: center;\"><strong>Find your perfect size!<\/strong><\/h3>\n<p style=\"text-align: center;\">No queremos que tu<strong> camiseta de Slinky<\/strong> no se ajuste a tus necesidades y pase a ser un juguete roto como Wheezy o Joselito, por eso te invitamos a que mires la informaci\u00f3n que encontraras a continuaci\u00f3n para poder escoger bien y poder disfrutar de tu camiseta.<\/p>\n<p style=\"text-align: center;\"><strong>Consult the table below and find the size that best suits you.<\/strong> If you have any doubts, do not hesitate to ask us;<\/p>\n<p><img decoding=\"async\" class=\"wp-image-807 aligncenter\" src=\"https:\/\/littledreambrand.com\/wp-content\/uploads\/2024\/11\/Guia-Tallas-Camisetas-Little-Dream.png\" \/><\/p>\n<p style=\"text-align: center;\"><strong>Gu\u00eda de tallas Camiseta<br \/>\n<\/strong>A) Lenght B) Width<\/p>\n<p style=\"text-align: center;\">XS: Largo: 67cm Ancho: 48cm | S: Largo: 70cm Ancho: 50cm | M: Largo: 72cm Ancho: 53cm | L: Largo: 74cm Ancho: 56cm | XL: Largo: 76cm Ancho: 59cm | XXL: Largo: 78cm Ancho: 62cm<\/p>","protected":false},"excerpt":{"rendered":"<p>Muchas son las marcas de ropa con un perro salchicha, pero ninguna tiene al perro salchicha m\u00e1s adorable y conocido de todos, <strong>Slinky de Toy Story<\/strong> (por si hay alg\u00fan despistado por aqu\u00ed)<\/p>\n<p>Da igual si eres un sheriff del oeste o una intr\u00e9pida guardiana espacial, esta camiseta va a hacer que te sientas tan fiel y valiente como <strong>Slinky<\/strong>, siempre listo para acompa\u00f1ar a tus amigos en cualquier aventura.<\/p>\n<p>Con esta camiseta vas a sentir en tu propia piel que realmente <strong>hay un amigo en ti<\/strong> y podr\u00e1s llegar hasta el <strong>infinito y m\u00e1s all\u00e1<\/strong>.<\/p>","protected":false},"featured_media":3769,"comment_status":"open","ping_status":"closed","template":"","meta":[],"product_brand":[],"product_cat":[19,34],"product_tag":[48,50,49],"class_list":{"0":"post-849","1":"product","2":"type-product","3":"status-publish","4":"has-post-thumbnail","6":"product_cat-camisetas","7":"product_cat-pelis-y-series","8":"product_tag-pelis-y-series","9":"product_tag-slinky","10":"product_tag-toy-story","12":"first","13":"instock","14":"taxable","15":"shipping-taxable","16":"purchasable","17":"product-type-variable","18":"has-default-attributes"},"aioseo_notices":[],"jetpack_sharing_enabled":true,"_links":{"self":[{"href":"https:\/\/littledreambrand.com\/en\/wp-json\/wp\/v2\/product\/849","targetHints":{"allow":["GET"]}}],"collection":[{"href":"https:\/\/littledreambrand.com\/en\/wp-json\/wp\/v2\/product"}],"about":[{"href":"https:\/\/littledreambrand.com\/en\/wp-json\/wp\/v2\/types\/product"}],"replies":[{"embeddable":true,"href":"https:\/\/littledreambrand.com\/en\/wp-json\/wp\/v2\/comments?post=849"}],"wp:featuredmedia":[{"embeddable":true,"href":"https:\/\/littledreambrand.com\/en\/wp-json\/wp\/v2\/media\/3769"}],"wp:attachment":[{"href":"https:\/\/littledreambrand.com\/en\/wp-json\/wp\/v2\/media?parent=849"}],"wp:term":[{"taxonomy":"product_brand","embeddable":true,"href":"https:\/\/littledreambrand.com\/en\/wp-json\/wp\/v2\/product_brand?post=849"},{"taxonomy":"product_cat","embeddable":true,"href":"https:\/\/littledreambrand.com\/en\/wp-json\/wp\/v2\/product_cat?post=849"},{"taxonomy":"product_tag","embeddable":true,"href":"https:\/\/littledreambrand.com\/en\/wp-json\/wp\/v2\/product_tag?post=849"}],"curies":[{"name":"wp","href":"https:\/\/api.w.org\/{rel}","templated":true}]}}