{"id":839,"date":"2024-11-14T11:12:43","date_gmt":"2024-11-14T10:12:43","guid":{"rendered":"https:\/\/littledreambrand.com\/?post_type=product&#038;p=839"},"modified":"2025-07-15T15:39:45","modified_gmt":"2025-07-15T13:39:45","slug":"camiseta-bordada-homer-seto","status":"publish","type":"product","link":"https:\/\/littledreambrand.com\/en\/product\/camiseta-bordada-homer-seto\/","title":{"rendered":"Embroidered T-Shirt - Homer Bush"},"content":{"rendered":"<h3 style=\"text-align: center;\"><strong>Find your perfect size!<\/strong><\/h3>\n<p style=\"text-align: center;\">No queremos que os parezc\u00e1is a Krusty el Payaso con nuestra camiseta de <strong>Homer Seto<\/strong>, para ello echale un vistazo a nuestra Guia de tallas que hay a continuaci\u00f3n y haz que todo salga a pedir de Milhouse.<\/p>\n<p style=\"text-align: center;\"><strong>Consult the table below and find the size that best suits you.<\/strong> If you have any doubts, do not hesitate to ask us;<\/p>\n<p><img decoding=\"async\" class=\"wp-image-807 aligncenter\" src=\"https:\/\/littledreambrand.com\/wp-content\/uploads\/2024\/11\/Guia-Tallas-Camisetas-Little-Dream.png\" \/><\/p>\n<p style=\"text-align: center;\"><strong>Gu\u00eda de tallas Camiseta<br \/>\n<\/strong>A) Lenght B) Width<\/p>\n<p style=\"text-align: center;\">XS: Largo: 67cm Ancho: 48cm | S: Largo: 70cm Ancho: 50cm | M: Largo: 72cm Ancho: 53cm | L: Largo: 74cm Ancho: 56cm | XL: Largo: 76cm Ancho: 59cm | XXL: Largo: 78cm Ancho: 62cm<\/p>","protected":false},"excerpt":{"rendered":"<p>Qui\u00e9n de los que est\u00e1 aqu\u00ed no ha amado<strong> Los Simpson<\/strong> o <strong>Homer<\/strong> en alg\u00fan momento de su vida?<\/p>\n<p>Somos muchos los que tenemos grabados en nuestra mente momentos ic\u00f3nicos de<strong> Los Simpson<\/strong>. Es por eso que hemos querido plasmar en esta camiseta uno de los momentos y memes m\u00e1s celebres de <strong>Homer<\/strong>.<\/p>\n<p>La camiseta perfecta para esos d\u00edas en los que solo quieres esconderte del mundo pero tambi\u00e9n quieres llevar un pedazo de Springfield contigo.<\/p>\n<p><strong>Advertencia:<\/strong> con esta camiseta parecer\u00e1 como si no llevar\u00e1s nada.<\/p>","protected":false},"featured_media":3761,"comment_status":"open","ping_status":"closed","template":"","meta":[],"product_brand":[],"product_cat":[19,34],"product_tag":[47,48],"class_list":{"0":"post-839","1":"product","2":"type-product","3":"status-publish","4":"has-post-thumbnail","6":"product_cat-camisetas","7":"product_cat-pelis-y-series","8":"product_tag-los-simpson","9":"product_tag-pelis-y-series","11":"first","12":"instock","13":"taxable","14":"shipping-taxable","15":"purchasable","16":"product-type-variable"},"aioseo_notices":[],"jetpack_sharing_enabled":true,"_links":{"self":[{"href":"https:\/\/littledreambrand.com\/en\/wp-json\/wp\/v2\/product\/839","targetHints":{"allow":["GET"]}}],"collection":[{"href":"https:\/\/littledreambrand.com\/en\/wp-json\/wp\/v2\/product"}],"about":[{"href":"https:\/\/littledreambrand.com\/en\/wp-json\/wp\/v2\/types\/product"}],"replies":[{"embeddable":true,"href":"https:\/\/littledreambrand.com\/en\/wp-json\/wp\/v2\/comments?post=839"}],"wp:featuredmedia":[{"embeddable":true,"href":"https:\/\/littledreambrand.com\/en\/wp-json\/wp\/v2\/media\/3761"}],"wp:attachment":[{"href":"https:\/\/littledreambrand.com\/en\/wp-json\/wp\/v2\/media?parent=839"}],"wp:term":[{"taxonomy":"product_brand","embeddable":true,"href":"https:\/\/littledreambrand.com\/en\/wp-json\/wp\/v2\/product_brand?post=839"},{"taxonomy":"product_cat","embeddable":true,"href":"https:\/\/littledreambrand.com\/en\/wp-json\/wp\/v2\/product_cat?post=839"},{"taxonomy":"product_tag","embeddable":true,"href":"https:\/\/littledreambrand.com\/en\/wp-json\/wp\/v2\/product_tag?post=839"}],"curies":[{"name":"wp","href":"https:\/\/api.w.org\/{rel}","templated":true}]}}