{"id":815,"date":"2024-11-14T09:42:15","date_gmt":"2024-11-14T08:42:15","guid":{"rendered":"https:\/\/littledreambrand.com\/?post_type=product&#038;p=815"},"modified":"2025-07-15T15:39:52","modified_gmt":"2025-07-15T13:39:52","slug":"camiseta-bordada-harry-potter-gandalf","status":"publish","type":"product","link":"https:\/\/littledreambrand.com\/en\/product\/camiseta-bordada-harry-potter-gandalf\/","title":{"rendered":"Embroidered T-Shirt - Harry Potter Gandalf"},"content":{"rendered":"<h3 style=\"text-align: center;\"><strong>Commitment to quality and the environment<\/strong><\/h3>\n<p style=\"text-align: center;\">Each apparel in our embroidered clothing collection is made with the highest quality materials, guaranteeing not only a unique design, but also respect for the environment and your well-being.<\/p>\n<p><img loading=\"lazy\" decoding=\"async\" class=\"wp-image-1797 aligncenter\" src=\"https:\/\/littledreambrand.com\/wp-content\/uploads\/2024\/11\/Caracteristicas-Textil-Little-Dream-02-300x63.png\" alt=\"\" width=\"357\" height=\"75\" srcset=\"https:\/\/littledreambrand.com\/wp-content\/uploads\/2024\/11\/Caracteristicas-Textil-Little-Dream-02-300x63.png 300w, https:\/\/littledreambrand.com\/wp-content\/uploads\/2024\/11\/Caracteristicas-Textil-Little-Dream-02.png 345w\" sizes=\"auto, (max-width: 357px) 100vw, 357px\" \/><\/p>\n<p style=\"text-align: center;\"><strong>Organic Cotton:<\/strong> We use 100% organic cotton, grown without pesticides or chemicals, which not only promotes the health of the planet, but also offers a soft and comfortable texture for your skin.<\/p>\n<p style=\"text-align: center;\"><strong>Standard 100 by OEKO-TEX\u00ae:<\/strong> All our products are certified under the OEKO-TEX\u00ae Standard 100, which ensures that our textiles have undergone rigorous testing to guarantee that they do not contain substances harmful to health. Enjoy a apparel that is free of harmful chemicals and friendly to your skin.<\/p>\n<p style=\"text-align: center;\"><strong>PETA Approved Vegan:<\/strong> Our collection is 100% vegan, and is PETA approved. This means that each piece is free of animal-derived materials, being an ethical and respectful choice for animal rights.<\/p>\n<h3 style=\"text-align: center;\"><strong>Find your perfect size!<\/strong><\/h3>\n<p style=\"text-align: center;\">Para que tu <strong>camiseta de Harry Potter Gandalf<\/strong> te quede como a Gilderoy Lockhart una t\u00fanica reci\u00e9n planchada, te sugerimos echar un vistazo a nuestra <strong>Gu\u00eda de Tallas<\/strong>. Cada persona es \u00fanica, al igual que los magos y h\u00e9roes que conocemos, y es importante encontrar la talla que se ajuste a tu estilo personal.<\/p>\n<p style=\"text-align: center;\">No importa si eres un mago sabio como Gandalf o un\/a simple muggle, lo importante es lo que llevas dentro, \u00a1y estamos seguro que esta camiseta ser\u00e1 tu compa\u00f1era ideal en cualquier aventura!<\/p>\n<p style=\"text-align: center;\"><strong>Consult the table below and find the size that best suits you.<\/strong> If you have any doubts, do not hesitate to ask us;<\/p>\n<p><img decoding=\"async\" class=\"wp-image-807 aligncenter\" src=\"https:\/\/littledreambrand.com\/wp-content\/uploads\/2024\/11\/Guia-Tallas-Camisetas-Little-Dream.png\" \/><\/p>\n<p style=\"text-align: center;\"><strong>Gu\u00eda de tallas Camiseta<br \/>\n<\/strong>A) Lenght B) Width<\/p>\n<p style=\"text-align: center;\">XS: Largo: 67cm Ancho: 48cm | S: Largo: 70cm Ancho: 50cm | M: Largo: 72cm Ancho: 53cm | L: Largo: 74cm Ancho: 56cm | XL: Largo: 76cm Ancho: 59cm | XXL: Largo: 78cm Ancho: 62cm<\/p>","protected":false},"excerpt":{"rendered":"<p>Ni <strong>Dumbledore<\/strong> ni <strong>El Que No Debe Ser Nombrado<\/strong>, en Little Dream tenemos claro cual es el cromo del mago m\u00e1s importante de todos los tiempos, <strong>Gandalf<\/strong>.<\/p>\n<p>No pierdas el tiempo jugando al ajedrez m\u00e1gico o a los naipes explosivos, y hazte con una de estas camisetas exclusivas que todo buen fan de <strong>Harry Potter<\/strong> deber\u00eda de tener en su colecci\u00f3n.<\/p>\n<p>No trates de buscar esta edici\u00f3n limitada en Honeydukes o en Sortilegios Weasly, est\u00e1 camiseta se vende en exclusiva en <strong>Little Dream<\/strong>.<\/p>\n<p><strong>Aclaraci\u00f3n:<\/strong> No te preocupes porque en este caso <strong>Gandalf<\/strong> si se va a quedar todo el rato en el cromo.<\/p>\n<p><img loading=\"lazy\" decoding=\"async\" class=\"alignnone wp-image-1796 size-full\" src=\"https:\/\/littledreambrand.com\/wp-content\/uploads\/2024\/11\/Caracteristicas-Textil-Little-Dream-01.jpg\" alt=\"\" width=\"230\" height=\"48\" \/><br \/>\n<span style=\"font-size: small;\">100% algod\u00f3n biol\u00f3gico peinado<br \/>\nGris: 85 % Algod\u00f3n org\u00e1nico \/ 15 % viscosa<\/span><\/p>","protected":false},"featured_media":3775,"comment_status":"open","ping_status":"closed","template":"","meta":[],"product_brand":[],"product_cat":[19,34],"product_tag":[64,63,56,48,65],"class_list":{"0":"post-815","1":"product","2":"type-product","3":"status-publish","4":"has-post-thumbnail","6":"product_cat-camisetas","7":"product_cat-pelis-y-series","8":"product_tag-gandalf","9":"product_tag-harry-potter","10":"product_tag-lotr","11":"product_tag-pelis-y-series","12":"product_tag-rana-chocolate","14":"first","15":"instock","16":"taxable","17":"shipping-taxable","18":"purchasable","19":"product-type-variable"},"aioseo_notices":[],"jetpack_sharing_enabled":true,"_links":{"self":[{"href":"https:\/\/littledreambrand.com\/en\/wp-json\/wp\/v2\/product\/815","targetHints":{"allow":["GET"]}}],"collection":[{"href":"https:\/\/littledreambrand.com\/en\/wp-json\/wp\/v2\/product"}],"about":[{"href":"https:\/\/littledreambrand.com\/en\/wp-json\/wp\/v2\/types\/product"}],"replies":[{"embeddable":true,"href":"https:\/\/littledreambrand.com\/en\/wp-json\/wp\/v2\/comments?post=815"}],"wp:featuredmedia":[{"embeddable":true,"href":"https:\/\/littledreambrand.com\/en\/wp-json\/wp\/v2\/media\/3775"}],"wp:attachment":[{"href":"https:\/\/littledreambrand.com\/en\/wp-json\/wp\/v2\/media?parent=815"}],"wp:term":[{"taxonomy":"product_brand","embeddable":true,"href":"https:\/\/littledreambrand.com\/en\/wp-json\/wp\/v2\/product_brand?post=815"},{"taxonomy":"product_cat","embeddable":true,"href":"https:\/\/littledreambrand.com\/en\/wp-json\/wp\/v2\/product_cat?post=815"},{"taxonomy":"product_tag","embeddable":true,"href":"https:\/\/littledreambrand.com\/en\/wp-json\/wp\/v2\/product_tag?post=815"}],"curies":[{"name":"wp","href":"https:\/\/api.w.org\/{rel}","templated":true}]}}