{"id":5718,"date":"2025-06-18T17:57:06","date_gmt":"2025-06-18T15:57:06","guid":{"rendered":"https:\/\/littledreambrand.com\/?post_type=product&#038;p=5718"},"modified":"2025-06-18T18:00:39","modified_gmt":"2025-06-18T16:00:39","slug":"banador-bordado-skyrim-dovahkiin","status":"publish","type":"product","link":"https:\/\/littledreambrand.com\/en\/product\/banador-bordado-skyrim-dovahkiin\/","title":{"rendered":"Ba\u00f1ador Bordado &#8211; Skyrim Dovahkiin"},"content":{"rendered":"<h3 style=\"text-align: center;\"><strong>\u00a1Bordados que te acompa\u00f1an al agua!<\/strong><\/h3>\n<p class=\"\" style=\"text-align: center;\" data-start=\"205\" data-end=\"293\">Dise\u00f1ado para ofrecer comodidad y estilo, este ba\u00f1ador cuenta con:<\/p>\n<p class=\"\" style=\"text-align: center;\" data-start=\"297\" data-end=\"332\"><strong>\u00b7<\/strong> Dos bolsillos laterales pr\u00e1cticos | <strong>\u00b7<\/strong> Cord\u00f3n ajustable a tono para un ajuste personalizado | <strong>\u00b7<\/strong> Bolsillo trasero con tapeta y ojal de drenaje | <strong>\u00b7<\/strong> Aperturas laterales para mayor libertad de movimiento | <strong>\u00b7<\/strong> Costuras reforzadas con doble pespunte al tono | <strong>\u00b7<\/strong> Slip interior incorporado para mayor confort | <strong>\u00b7<\/strong> Forro de bolsillos en tejido calado, ligero y de secado r\u00e1pido<\/p>\n<p class=\"\" style=\"text-align: center;\" data-start=\"666\" data-end=\"784\">Perfecto para tus d\u00edas de playa o piscina, combinando funcionalidad y un toque artesanal con nuestros bordados \u00fanicos.<\/p>\n<h3 style=\"text-align: center;\"><strong>Find your perfect size!<\/strong><\/h3>\n<p style=\"text-align: center;\"><strong>Consult the table below and find the size that best suits you.<\/strong> If you have any doubts, do not hesitate to ask us;<\/p>\n<p style=\"text-align: center;\"><img loading=\"lazy\" decoding=\"async\" width=\"570\" height=\"89\" class=\"wp-image-5077 size-medium aligncenter\" src=\"https:\/\/littledreambrand.com\/wp-content\/uploads\/2025\/05\/Guia-Tallas-Banador-Little-Dream.png\" srcset=\"https:\/\/littledreambrand.com\/wp-content\/uploads\/2025\/05\/Guia-Tallas-Banador-Little-Dream.png 570w, https:\/\/littledreambrand.com\/wp-content\/uploads\/2025\/05\/Guia-Tallas-Banador-Little-Dream-300x47.png 300w, https:\/\/littledreambrand.com\/wp-content\/uploads\/2025\/05\/Guia-Tallas-Banador-Little-Dream-18x3.png 18w\" sizes=\"auto, (max-width: 570px) 100vw, 570px\" \/><\/p>\n<p style=\"text-align: center;\"><strong>Gu\u00eda de tallas Ba\u00f1ador<br \/>\n<\/strong>A) Ancho Cintura B) Largo<\/p>\n<p style=\"text-align: center;\">S: Ancho: 36cm Largo: 37cm | M: Ancho: 38cm Largo: 38cm | L: Ancho: 40cm Largo: 39cm | XL: Ancho: 42cm Largo: 40,5cm | XXL: Ancho: 44cm Largo: 42cm<\/p>","protected":false},"excerpt":{"rendered":"<p>\u00a1Bordados que te acompa\u00f1an al agua! Dise\u00f1ado para ofrecer comodidad y estilo, este ba\u00f1ador cuenta con: \u00b7 Dos bolsillos laterales pr\u00e1cticos | \u00b7 Cord\u00f3n ajustable a tono para un ajuste personalizado | \u00b7 Bolsillo trasero con tapeta y ojal de drenaje | \u00b7 Aperturas laterales para mayor libertad de movimiento | \u00b7 Costuras reforzadas con [&hellip;]<\/p>","protected":false},"featured_media":5727,"comment_status":"open","ping_status":"closed","template":"","meta":[],"product_brand":[],"product_cat":[664,32],"product_tag":[683,684,682,681,20],"class_list":{"0":"post-5718","1":"product","2":"type-product","3":"status-publish","4":"has-post-thumbnail","6":"product_cat-banadores","7":"product_cat-videojuegos","8":"product_tag-dovahkiin","9":"product_tag-dragonborn","10":"product_tag-elder-scrolls","11":"product_tag-skyrim","12":"product_tag-videojuegos","14":"first","15":"instock","16":"taxable","17":"shipping-taxable","18":"purchasable","19":"product-type-variable"},"aioseo_notices":[],"jetpack_sharing_enabled":true,"_links":{"self":[{"href":"https:\/\/littledreambrand.com\/en\/wp-json\/wp\/v2\/product\/5718","targetHints":{"allow":["GET"]}}],"collection":[{"href":"https:\/\/littledreambrand.com\/en\/wp-json\/wp\/v2\/product"}],"about":[{"href":"https:\/\/littledreambrand.com\/en\/wp-json\/wp\/v2\/types\/product"}],"replies":[{"embeddable":true,"href":"https:\/\/littledreambrand.com\/en\/wp-json\/wp\/v2\/comments?post=5718"}],"wp:featuredmedia":[{"embeddable":true,"href":"https:\/\/littledreambrand.com\/en\/wp-json\/wp\/v2\/media\/5727"}],"wp:attachment":[{"href":"https:\/\/littledreambrand.com\/en\/wp-json\/wp\/v2\/media?parent=5718"}],"wp:term":[{"taxonomy":"product_brand","embeddable":true,"href":"https:\/\/littledreambrand.com\/en\/wp-json\/wp\/v2\/product_brand?post=5718"},{"taxonomy":"product_cat","embeddable":true,"href":"https:\/\/littledreambrand.com\/en\/wp-json\/wp\/v2\/product_cat?post=5718"},{"taxonomy":"product_tag","embeddable":true,"href":"https:\/\/littledreambrand.com\/en\/wp-json\/wp\/v2\/product_tag?post=5718"}],"curies":[{"name":"wp","href":"https:\/\/api.w.org\/{rel}","templated":true}]}}