{"id":2958,"date":"2025-01-20T16:53:34","date_gmt":"2025-01-20T15:53:34","guid":{"rendered":"https:\/\/littledreambrand.com\/?post_type=product&#038;p=2958"},"modified":"2025-02-25T18:08:04","modified_gmt":"2025-02-25T17:08:04","slug":"sudadera-sin-capucha-bordada-ninos-homer-seto","status":"publish","type":"product","link":"https:\/\/littledreambrand.com\/en\/product\/sudadera-sin-capucha-bordada-ninos-homer-seto\/","title":{"rendered":"Kids Embroidered Sweatshirt - Homer Bush"},"content":{"rendered":"<h3 style=\"text-align: center;\"><strong>Commitment to quality and the environment<\/strong><\/h3>\n<p style=\"text-align: center;\">Each apparel in our embroidered clothing collection is made with the highest quality materials, guaranteeing not only a unique design, but also respect for the environment and your well-being.<\/p>\n<p><img loading=\"lazy\" decoding=\"async\" class=\"wp-image-1847 aligncenter\" src=\"https:\/\/littledreambrand.com\/wp-content\/uploads\/2024\/12\/Caracteristicas-Sudadera-Little-Dream-02-300x63.png\" alt=\"\" width=\"357\" height=\"75\" srcset=\"https:\/\/littledreambrand.com\/wp-content\/uploads\/2024\/12\/Caracteristicas-Sudadera-Little-Dream-02-300x63.png 300w, https:\/\/littledreambrand.com\/wp-content\/uploads\/2024\/12\/Caracteristicas-Sudadera-Little-Dream-02.png 345w\" sizes=\"auto, (max-width: 357px) 100vw, 357px\" \/><\/p>\n<p style=\"text-align: center;\"><strong>Standard 100 by OEKO-TEX\u00ae:<\/strong> All our products are certified under the OEKO-TEX\u00ae Standard 100, which ensures that our textiles have undergone rigorous testing to guarantee that they do not contain substances harmful to health. Enjoy a apparel that is free of harmful chemicals and friendly to your skin.<\/p>\n<p style=\"text-align: center;\"><strong>PETA Approved Vegan:<\/strong> Our collection is 100% vegan, and is PETA approved. This means that each piece is free of animal-derived materials, being an ethical and respectful choice for animal rights.<\/p>\n<h3 style=\"text-align: center;\"><strong>Find your perfect size!<\/strong><\/h3>\n<p style=\"text-align: center;\">No queremos que os parezc\u00e1is a Krusty el Payaso con nuestra sudadera de <strong>Homer Seto<\/strong>, para ello echale un vistazo a nuestra Guia de tallas que hay a continuaci\u00f3n y haz que todo salga a pedir de Milhouse.<\/p>\n<p style=\"text-align: center;\"><strong>Consult the table below and find the size that best suits you.<\/strong> If you have any doubts, do not hesitate to ask us;<\/p>\n<p><img loading=\"lazy\" decoding=\"async\" width=\"638\" height=\"89\" class=\"wp-image-2590 size-medium aligncenter\" src=\"https:\/\/littledreambrand.com\/wp-content\/uploads\/2025\/01\/Guia-Tallas-Sudaderas-Nino-Little-Dream.png\" srcset=\"https:\/\/littledreambrand.com\/wp-content\/uploads\/2025\/01\/Guia-Tallas-Sudaderas-Nino-Little-Dream.png 638w, https:\/\/littledreambrand.com\/wp-content\/uploads\/2025\/01\/Guia-Tallas-Sudaderas-Nino-Little-Dream-300x42.png 300w\" sizes=\"auto, (max-width: 638px) 100vw, 638px\" \/><\/p>\n<p style=\"text-align: center;\"><strong>Size guide sweatshirt<br \/>\n<\/strong>A) Lenght B) Width<\/p>\n<p style=\"text-align: center;\">4 a\u00f1os: Largo: 44cm Ancho: 36cm | 6 a\u00f1os: Largo: 49cm Ancho: 38cm | 8 a\u00f1os: Largo: 54cm Ancho: 41cm | 10 a\u00f1os: Largo: 58cm Ancho: 44cm | 12 a\u00f1os: Largo: 62cm Ancho: 47cm | 14 a\u00f1os: Largo: 65cm Ancho: 50cm<\/p>","protected":false},"excerpt":{"rendered":"<p>Qui\u00e9n de los que est\u00e1 aqu\u00ed no ha amado<strong> Los Simpson<\/strong> o <strong>Homer<\/strong> en alg\u00fan momento de su vida?<\/p>\n<p>Somos muchos los que tenemos grabados en nuestra mente momentos ic\u00f3nicos de<strong> Los Simpson<\/strong>. Es por eso que hemos querido plasmar en estasudadera uno de los momentos y memes m\u00e1s celebres de <strong>Homer<\/strong>.<\/p>\n<p>La sudadera perfecta para esos d\u00edas en los que solo quieres esconderte del mundo pero tambi\u00e9n quieres llevar un pedazo de Springfield contigo.<\/p>\n<p><strong>Advertencia:<\/strong> con esta sudadera parecer\u00e1 como si no llevar\u00e1s nada.<\/p>\n<p><img loading=\"lazy\" decoding=\"async\" class=\"alignnone wp-image-1848 size-full\" src=\"https:\/\/littledreambrand.com\/wp-content\/uploads\/2024\/12\/Caracteristicas-Sudaderas-Little-Dream-01.jpg\" alt=\"\" width=\"230\" height=\"48\" \/><br \/>\n<span style=\"font-size: small;\">80% algod\u00f3n &#8211; 20% poli\u00e9ster reciclado certificado GRS<br \/>\nGris: 73 % algod\u00f3n \/ 20 % poli\u00e9ster reciclado \/ 7 % viscosa<\/span><\/p>","protected":false},"featured_media":1693,"comment_status":"open","ping_status":"closed","template":"","meta":[],"product_brand":[],"product_cat":[553,34,551],"product_tag":[83,47,48],"class_list":{"0":"post-2958","1":"product","2":"type-product","3":"status-publish","4":"has-post-thumbnail","6":"product_cat-ninos","7":"product_cat-pelis-y-series","8":"product_cat-sudaderas-ninos","9":"product_tag-homer","10":"product_tag-los-simpson","11":"product_tag-pelis-y-series","13":"first","14":"instock","15":"taxable","16":"shipping-taxable","17":"purchasable","18":"product-type-variable"},"aioseo_notices":[],"jetpack_sharing_enabled":true,"_links":{"self":[{"href":"https:\/\/littledreambrand.com\/en\/wp-json\/wp\/v2\/product\/2958","targetHints":{"allow":["GET"]}}],"collection":[{"href":"https:\/\/littledreambrand.com\/en\/wp-json\/wp\/v2\/product"}],"about":[{"href":"https:\/\/littledreambrand.com\/en\/wp-json\/wp\/v2\/types\/product"}],"replies":[{"embeddable":true,"href":"https:\/\/littledreambrand.com\/en\/wp-json\/wp\/v2\/comments?post=2958"}],"wp:featuredmedia":[{"embeddable":true,"href":"https:\/\/littledreambrand.com\/en\/wp-json\/wp\/v2\/media\/1693"}],"wp:attachment":[{"href":"https:\/\/littledreambrand.com\/en\/wp-json\/wp\/v2\/media?parent=2958"}],"wp:term":[{"taxonomy":"product_brand","embeddable":true,"href":"https:\/\/littledreambrand.com\/en\/wp-json\/wp\/v2\/product_brand?post=2958"},{"taxonomy":"product_cat","embeddable":true,"href":"https:\/\/littledreambrand.com\/en\/wp-json\/wp\/v2\/product_cat?post=2958"},{"taxonomy":"product_tag","embeddable":true,"href":"https:\/\/littledreambrand.com\/en\/wp-json\/wp\/v2\/product_tag?post=2958"}],"curies":[{"name":"wp","href":"https:\/\/api.w.org\/{rel}","templated":true}]}}