{"id":2940,"date":"2025-01-20T15:54:20","date_gmt":"2025-01-20T14:54:20","guid":{"rendered":"https:\/\/littledreambrand.com\/?post_type=product&#038;p=2940"},"modified":"2025-02-25T18:10:47","modified_gmt":"2025-02-25T17:10:47","slug":"sudadera-sin-capucha-bordada-ninos-jordan-the-shot","status":"publish","type":"product","link":"https:\/\/littledreambrand.com\/en\/product\/sudadera-sin-capucha-bordada-ninos-jordan-the-shot\/","title":{"rendered":"Kids Embroidered Sweatshirt - Jordan The Shot"},"content":{"rendered":"<h3 style=\"text-align: center;\"><strong>Commitment to quality and the environment<\/strong><\/h3>\n<p style=\"text-align: center;\">Each apparel in our embroidered clothing collection is made with the highest quality materials, guaranteeing not only a unique design, but also respect for the environment and your well-being.<\/p>\n<p><img loading=\"lazy\" decoding=\"async\" class=\"wp-image-1847 aligncenter\" src=\"https:\/\/littledreambrand.com\/wp-content\/uploads\/2024\/12\/Caracteristicas-Sudadera-Little-Dream-02-300x63.png\" alt=\"\" width=\"357\" height=\"75\" srcset=\"https:\/\/littledreambrand.com\/wp-content\/uploads\/2024\/12\/Caracteristicas-Sudadera-Little-Dream-02-300x63.png 300w, https:\/\/littledreambrand.com\/wp-content\/uploads\/2024\/12\/Caracteristicas-Sudadera-Little-Dream-02.png 345w\" sizes=\"auto, (max-width: 357px) 100vw, 357px\" \/><\/p>\n<p style=\"text-align: center;\"><strong>Standard 100 by OEKO-TEX\u00ae:<\/strong> All our products are certified under the OEKO-TEX\u00ae Standard 100, which ensures that our textiles have undergone rigorous testing to guarantee that they do not contain substances harmful to health. Enjoy a apparel that is free of harmful chemicals and friendly to your skin.<\/p>\n<p style=\"text-align: center;\"><strong>PETA Approved Vegan:<\/strong> Our collection is 100% vegan, and is PETA approved. This means that each piece is free of animal-derived materials, being an ethical and respectful choice for animal rights.<\/p>\n<h3 style=\"text-align: center;\"><strong>Find your perfect size!<\/strong><\/h3>\n<p style=\"text-align: center;\">Si quieres que tu sudadera<strong> Jordan The Shot<\/strong> te quede como seis anillos al dedo, te sugerimos echar un vistazo a nuestra Gu\u00eda de Tallas. Queremos que todos luzc\u00e1is como unos aut\u00e9nticos MVP ya se en tu d\u00eda a d\u00eda o en un \u00faltimo baile.<\/p>\n<p style=\"text-align: center;\"><strong>Consult the table below and find the size that best suits you.<\/strong> If you have any doubts, do not hesitate to ask us;<\/p>\n<p><img loading=\"lazy\" decoding=\"async\" width=\"638\" height=\"89\" class=\"wp-image-2590 size-medium aligncenter\" src=\"https:\/\/littledreambrand.com\/wp-content\/uploads\/2025\/01\/Guia-Tallas-Sudaderas-Nino-Little-Dream.png\" srcset=\"https:\/\/littledreambrand.com\/wp-content\/uploads\/2025\/01\/Guia-Tallas-Sudaderas-Nino-Little-Dream.png 638w, https:\/\/littledreambrand.com\/wp-content\/uploads\/2025\/01\/Guia-Tallas-Sudaderas-Nino-Little-Dream-300x42.png 300w\" sizes=\"auto, (max-width: 638px) 100vw, 638px\" \/><\/p>\n<p style=\"text-align: center;\"><strong>Size guide sweatshirt<br \/>\n<\/strong>A) Lenght B) Width<\/p>\n<p style=\"text-align: center;\">4 a\u00f1os: Largo: 44cm Ancho: 36cm | 6 a\u00f1os: Largo: 49cm Ancho: 38cm | 8 a\u00f1os: Largo: 54cm Ancho: 41cm | 10 a\u00f1os: Largo: 58cm Ancho: 44cm | 12 a\u00f1os: Largo: 62cm Ancho: 47cm | 14 a\u00f1os: Largo: 65cm Ancho: 50cm<\/p>","protected":false},"excerpt":{"rendered":"<p>14 de junio de 1998, Delta Center, Salt Lake City. Bienvenidos al vuelo\u00a0<strong>n\u00famero 23<\/strong>, aerol\u00edneas\u00a0<strong>Jordan<\/strong>.<\/p>\n<p>Probablemente uno de los momentos m\u00e1s ic\u00f3nicos de la historia de la\u00a0<strong>NBA<\/strong> plasmado en una sudadera. Si eres fan de<strong>\u00a0Jordan<\/strong>\u00a0y de sus\u00a0<strong>Bulls<\/strong>, esta sudadera bordada tiene que formar parte de tu armario, si no, se convertir\u00e1 en algo personal.<\/p>\n<p>No seas como los Utah Jazz de Malone y Stockton, y no dejes escapar esta gran y \u00fanica oportunidad de tener la joya en tus manos.<\/p>\n<p>Como dijo un sabio: \u00a1Jordan, Jordan, Joooooordaaan! \u00a1Canasta, canasta, canasta, canasta! \u00a1Canasta de Michael\u2026!<\/p>\n<p><img loading=\"lazy\" decoding=\"async\" class=\"alignnone wp-image-1848 size-full\" src=\"https:\/\/littledreambrand.com\/wp-content\/uploads\/2024\/12\/Caracteristicas-Sudaderas-Little-Dream-01.jpg\" alt=\"\" width=\"230\" height=\"48\" \/><br \/>\n<span style=\"font-size: small;\">80% algod\u00f3n &#8211; 20% poli\u00e9ster reciclado certificado GRS<br \/>\nGris: 73 % algod\u00f3n \/ 20 % poli\u00e9ster reciclado \/ 7 % viscosa<\/span><\/p>","protected":false},"featured_media":1705,"comment_status":"open","ping_status":"closed","template":"","meta":[],"product_brand":[],"product_cat":[33,553,551],"product_tag":[73,71,74,72,75],"class_list":{"0":"post-2940","1":"product","2":"type-product","3":"status-publish","4":"has-post-thumbnail","6":"product_cat-deportes","7":"product_cat-ninos","8":"product_cat-sudaderas-ninos","9":"product_tag-bulls","10":"product_tag-deportes","11":"product_tag-goat","12":"product_tag-jordan","13":"product_tag-the-shot","15":"first","16":"instock","17":"taxable","18":"shipping-taxable","19":"purchasable","20":"product-type-variable"},"aioseo_notices":[],"jetpack_sharing_enabled":true,"_links":{"self":[{"href":"https:\/\/littledreambrand.com\/en\/wp-json\/wp\/v2\/product\/2940","targetHints":{"allow":["GET"]}}],"collection":[{"href":"https:\/\/littledreambrand.com\/en\/wp-json\/wp\/v2\/product"}],"about":[{"href":"https:\/\/littledreambrand.com\/en\/wp-json\/wp\/v2\/types\/product"}],"replies":[{"embeddable":true,"href":"https:\/\/littledreambrand.com\/en\/wp-json\/wp\/v2\/comments?post=2940"}],"wp:featuredmedia":[{"embeddable":true,"href":"https:\/\/littledreambrand.com\/en\/wp-json\/wp\/v2\/media\/1705"}],"wp:attachment":[{"href":"https:\/\/littledreambrand.com\/en\/wp-json\/wp\/v2\/media?parent=2940"}],"wp:term":[{"taxonomy":"product_brand","embeddable":true,"href":"https:\/\/littledreambrand.com\/en\/wp-json\/wp\/v2\/product_brand?post=2940"},{"taxonomy":"product_cat","embeddable":true,"href":"https:\/\/littledreambrand.com\/en\/wp-json\/wp\/v2\/product_cat?post=2940"},{"taxonomy":"product_tag","embeddable":true,"href":"https:\/\/littledreambrand.com\/en\/wp-json\/wp\/v2\/product_tag?post=2940"}],"curies":[{"name":"wp","href":"https:\/\/api.w.org\/{rel}","templated":true}]}}