{"id":2660,"date":"2025-01-17T15:28:10","date_gmt":"2025-01-17T14:28:10","guid":{"rendered":"https:\/\/littledreambrand.com\/?post_type=product&#038;p=2660"},"modified":"2025-02-25T17:26:56","modified_gmt":"2025-02-25T16:26:56","slug":"camiseta-bordada-ninos-wilson-naufrago","status":"publish","type":"product","link":"https:\/\/littledreambrand.com\/en\/product\/camiseta-bordada-ninos-wilson-naufrago\/","title":{"rendered":"Kids Embroidered T-Shirt - Wilson Cast Away"},"content":{"rendered":"<h3 style=\"text-align: center;\"><strong>Commitment to quality and the environment<\/strong><\/h3>\n<p style=\"text-align: center;\">Each apparel in our embroidered clothing collection is made with the highest quality materials, guaranteeing not only a unique design, but also respect for the environment and your well-being.<\/p>\n<p><img loading=\"lazy\" decoding=\"async\" width=\"537\" height=\"72\" class=\"wp-image-2621 size-medium aligncenter\" src=\"https:\/\/littledreambrand.com\/wp-content\/uploads\/2025\/01\/Caracteristicas-Camisetas-Ninos-Little-Dream.png\" alt=\"&quot;\/\" srcset=\"https:\/\/littledreambrand.com\/wp-content\/uploads\/2025\/01\/Caracteristicas-Camisetas-Ninos-Little-Dream.png 537w, https:\/\/littledreambrand.com\/wp-content\/uploads\/2025\/01\/Caracteristicas-Camisetas-Ninos-Little-Dream-300x40.png 300w\" sizes=\"auto, (max-width: 537px) 100vw, 537px\" \/><\/p>\n<p style=\"text-align: center;\"><strong>Organic Cotton:<\/strong> We use 100% organic cotton, grown without pesticides or chemicals, which not only promotes the health of the planet, but also offers a soft and comfortable texture for your skin.<\/p>\n<div class=\"group\/conversation-turn relative flex w-full min-w-0 flex-col agent-turn\">\n<div class=\"flex-col gap-1 md:gap-3\">\n<div class=\"flex max-w-full flex-col flex-grow\">\n<div class=\"min-h-8 text-message flex w-full flex-col items-end gap-2 whitespace-normal break-words text-start [.text-message+&amp;]:mt-5\" dir=\"auto\" data-message-author-role=\"assistant\" data-message-id=\"34f849a7-0d0b-408e-8c7e-ae96d74de838\" data-message-model-slug=\"gpt-4o-mini\">\n<div class=\"flex w-full flex-col gap-1 empty:hidden first:pt-[3px]\">\n<div class=\"markdown prose w-full break-words dark:prose-invert light\">\n<p style=\"text-align: center;\"><strong>Organic 100:<\/strong> El Est\u00e1ndar de Contenido Org\u00e1nico (OCS) es un est\u00e1ndar internacional y voluntario que asegura la identidad del contenido de fibra\/material org\u00e1nico a lo largo de todo el proceso de producci\u00f3n, desde la granja hasta el producto final. Un organismo de certificaci\u00f3n profesional y externo audita cada etapa de la cadena de suministro. Los productos certificados bajo el OCS 100 deben contener al menos un 95% de material org\u00e1nico.<\/p>\n<\/div>\n<\/div>\n<\/div>\n<\/div>\n<\/div>\n<\/div>\n<p style=\"text-align: center;\"><strong>Standard 100 by OEKO-TEX\u00ae:<\/strong> All our products are certified under the OEKO-TEX\u00ae Standard 100, which ensures that our textiles have undergone rigorous testing to guarantee that they do not contain substances harmful to health. Enjoy a apparel that is free of harmful chemicals and friendly to your skin.<\/p>\n<p style=\"text-align: center;\"><strong>Higg Index:<\/strong> Herramientas para la medici\u00f3n estandarizada de la sostenibilidad de la cadena de valor. Dentro de nuestra iniciativa wear&amp;care, estamos trabajando para hacer m\u00e1s transparente la informaci\u00f3n sostenible junto con el \u00cdndice Higg.<\/p>\n<p style=\"text-align: center;\"><strong>PETA Approved Vegan:<\/strong> Our collection is 100% vegan, and is PETA approved. This means that each piece is free of animal-derived materials, being an ethical and respectful choice for animal rights.<\/p>\n<h3 style=\"text-align: center;\"><strong>Find your perfect size!<\/strong><\/h3>\n<p style=\"text-align: center;\"><strong>Consult the table below and find the size that best suits you.<\/strong> If you have any doubts, do not hesitate to ask us;<\/p>\n<p><img loading=\"lazy\" decoding=\"async\" class=\"aligncenter wp-image-807\" src=\"https:\/\/littledreambrand.com\/wp-content\/uploads\/2025\/01\/Guia-Tallas-Camisetas-Nino-Little-Dream.png\" alt=\"\" width=\"638\" height=\"89\" \/><\/p>\n<p style=\"text-align: center;\"><strong>Gu\u00eda de tallas Camiseta<br \/>\n<\/strong>A) Lenght B) Width<\/p>\n<p style=\"text-align: center;\">2 a\u00f1os: Largo: 39cm Ancho: 26cm | 4 a\u00f1os: Largo: 42cm Ancho: 29cm | 6 a\u00f1os: Largo: 45cm Ancho: 32cm | 8 a\u00f1os: Largo: 48cm Ancho: 35cm | 10 a\u00f1os: Largo: 51cm Ancho: 38cm | 12 a\u00f1os: Largo: 54cm Ancho: 41cm<\/p>","protected":false},"excerpt":{"rendered":"<p><img loading=\"lazy\" decoding=\"async\" class=\"alignnone wp-image-2621 size-medium\" src=\"https:\/\/littledreambrand.com\/wp-content\/uploads\/2025\/01\/Caracteristicas-Camisetas-Ninos-Little-Dream-300x40.png\" alt=\"\" width=\"300\" height=\"40\" srcset=\"https:\/\/littledreambrand.com\/wp-content\/uploads\/2025\/01\/Caracteristicas-Camisetas-Ninos-Little-Dream-300x40.png 300w, https:\/\/littledreambrand.com\/wp-content\/uploads\/2025\/01\/Caracteristicas-Camisetas-Ninos-Little-Dream.png 537w\" sizes=\"auto, (max-width: 300px) 100vw, 300px\" \/><br \/>\n<span style=\"font-size: small;\">100% algod\u00f3n org\u00e1nico<br \/>\nEnriquecido mediante un tratamiento enzim\u00e1tico para un tacto m\u00e1s suave<br \/>\n<\/span><span style=\"font-size: small;\">Gris: 85 % Algod\u00f3n org\u00e1nico \/ 15 % viscosa<\/span><\/p>","protected":false},"featured_media":1789,"comment_status":"open","ping_status":"closed","template":"","meta":[],"product_brand":[],"product_cat":[550,553,34],"product_tag":[90,48,89],"class_list":{"0":"post-2660","1":"product","2":"type-product","3":"status-publish","4":"has-post-thumbnail","6":"product_cat-camisetas-ninos","7":"product_cat-ninos","8":"product_cat-pelis-y-series","9":"product_tag-naufrago","10":"product_tag-pelis-y-series","11":"product_tag-wilson","13":"first","14":"instock","15":"taxable","16":"shipping-taxable","17":"purchasable","18":"product-type-variable","19":"has-default-attributes"},"aioseo_notices":[],"jetpack_sharing_enabled":true,"_links":{"self":[{"href":"https:\/\/littledreambrand.com\/en\/wp-json\/wp\/v2\/product\/2660","targetHints":{"allow":["GET"]}}],"collection":[{"href":"https:\/\/littledreambrand.com\/en\/wp-json\/wp\/v2\/product"}],"about":[{"href":"https:\/\/littledreambrand.com\/en\/wp-json\/wp\/v2\/types\/product"}],"replies":[{"embeddable":true,"href":"https:\/\/littledreambrand.com\/en\/wp-json\/wp\/v2\/comments?post=2660"}],"wp:featuredmedia":[{"embeddable":true,"href":"https:\/\/littledreambrand.com\/en\/wp-json\/wp\/v2\/media\/1789"}],"wp:attachment":[{"href":"https:\/\/littledreambrand.com\/en\/wp-json\/wp\/v2\/media?parent=2660"}],"wp:term":[{"taxonomy":"product_brand","embeddable":true,"href":"https:\/\/littledreambrand.com\/en\/wp-json\/wp\/v2\/product_brand?post=2660"},{"taxonomy":"product_cat","embeddable":true,"href":"https:\/\/littledreambrand.com\/en\/wp-json\/wp\/v2\/product_cat?post=2660"},{"taxonomy":"product_tag","embeddable":true,"href":"https:\/\/littledreambrand.com\/en\/wp-json\/wp\/v2\/product_tag?post=2660"}],"curies":[{"name":"wp","href":"https:\/\/api.w.org\/{rel}","templated":true}]}}