{"id":2635,"date":"2025-01-16T18:11:46","date_gmt":"2025-01-16T17:11:46","guid":{"rendered":"https:\/\/littledreambrand.com\/?post_type=product&#038;p=2635"},"modified":"2025-02-25T17:28:08","modified_gmt":"2025-02-25T16:28:08","slug":"camiseta-bordada-ninos-air-herc","status":"publish","type":"product","link":"https:\/\/littledreambrand.com\/en\/product\/camiseta-bordada-ninos-air-herc\/","title":{"rendered":"Kids Embroidered T-Shirt - Air Herc"},"content":{"rendered":"<h3 style=\"text-align: center;\"><strong>Commitment to quality and the environment<\/strong><\/h3>\n<p style=\"text-align: center;\">Each apparel in our embroidered clothing collection is made with the highest quality materials, guaranteeing not only a unique design, but also respect for the environment and your well-being.<\/p>\n<p><img loading=\"lazy\" decoding=\"async\" width=\"537\" height=\"72\" class=\"wp-image-2621 size-medium aligncenter\" src=\"https:\/\/littledreambrand.com\/wp-content\/uploads\/2025\/01\/Caracteristicas-Camisetas-Ninos-Little-Dream.png\" alt=\"&quot;\/\" srcset=\"https:\/\/littledreambrand.com\/wp-content\/uploads\/2025\/01\/Caracteristicas-Camisetas-Ninos-Little-Dream.png 537w, https:\/\/littledreambrand.com\/wp-content\/uploads\/2025\/01\/Caracteristicas-Camisetas-Ninos-Little-Dream-300x40.png 300w\" sizes=\"auto, (max-width: 537px) 100vw, 537px\" \/><\/p>\n<p style=\"text-align: center;\"><strong>Organic Cotton:<\/strong> We use 100% organic cotton, grown without pesticides or chemicals, which not only promotes the health of the planet, but also offers a soft and comfortable texture for your skin.<\/p>\n<div class=\"group\/conversation-turn relative flex w-full min-w-0 flex-col agent-turn\">\n<div class=\"flex-col gap-1 md:gap-3\">\n<div class=\"flex max-w-full flex-col flex-grow\">\n<div class=\"min-h-8 text-message flex w-full flex-col items-end gap-2 whitespace-normal break-words text-start [.text-message+&amp;]:mt-5\" dir=\"auto\" data-message-author-role=\"assistant\" data-message-id=\"34f849a7-0d0b-408e-8c7e-ae96d74de838\" data-message-model-slug=\"gpt-4o-mini\">\n<div class=\"flex w-full flex-col gap-1 empty:hidden first:pt-[3px]\">\n<div class=\"markdown prose w-full break-words dark:prose-invert light\">\n<p style=\"text-align: center;\"><strong>Organic 100:<\/strong> El Est\u00e1ndar de Contenido Org\u00e1nico (OCS) es un est\u00e1ndar internacional y voluntario que asegura la identidad del contenido de fibra\/material org\u00e1nico a lo largo de todo el proceso de producci\u00f3n, desde la granja hasta el producto final. Un organismo de certificaci\u00f3n profesional y externo audita cada etapa de la cadena de suministro. Los productos certificados bajo el OCS 100 deben contener al menos un 95% de material org\u00e1nico.<\/p>\n<\/div>\n<\/div>\n<\/div>\n<\/div>\n<\/div>\n<\/div>\n<p style=\"text-align: center;\"><strong>Standard 100 by OEKO-TEX\u00ae:<\/strong> All our products are certified under the OEKO-TEX\u00ae Standard 100, which ensures that our textiles have undergone rigorous testing to guarantee that they do not contain substances harmful to health. Enjoy a apparel that is free of harmful chemicals and friendly to your skin.<\/p>\n<p style=\"text-align: center;\"><strong>Higg Index:<\/strong> Herramientas para la medici\u00f3n estandarizada de la sostenibilidad de la cadena de valor. Dentro de nuestra iniciativa wear&amp;care, estamos trabajando para hacer m\u00e1s transparente la informaci\u00f3n sostenible junto con el \u00cdndice Higg.<\/p>\n<p style=\"text-align: center;\"><strong>PETA Approved Vegan:<\/strong> Our collection is 100% vegan, and is PETA approved. This means that each piece is free of animal-derived materials, being an ethical and respectful choice for animal rights.<\/p>\n<h3 style=\"text-align: center;\"><strong>Find your perfect size!<\/strong><\/h3>\n<p style=\"text-align: center;\">Para asegurarte de que tu <strong>camiseta bordada<\/strong> <strong>Air Herc<\/strong> te quede como un guante, te recomendamos consultar nuestra <strong>Gu\u00eda de Tallas<\/strong>. Cada h\u00e9roe y hero\u00edna tiene su propio tama\u00f1o, \u00a1y es hora de que descubras cu\u00e1l es el tuyo!<\/p>\n<p style=\"text-align: center;\">Recuerda: &#8220;Un verdadero h\u00e9roe o hero\u00edna no mide su fuerza por su tama\u00f1o, sino por su coraz\u00f3n&#8221;, as\u00ed que no importa si eres un semidi\u00f3s o semidiosa en entrenamiento o un\/a mortal con ganas de estilo, esta camiseta ser\u00e1 tu nueva armadura.<\/p>\n<p style=\"text-align: center;\"><strong>Consult the table below and find the size that best suits you.<\/strong> If you have any doubts, do not hesitate to ask us;<\/p>\n<p><img loading=\"lazy\" decoding=\"async\" class=\"aligncenter wp-image-807\" src=\"https:\/\/littledreambrand.com\/wp-content\/uploads\/2025\/01\/Guia-Tallas-Camisetas-Nino-Little-Dream.png\" alt=\"\" width=\"638\" height=\"89\" \/><\/p>\n<p style=\"text-align: center;\"><strong>Gu\u00eda de tallas Camiseta<br \/>\n<\/strong>A) Lenght B) Width<\/p>\n<p style=\"text-align: center;\">2 a\u00f1os: Largo: 39cm Ancho: 26cm | 4 a\u00f1os: Largo: 42cm Ancho: 29cm | 6 a\u00f1os: Largo: 45cm Ancho: 32cm | 8 a\u00f1os: Largo: 48cm Ancho: 35cm | 10 a\u00f1os: Largo: 51cm Ancho: 38cm | 12 a\u00f1os: Largo: 54cm Ancho: 41cm<\/p>","protected":false},"excerpt":{"rendered":"<p>\u00a1Llega por fin a nuestro pa\u00eds, y de nuestra mano, el merchandising que mola mogoll\u00f3n de la marca de ropa que est\u00e1 arrasando en la antigua Grecia: <strong>Air Herc!<\/strong><\/p>\n<p>\u00bfQuieres ir por la calle y que digan: <em>&#8220;\u00a1Ah\u00ed va el chico de Fil!&#8221;<\/em>? Date la oportunidad de alcanzar tu plenitud y empieza a sentirte y vestirte como un aut\u00e9ntico h\u00e9roe o hero\u00edna con esta camiseta bordada. \u00a1Y prep\u00e1rate para rivalizar con los mism\u00edsimos <strong>Afrodita<\/strong> y <strong>Apolo<\/strong>!<\/p>\n<p><strong>Advertencia<\/strong>: Vestirse con esta camiseta puede generar tal fervor que, a tu lado, el vapor sea hielo.<\/p>\n<p><img loading=\"lazy\" decoding=\"async\" class=\"alignnone wp-image-2621 size-medium\" src=\"https:\/\/littledreambrand.com\/wp-content\/uploads\/2025\/01\/Caracteristicas-Camisetas-Ninos-Little-Dream-300x40.png\" alt=\"\" width=\"300\" height=\"40\" srcset=\"https:\/\/littledreambrand.com\/wp-content\/uploads\/2025\/01\/Caracteristicas-Camisetas-Ninos-Little-Dream-300x40.png 300w, https:\/\/littledreambrand.com\/wp-content\/uploads\/2025\/01\/Caracteristicas-Camisetas-Ninos-Little-Dream.png 537w\" sizes=\"auto, (max-width: 300px) 100vw, 300px\" \/><br \/>\n<span style=\"font-size: small;\">100% algod\u00f3n org\u00e1nico<br \/>\nEnriquecido mediante un tratamiento enzim\u00e1tico para un tacto m\u00e1s suave<br \/>\n<\/span><span style=\"font-size: small;\">Gris: 85 % Algod\u00f3n org\u00e1nico \/ 15 % viscosa<br \/>\n<\/span><span style=\"font-size: small;\">Verde claro: 60 % Algod\u00f3n org\u00e1nico \/ 40 % poli\u00e9ster reciclado<\/span><\/p>","protected":false},"featured_media":1793,"comment_status":"open","ping_status":"closed","template":"","meta":[],"product_brand":[],"product_cat":[550,553,34],"product_tag":[58,60,59,48],"class_list":{"0":"post-2635","1":"product","2":"type-product","3":"status-publish","4":"has-post-thumbnail","6":"product_cat-camisetas-ninos","7":"product_cat-ninos","8":"product_cat-pelis-y-series","9":"product_tag-air-herc","10":"product_tag-disney","11":"product_tag-hercules","12":"product_tag-pelis-y-series","14":"first","15":"instock","16":"taxable","17":"shipping-taxable","18":"purchasable","19":"product-type-variable","20":"has-default-attributes"},"aioseo_notices":[],"jetpack_sharing_enabled":true,"_links":{"self":[{"href":"https:\/\/littledreambrand.com\/en\/wp-json\/wp\/v2\/product\/2635","targetHints":{"allow":["GET"]}}],"collection":[{"href":"https:\/\/littledreambrand.com\/en\/wp-json\/wp\/v2\/product"}],"about":[{"href":"https:\/\/littledreambrand.com\/en\/wp-json\/wp\/v2\/types\/product"}],"replies":[{"embeddable":true,"href":"https:\/\/littledreambrand.com\/en\/wp-json\/wp\/v2\/comments?post=2635"}],"wp:featuredmedia":[{"embeddable":true,"href":"https:\/\/littledreambrand.com\/en\/wp-json\/wp\/v2\/media\/1793"}],"wp:attachment":[{"href":"https:\/\/littledreambrand.com\/en\/wp-json\/wp\/v2\/media?parent=2635"}],"wp:term":[{"taxonomy":"product_brand","embeddable":true,"href":"https:\/\/littledreambrand.com\/en\/wp-json\/wp\/v2\/product_brand?post=2635"},{"taxonomy":"product_cat","embeddable":true,"href":"https:\/\/littledreambrand.com\/en\/wp-json\/wp\/v2\/product_cat?post=2635"},{"taxonomy":"product_tag","embeddable":true,"href":"https:\/\/littledreambrand.com\/en\/wp-json\/wp\/v2\/product_tag?post=2635"}],"curies":[{"name":"wp","href":"https:\/\/api.w.org\/{rel}","templated":true}]}}