{"id":1257,"date":"2024-11-19T13:50:19","date_gmt":"2024-11-19T12:50:19","guid":{"rendered":"https:\/\/littledreambrand.com\/?post_type=product&#038;p=1257"},"modified":"2025-07-20T18:29:44","modified_gmt":"2025-07-20T16:29:44","slug":"sudadera-con-capucha-bordada-jordan-the-shot","status":"publish","type":"product","link":"https:\/\/littledreambrand.com\/en\/product\/sudadera-con-capucha-bordada-jordan-the-shot\/","title":{"rendered":"Embroidered Hoodie - Jordan The Shot"},"content":{"rendered":"<h3 style=\"text-align: center;\"><strong>Commitment to quality and the environment<\/strong><\/h3>\n<p style=\"text-align: center;\">Each apparel in our embroidered clothing collection is made with the highest quality materials, guaranteeing not only a unique design, but also respect for the environment and your well-being.<\/p>\n<p><img loading=\"lazy\" decoding=\"async\" class=\"wp-image-1855 size-full aligncenter\" src=\"https:\/\/littledreambrand.com\/wp-content\/uploads\/2024\/12\/Caracteristicas-Sudadera-Capucha-Little-Dream-02.png\" alt=\"\" width=\"431\" height=\"72\" srcset=\"https:\/\/littledreambrand.com\/wp-content\/uploads\/2024\/12\/Caracteristicas-Sudadera-Capucha-Little-Dream-02.png 431w, https:\/\/littledreambrand.com\/wp-content\/uploads\/2024\/12\/Caracteristicas-Sudadera-Capucha-Little-Dream-02-300x50.png 300w\" sizes=\"auto, (max-width: 431px) 100vw, 431px\" \/><\/p>\n<p style=\"text-align: center;\"><strong>Mezcla Org\u00e1nica:<\/strong> La Norma de Contenido Org\u00e1nico (OCS) es una certificaci\u00f3n internacional y opcional que asegura que un producto mantiene su identidad de fibra o material org\u00e1nico a lo largo de todo el proceso de producci\u00f3n, desde la finca hasta el producto final. Un organismo de certificaci\u00f3n independiente se encarga de auditar cada fase de la cadena de suministro. Los productos que llevan la etiqueta OCS BLENDED deben contener al menos un 5% de materia org\u00e1nica.<\/p>\n<p style=\"text-align: center;\"><strong>Standard 100 by OEKO-TEX\u00ae:<\/strong> All our products are certified under the OEKO-TEX\u00ae Standard 100, which ensures that our textiles have undergone rigorous testing to guarantee that they do not contain substances harmful to health. Enjoy a apparel that is free of harmful chemicals and friendly to your skin.<\/p>\n<p style=\"text-align: center;\"><strong>PETA Approved Vegan:<\/strong> Our collection is 100% vegan, and is PETA approved. This means that each piece is free of animal-derived materials, being an ethical and respectful choice for animal rights.<\/p>\n<h3 style=\"text-align: center;\"><strong>Find your perfect size!<\/strong><\/h3>\n<p style=\"text-align: center;\">Si quieres que tu sudadera<strong> Jordan The Shot<\/strong> te quede como seis anillos al dedo, te sugerimos echar un vistazo a nuestra Gu\u00eda de Tallas. Queremos que todos luzc\u00e1is como unos aut\u00e9nticos MVP ya se en tu d\u00eda a d\u00eda o en un \u00faltimo baile.<\/p>\n<p style=\"text-align: center;\"><strong>Consult the table below and find the size that best suits you.<\/strong> If you have any doubts, do not hesitate to ask us;<\/p>\n<p><img loading=\"lazy\" decoding=\"async\" width=\"638\" height=\"89\" class=\"wp-image-2586 size-medium aligncenter\" src=\"https:\/\/littledreambrand.com\/wp-content\/uploads\/2025\/01\/Guia-Tallas-Sudaderas-con-Capucha-Little-Dream-02.png\" srcset=\"https:\/\/littledreambrand.com\/wp-content\/uploads\/2025\/01\/Guia-Tallas-Sudaderas-con-Capucha-Little-Dream-02.png 638w, https:\/\/littledreambrand.com\/wp-content\/uploads\/2025\/01\/Guia-Tallas-Sudaderas-con-Capucha-Little-Dream-02-300x42.png 300w\" sizes=\"auto, (max-width: 638px) 100vw, 638px\" \/><\/p>\n<p style=\"text-align: center;\"><strong>Gu\u00eda de tallas Sudadera con capucha<br \/>\n<\/strong>A) Lenght B) Width<\/p>\n<p style=\"text-align: center;\">XS: Largo: 65cm Ancho: 49cm | S: Largo: 68cm Ancho: 52cm | M: Largo: 69cm Ancho: 55cm | L: Largo: 70cm Ancho: 58cm | XL: Largo: 71cm Ancho: 61cm | XXL: Largo: 72cm Ancho: 64cm<\/p>","protected":false},"excerpt":{"rendered":"<p>14 de junio de 1998, Delta Center, Salt Lake City. Bienvenidos al vuelo\u00a0<strong>n\u00famero 23<\/strong>, aerol\u00edneas\u00a0<strong>Jordan<\/strong>.<\/p>\n<p>Probablemente uno de los momentos m\u00e1s ic\u00f3nicos de la historia de la\u00a0<strong>NBA<\/strong> plasmado en una sudadera. Si eres fan de<strong>\u00a0Jordan<\/strong>\u00a0y de sus\u00a0<strong>Bulls<\/strong>, esta sudadera bordada tiene que formar parte de tu armario, si no, se convertir\u00e1 en algo personal.<\/p>\n<p>No seas como los Utah Jazz de Malone y Stockton, y no dejes escapar esta gran y \u00fanica oportunidad de tener la joya en tus manos.<\/p>\n<p>Como dijo un sabio: \u00a1Jordan, Jordan, Joooooordaaan! \u00a1Canasta, canasta, canasta, canasta! \u00a1Canasta de Michael\u2026!<\/p>\n<p><img loading=\"lazy\" decoding=\"async\" class=\"alignnone wp-image-1854 size-full\" src=\"https:\/\/littledreambrand.com\/wp-content\/uploads\/2024\/12\/Caracteristicas-Sudadera-Capucha-Little-Dream-01.png\" alt=\"\" width=\"287\" height=\"48\" \/><br \/>\n<span style=\"font-size: small;\">80% algod\u00f3n biol\u00f3gico &#8211; 20% poli\u00e9ster reciclado<br \/>\n75 % Algod\u00f3n org\u00e1nico \/ 20 % poli\u00e9ster reciclado \/ 5 % viscosa<\/span><\/p>","protected":false},"featured_media":1706,"comment_status":"open","ping_status":"closed","template":"","meta":[],"product_brand":[],"product_cat":[33,36],"product_tag":[73,71,74,72,75],"class_list":{"0":"post-1257","1":"product","2":"type-product","3":"status-publish","4":"has-post-thumbnail","6":"product_cat-deportes","7":"product_cat-sudaderas-con-capucha","8":"product_tag-bulls","9":"product_tag-deportes","10":"product_tag-goat","11":"product_tag-jordan","12":"product_tag-the-shot","14":"first","15":"instock","16":"taxable","17":"shipping-taxable","18":"purchasable","19":"product-type-variable"},"aioseo_notices":[],"jetpack_sharing_enabled":true,"_links":{"self":[{"href":"https:\/\/littledreambrand.com\/en\/wp-json\/wp\/v2\/product\/1257","targetHints":{"allow":["GET"]}}],"collection":[{"href":"https:\/\/littledreambrand.com\/en\/wp-json\/wp\/v2\/product"}],"about":[{"href":"https:\/\/littledreambrand.com\/en\/wp-json\/wp\/v2\/types\/product"}],"replies":[{"embeddable":true,"href":"https:\/\/littledreambrand.com\/en\/wp-json\/wp\/v2\/comments?post=1257"}],"wp:featuredmedia":[{"embeddable":true,"href":"https:\/\/littledreambrand.com\/en\/wp-json\/wp\/v2\/media\/1706"}],"wp:attachment":[{"href":"https:\/\/littledreambrand.com\/en\/wp-json\/wp\/v2\/media?parent=1257"}],"wp:term":[{"taxonomy":"product_brand","embeddable":true,"href":"https:\/\/littledreambrand.com\/en\/wp-json\/wp\/v2\/product_brand?post=1257"},{"taxonomy":"product_cat","embeddable":true,"href":"https:\/\/littledreambrand.com\/en\/wp-json\/wp\/v2\/product_cat?post=1257"},{"taxonomy":"product_tag","embeddable":true,"href":"https:\/\/littledreambrand.com\/en\/wp-json\/wp\/v2\/product_tag?post=1257"}],"curies":[{"name":"wp","href":"https:\/\/api.w.org\/{rel}","templated":true}]}}