{"id":1144,"date":"2024-11-19T12:35:41","date_gmt":"2024-11-19T11:35:41","guid":{"rendered":"https:\/\/littledreambrand.com\/?post_type=product&#038;p=1144"},"modified":"2025-07-20T18:30:49","modified_gmt":"2025-07-20T16:30:49","slug":"sudadera-con-capucha-bordada-its-dangerous-pokemon","status":"publish","type":"product","link":"https:\/\/littledreambrand.com\/en\/product\/sudadera-con-capucha-bordada-its-dangerous-pokemon\/","title":{"rendered":"Embroidered Hoodie - It's Dangerous Pok\u00e9mon"},"content":{"rendered":"<h3 style=\"text-align: center;\"><strong>Commitment to quality and the environment<\/strong><\/h3>\n<p style=\"text-align: center;\">Each apparel in our embroidered clothing collection is made with the highest quality materials, guaranteeing not only a unique design, but also respect for the environment and your well-being.<\/p>\n<p><img loading=\"lazy\" decoding=\"async\" class=\"wp-image-1855 size-full aligncenter\" src=\"https:\/\/littledreambrand.com\/wp-content\/uploads\/2024\/12\/Caracteristicas-Sudadera-Capucha-Little-Dream-02.png\" alt=\"\" width=\"431\" height=\"72\" srcset=\"https:\/\/littledreambrand.com\/wp-content\/uploads\/2024\/12\/Caracteristicas-Sudadera-Capucha-Little-Dream-02.png 431w, https:\/\/littledreambrand.com\/wp-content\/uploads\/2024\/12\/Caracteristicas-Sudadera-Capucha-Little-Dream-02-300x50.png 300w\" sizes=\"auto, (max-width: 431px) 100vw, 431px\" \/><\/p>\n<p style=\"text-align: center;\"><strong>Mezcla Org\u00e1nica:<\/strong> La Norma de Contenido Org\u00e1nico (OCS) es una certificaci\u00f3n internacional y opcional que asegura que un producto mantiene su identidad de fibra o material org\u00e1nico a lo largo de todo el proceso de producci\u00f3n, desde la finca hasta el producto final. Un organismo de certificaci\u00f3n independiente se encarga de auditar cada fase de la cadena de suministro. Los productos que llevan la etiqueta OCS BLENDED deben contener al menos un 5% de materia org\u00e1nica.<\/p>\n<p style=\"text-align: center;\"><strong>Standard 100 by OEKO-TEX\u00ae:<\/strong> All our products are certified under the OEKO-TEX\u00ae Standard 100, which ensures that our textiles have undergone rigorous testing to guarantee that they do not contain substances harmful to health. Enjoy a apparel that is free of harmful chemicals and friendly to your skin.<\/p>\n<p style=\"text-align: center;\"><strong>PETA Approved Vegan:<\/strong> Our collection is 100% vegan, and is PETA approved. This means that each piece is free of animal-derived materials, being an ethical and respectful choice for animal rights.<\/p>\n<h3 style=\"text-align: center;\"><strong>Find your perfect size!<\/strong><\/h3>\n<p style=\"text-align: center;\">Consulta tu pokedex&#8230; digo consulta nuestra <strong>Gu\u00eda de Tallas<\/strong> para que tu camiseta te siente tan bien como a Link la espada maestra. Escoge bien tu modelo y disfruta paseando con orgullo tu camiseta ya sea por Hyrule o por la regi\u00f3n de Kanto.<\/p>\n<p style=\"text-align: center;\"><strong>Consult the table below and find the size that best suits you.<\/strong> If you have any doubts, do not hesitate to ask us;<\/p>\n<p><img loading=\"lazy\" decoding=\"async\" width=\"638\" height=\"89\" class=\"wp-image-2586 size-medium aligncenter\" src=\"https:\/\/littledreambrand.com\/wp-content\/uploads\/2025\/01\/Guia-Tallas-Sudaderas-con-Capucha-Little-Dream-02.png\" srcset=\"https:\/\/littledreambrand.com\/wp-content\/uploads\/2025\/01\/Guia-Tallas-Sudaderas-con-Capucha-Little-Dream-02.png 638w, https:\/\/littledreambrand.com\/wp-content\/uploads\/2025\/01\/Guia-Tallas-Sudaderas-con-Capucha-Little-Dream-02-300x42.png 300w\" sizes=\"auto, (max-width: 638px) 100vw, 638px\" \/><\/p>\n<p style=\"text-align: center;\"><strong>Gu\u00eda de tallas Sudadera con capucha<br \/>\n<\/strong>A) Lenght B) Width<\/p>\n<p style=\"text-align: center;\">XS: Largo: 65cm Ancho: 49cm | S: Largo: 68cm Ancho: 52cm | M: Largo: 69cm Ancho: 55cm | L: Largo: 70cm Ancho: 58cm | XL: Largo: 71cm Ancho: 61cm | XXL: Largo: 72cm Ancho: 64cm<\/p>","protected":false},"excerpt":{"rendered":"<p>En estos tiempos que corren hoy en d\u00eda, es peligroso salir por ah\u00ed sin nada con lo que defenderse, as\u00ed que \u00bfpor qu\u00e9 no llevar esta camiseta?<\/p>\n<p>Primero de nuestros dise\u00f1os que fusiona dos grandes y m\u00edticas sagas como son <strong>Zelda<\/strong> y <strong>Pok\u00e9mon<\/strong>, para crear un dise\u00f1o \u00fanico.<\/p>\n<p>Inspirada en la famosa frase de <strong>The Legend of Zelda<\/strong>, &#8220;It&#8217;s dangerous to go alone, take this&#8221;, hemos a\u00f1adido en esta camiseta bordada un toque <strong>Pok\u00e9mon<\/strong> con las cl\u00e1sicas Pok\u00e9balls, convirti\u00e9ndolas en los objetos esenciales para tu pr\u00f3xima aventura.<\/p>\n<p>\u00a1No salgas a la calle sin tu Pok\u00e9ball y prep\u00e1rate para cualquier reto que se cruce en tu camino!<\/p>\n<p><img loading=\"lazy\" decoding=\"async\" class=\"alignnone wp-image-1854 size-full\" src=\"https:\/\/littledreambrand.com\/wp-content\/uploads\/2024\/12\/Caracteristicas-Sudadera-Capucha-Little-Dream-01.png\" alt=\"\" width=\"287\" height=\"48\" \/><br \/>\n<span style=\"font-size: small;\">80% algod\u00f3n biol\u00f3gico &#8211; 20% poli\u00e9ster reciclado<br \/>\n75 % Algod\u00f3n org\u00e1nico \/ 20 % poli\u00e9ster reciclado \/ 5 % viscosa<\/span><\/p>","protected":false},"featured_media":1133,"comment_status":"open","ping_status":"closed","template":"","meta":[],"product_brand":[],"product_cat":[31,36,32],"product_tag":[62,61,20],"class_list":{"0":"post-1144","1":"product","2":"type-product","3":"status-publish","4":"has-post-thumbnail","6":"product_cat-anime","7":"product_cat-sudaderas-con-capucha","8":"product_cat-videojuegos","9":"product_tag-anime","10":"product_tag-pokemon","11":"product_tag-videojuegos","13":"first","14":"instock","15":"taxable","16":"shipping-taxable","17":"purchasable","18":"product-type-variable"},"aioseo_notices":[],"jetpack_sharing_enabled":true,"_links":{"self":[{"href":"https:\/\/littledreambrand.com\/en\/wp-json\/wp\/v2\/product\/1144","targetHints":{"allow":["GET"]}}],"collection":[{"href":"https:\/\/littledreambrand.com\/en\/wp-json\/wp\/v2\/product"}],"about":[{"href":"https:\/\/littledreambrand.com\/en\/wp-json\/wp\/v2\/types\/product"}],"replies":[{"embeddable":true,"href":"https:\/\/littledreambrand.com\/en\/wp-json\/wp\/v2\/comments?post=1144"}],"wp:featuredmedia":[{"embeddable":true,"href":"https:\/\/littledreambrand.com\/en\/wp-json\/wp\/v2\/media\/1133"}],"wp:attachment":[{"href":"https:\/\/littledreambrand.com\/en\/wp-json\/wp\/v2\/media?parent=1144"}],"wp:term":[{"taxonomy":"product_brand","embeddable":true,"href":"https:\/\/littledreambrand.com\/en\/wp-json\/wp\/v2\/product_brand?post=1144"},{"taxonomy":"product_cat","embeddable":true,"href":"https:\/\/littledreambrand.com\/en\/wp-json\/wp\/v2\/product_cat?post=1144"},{"taxonomy":"product_tag","embeddable":true,"href":"https:\/\/littledreambrand.com\/en\/wp-json\/wp\/v2\/product_tag?post=1144"}],"curies":[{"name":"wp","href":"https:\/\/api.w.org\/{rel}","templated":true}]}}