{"id":1104,"date":"2024-11-20T12:10:57","date_gmt":"2024-11-20T11:10:57","guid":{"rendered":"https:\/\/littledreambrand.com\/?post_type=product&#038;p=1104"},"modified":"2025-07-20T18:29:38","modified_gmt":"2025-07-20T16:29:38","slug":"sudadera-con-capucha-bordada-make-konami-great-again","status":"publish","type":"product","link":"https:\/\/littledreambrand.com\/en\/product\/sudadera-con-capucha-bordada-make-konami-great-again\/","title":{"rendered":"Embroidered Hoodie - Make Konami Great Again"},"content":{"rendered":"<h3 style=\"text-align: center;\"><strong>Commitment to quality and the environment<\/strong><\/h3>\n<p style=\"text-align: center;\">Each apparel in our embroidered clothing collection is made with the highest quality materials, guaranteeing not only a unique design, but also respect for the environment and your well-being.<\/p>\n<p><img loading=\"lazy\" decoding=\"async\" class=\"wp-image-1855 size-full aligncenter\" src=\"https:\/\/littledreambrand.com\/wp-content\/uploads\/2024\/12\/Caracteristicas-Sudadera-Capucha-Little-Dream-02.png\" alt=\"\" width=\"431\" height=\"72\" srcset=\"https:\/\/littledreambrand.com\/wp-content\/uploads\/2024\/12\/Caracteristicas-Sudadera-Capucha-Little-Dream-02.png 431w, https:\/\/littledreambrand.com\/wp-content\/uploads\/2024\/12\/Caracteristicas-Sudadera-Capucha-Little-Dream-02-300x50.png 300w\" sizes=\"auto, (max-width: 431px) 100vw, 431px\" \/><\/p>\n<p style=\"text-align: center;\"><strong>Mezcla Org\u00e1nica:<\/strong> La Norma de Contenido Org\u00e1nico (OCS) es una certificaci\u00f3n internacional y opcional que asegura que un producto mantiene su identidad de fibra o material org\u00e1nico a lo largo de todo el proceso de producci\u00f3n, desde la finca hasta el producto final. Un organismo de certificaci\u00f3n independiente se encarga de auditar cada fase de la cadena de suministro. Los productos que llevan la etiqueta OCS BLENDED deben contener al menos un 5% de materia org\u00e1nica.<\/p>\n<p style=\"text-align: center;\"><strong>Standard 100 by OEKO-TEX\u00ae:<\/strong> All our products are certified under the OEKO-TEX\u00ae Standard 100, which ensures that our textiles have undergone rigorous testing to guarantee that they do not contain substances harmful to health. Enjoy a apparel that is free of harmful chemicals and friendly to your skin.<\/p>\n<p style=\"text-align: center;\"><strong>PETA Approved Vegan:<\/strong> Our collection is 100% vegan, and is PETA approved. This means that each piece is free of animal-derived materials, being an ethical and respectful choice for animal rights.<\/p>\n<h3 style=\"text-align: center;\"><strong>Find your perfect size!<\/strong><\/h3>\n<p style=\"text-align: center;\">No solo queremos que luzc\u00e1is el mensaje de <strong>Make Konami Great Again<\/strong> al mundo con orgullo, lo primero de todo es que la sudadera os quede como a un Belmont un l\u00e1tigo, y para eso queremos que eches un vistazo a nuestra <strong>Gu\u00eda de Tallas.<\/strong><\/p>\n<p style=\"text-align: center;\">Da igual si eres mas de Castolo que de Solid Snake, lo importante es lucir tu sudadera con orgullo.<\/p>\n<p style=\"text-align: center;\"><strong>Consult the table below and find the size that best suits you.<\/strong> If you have any doubts, do not hesitate to ask us;<\/p>\n<p><img loading=\"lazy\" decoding=\"async\" width=\"638\" height=\"89\" class=\"wp-image-2586 size-medium aligncenter\" src=\"https:\/\/littledreambrand.com\/wp-content\/uploads\/2025\/01\/Guia-Tallas-Sudaderas-con-Capucha-Little-Dream-02.png\" srcset=\"https:\/\/littledreambrand.com\/wp-content\/uploads\/2025\/01\/Guia-Tallas-Sudaderas-con-Capucha-Little-Dream-02.png 638w, https:\/\/littledreambrand.com\/wp-content\/uploads\/2025\/01\/Guia-Tallas-Sudaderas-con-Capucha-Little-Dream-02-300x42.png 300w\" sizes=\"auto, (max-width: 638px) 100vw, 638px\" \/><\/p>\n<p style=\"text-align: center;\"><strong>Gu\u00eda de tallas Sudadera con capucha<br \/>\n<\/strong>A) Lenght B) Width<\/p>\n<p style=\"text-align: center;\">XS: Largo: 65cm Ancho: 49cm | S: Largo: 68cm Ancho: 52cm | M: Largo: 69cm Ancho: 55cm | L: Largo: 70cm Ancho: 58cm | XL: Largo: 71cm Ancho: 61cm | XXL: Largo: 72cm Ancho: 64cm<\/p>","protected":false},"excerpt":{"rendered":"<p>Al igual que Trump se inspir\u00f3 en Ronald Reagan para sus movidas, nosotros tambi\u00e9n vamos a hacer lo mismo.<\/p>\n<p>Konami, conocida por joyas como\u00a0<strong>Metal Gear Solid<\/strong>,\u00a0<strong>Castlevania<\/strong>,\u00a0<strong>Pro Evolution Soccer<\/strong>\u00a0y\u00a0<strong>Silent Hill<\/strong>, ha dejado su legado atr\u00e1s para dedicarse a las pachinkos.<\/p>\n<p>En Little Dream queremos a la\u00a0<strong>Konami<\/strong> que nos dio momentos \u00e9picos y defini\u00f3 generaciones de jugadores. Es por eso que lanzamos esta sudadera, con la intenci\u00f3n de crear una legi\u00f3n de jugones que ense\u00f1en al mundo lo que queremos.<\/p>\n<p>Adquiere una de nuestras sudaderas <strong>Make Konami Great Again<\/strong>\u00a0y \u00fanete a la campa\u00f1a que har\u00e1 cambiar la industria del videojuego!<\/p>\n<p><img loading=\"lazy\" decoding=\"async\" class=\"alignnone wp-image-1854 size-full\" src=\"https:\/\/littledreambrand.com\/wp-content\/uploads\/2024\/12\/Caracteristicas-Sudadera-Capucha-Little-Dream-01.png\" alt=\"\" width=\"287\" height=\"48\" \/><br \/>\n<span style=\"font-size: small;\">80% algod\u00f3n biol\u00f3gico &#8211; 20% poli\u00e9ster reciclado<br \/>\n75 % Algod\u00f3n org\u00e1nico \/ 20 % poli\u00e9ster reciclado \/ 5 % viscosa<\/span><\/p>","protected":false},"featured_media":1093,"comment_status":"open","ping_status":"closed","template":"","meta":[],"product_brand":[],"product_cat":[36,32],"product_tag":[53,54,20],"class_list":{"0":"post-1104","1":"product","2":"type-product","3":"status-publish","4":"has-post-thumbnail","6":"product_cat-sudaderas-con-capucha","7":"product_cat-videojuegos","8":"product_tag-konami","9":"product_tag-trump","10":"product_tag-videojuegos","12":"first","13":"instock","14":"taxable","15":"shipping-taxable","16":"purchasable","17":"product-type-variable"},"aioseo_notices":[],"jetpack_sharing_enabled":true,"_links":{"self":[{"href":"https:\/\/littledreambrand.com\/en\/wp-json\/wp\/v2\/product\/1104","targetHints":{"allow":["GET"]}}],"collection":[{"href":"https:\/\/littledreambrand.com\/en\/wp-json\/wp\/v2\/product"}],"about":[{"href":"https:\/\/littledreambrand.com\/en\/wp-json\/wp\/v2\/types\/product"}],"replies":[{"embeddable":true,"href":"https:\/\/littledreambrand.com\/en\/wp-json\/wp\/v2\/comments?post=1104"}],"wp:featuredmedia":[{"embeddable":true,"href":"https:\/\/littledreambrand.com\/en\/wp-json\/wp\/v2\/media\/1093"}],"wp:attachment":[{"href":"https:\/\/littledreambrand.com\/en\/wp-json\/wp\/v2\/media?parent=1104"}],"wp:term":[{"taxonomy":"product_brand","embeddable":true,"href":"https:\/\/littledreambrand.com\/en\/wp-json\/wp\/v2\/product_brand?post=1104"},{"taxonomy":"product_cat","embeddable":true,"href":"https:\/\/littledreambrand.com\/en\/wp-json\/wp\/v2\/product_cat?post=1104"},{"taxonomy":"product_tag","embeddable":true,"href":"https:\/\/littledreambrand.com\/en\/wp-json\/wp\/v2\/product_tag?post=1104"}],"curies":[{"name":"wp","href":"https:\/\/api.w.org\/{rel}","templated":true}]}}