{"id":1043,"date":"2024-11-18T12:33:08","date_gmt":"2024-11-18T11:33:08","guid":{"rendered":"https:\/\/littledreambrand.com\/?post_type=product&#038;p=1043"},"modified":"2025-07-20T18:18:12","modified_gmt":"2025-07-20T16:18:12","slug":"sudadera-sin-capucha-bordada-air-herc","status":"publish","type":"product","link":"https:\/\/littledreambrand.com\/en\/product\/sudadera-sin-capucha-bordada-air-herc\/","title":{"rendered":"Embroidered Sweatshirt - Air Herc"},"content":{"rendered":"<h3 style=\"text-align: center;\"><strong>Commitment to quality and the environment<\/strong><\/h3>\n<p style=\"text-align: center;\">Each apparel in our embroidered clothing collection is made with the highest quality materials, guaranteeing not only a unique design, but also respect for the environment and your well-being.<\/p>\n<p><img loading=\"lazy\" decoding=\"async\" class=\"wp-image-1847 aligncenter\" src=\"https:\/\/littledreambrand.com\/wp-content\/uploads\/2024\/12\/Caracteristicas-Sudadera-Little-Dream-02-300x63.png\" alt=\"\" width=\"357\" height=\"75\" srcset=\"https:\/\/littledreambrand.com\/wp-content\/uploads\/2024\/12\/Caracteristicas-Sudadera-Little-Dream-02-300x63.png 300w, https:\/\/littledreambrand.com\/wp-content\/uploads\/2024\/12\/Caracteristicas-Sudadera-Little-Dream-02.png 345w\" sizes=\"auto, (max-width: 357px) 100vw, 357px\" \/><\/p>\n<p style=\"text-align: center;\"><strong>Standard 100 by OEKO-TEX\u00ae:<\/strong> All our products are certified under the OEKO-TEX\u00ae Standard 100, which ensures that our textiles have undergone rigorous testing to guarantee that they do not contain substances harmful to health. Enjoy a apparel that is free of harmful chemicals and friendly to your skin.<\/p>\n<p style=\"text-align: center;\"><strong>PETA Approved Vegan:<\/strong> Our collection is 100% vegan, and is PETA approved. This means that each piece is free of animal-derived materials, being an ethical and respectful choice for animal rights.<\/p>\n<h3 style=\"text-align: center;\"><strong>Find your perfect size!<\/strong><\/h3>\n<p style=\"text-align: center;\">Para asegurarte de que tu <strong>sudadera bordada<\/strong> <strong>Air Herc<\/strong> te quede como un guante, te recomendamos consultar nuestra <strong>Gu\u00eda de Tallas<\/strong>. Cada h\u00e9roe y hero\u00edna tiene su propio tama\u00f1o, \u00a1y es hora de que descubras cu\u00e1l es el tuyo!<\/p>\n<p style=\"text-align: center;\">Recuerda: &#8220;Un verdadero h\u00e9roe o hero\u00edna no mide su fuerza por su tama\u00f1o, sino por su coraz\u00f3n&#8221;, as\u00ed que no importa si eres un semidi\u00f3s o semidiosa en entrenamiento o un\/a mortal con ganas de estilo, esta sudadera ser\u00e1 tu nueva armadura.<\/p>\n<p style=\"text-align: center;\"><strong>Consult the table below and find the size that best suits you.<\/strong> If you have any doubts, do not hesitate to ask us;<\/p>\n<p><img loading=\"lazy\" decoding=\"async\" width=\"638\" height=\"89\" class=\"wp-image-2587 size-medium aligncenter\" src=\"https:\/\/littledreambrand.com\/wp-content\/uploads\/2025\/01\/Guia-Tallas-Sudaderas-Little-Dream-02.png\" srcset=\"https:\/\/littledreambrand.com\/wp-content\/uploads\/2025\/01\/Guia-Tallas-Sudaderas-Little-Dream-02.png 638w, https:\/\/littledreambrand.com\/wp-content\/uploads\/2025\/01\/Guia-Tallas-Sudaderas-Little-Dream-02-300x42.png 300w\" sizes=\"auto, (max-width: 638px) 100vw, 638px\" \/><\/p>\n<p style=\"text-align: center;\"><strong>Size guide sweatshirt<br \/>\n<\/strong>A) Lenght B) Width<\/p>\n<p style=\"text-align: center;\">XS: Length: 68cm Width: 50cm | S: Length: 71cm Width: 53cm | M: Length: 72cm Width: 56cm | L: Length: 74cm Width: 61cm | XL: Length: 75cm Width: 65cm | XXL: Length: 77cm Width: 68cm<\/p>","protected":false},"excerpt":{"rendered":"<p>\u00a1Llega por fin a nuestro pa\u00eds, y de nuestra mano, el merchandising que mola mogoll\u00f3n de la marca de ropa que est\u00e1 arrasando en la antigua Grecia: <strong>Air Herc!<\/strong><\/p>\n<p>\u00bfQuieres ir por la calle y que digan: <em>&#8220;\u00a1Ah\u00ed va el chico de Fil!&#8221;<\/em>? Date la oportunidad de alcanzar tu plenitud y empieza a sentirte y vestirte como un aut\u00e9ntico h\u00e9roe o hero\u00edna con esta sudadera bordada. \u00a1Y prep\u00e1rate para rivalizar con los mism\u00edsimos <strong>Afrodita<\/strong> y <strong>Apolo<\/strong>!<\/p>\n<p><strong>Advertencia<\/strong>: Vestirse con esta sudadera puede generar tal fervor que, a tu lado, el vapor sea hielo.<\/p>\n<p><img loading=\"lazy\" decoding=\"async\" class=\"alignnone wp-image-1848 size-full\" src=\"https:\/\/littledreambrand.com\/wp-content\/uploads\/2024\/12\/Caracteristicas-Sudaderas-Little-Dream-01.jpg\" alt=\"\" width=\"230\" height=\"48\" \/><br \/>\n<span style=\"font-size: small;\">80% algod\u00f3n &#8211; 20% poli\u00e9ster reciclado certificado GRS<br \/>\nGris: 73 % algod\u00f3n \/ 20 % poli\u00e9ster reciclado \/ 7 % viscosa<\/span><\/p>","protected":false},"featured_media":1058,"comment_status":"open","ping_status":"closed","template":"","meta":[],"product_brand":[],"product_cat":[34,35],"product_tag":[58,60,59,48],"class_list":{"0":"post-1043","1":"product","2":"type-product","3":"status-publish","4":"has-post-thumbnail","6":"product_cat-pelis-y-series","7":"product_cat-sudaderas-sin-capucha","8":"product_tag-air-herc","9":"product_tag-disney","10":"product_tag-hercules","11":"product_tag-pelis-y-series","13":"first","14":"instock","15":"taxable","16":"shipping-taxable","17":"purchasable","18":"product-type-variable"},"aioseo_notices":[],"jetpack_sharing_enabled":true,"_links":{"self":[{"href":"https:\/\/littledreambrand.com\/en\/wp-json\/wp\/v2\/product\/1043","targetHints":{"allow":["GET"]}}],"collection":[{"href":"https:\/\/littledreambrand.com\/en\/wp-json\/wp\/v2\/product"}],"about":[{"href":"https:\/\/littledreambrand.com\/en\/wp-json\/wp\/v2\/types\/product"}],"replies":[{"embeddable":true,"href":"https:\/\/littledreambrand.com\/en\/wp-json\/wp\/v2\/comments?post=1043"}],"wp:featuredmedia":[{"embeddable":true,"href":"https:\/\/littledreambrand.com\/en\/wp-json\/wp\/v2\/media\/1058"}],"wp:attachment":[{"href":"https:\/\/littledreambrand.com\/en\/wp-json\/wp\/v2\/media?parent=1043"}],"wp:term":[{"taxonomy":"product_brand","embeddable":true,"href":"https:\/\/littledreambrand.com\/en\/wp-json\/wp\/v2\/product_brand?post=1043"},{"taxonomy":"product_cat","embeddable":true,"href":"https:\/\/littledreambrand.com\/en\/wp-json\/wp\/v2\/product_cat?post=1043"},{"taxonomy":"product_tag","embeddable":true,"href":"https:\/\/littledreambrand.com\/en\/wp-json\/wp\/v2\/product_tag?post=1043"}],"curies":[{"name":"wp","href":"https:\/\/api.w.org\/{rel}","templated":true}]}}