{"id":615,"date":"2024-11-12T16:44:00","date_gmt":"2024-11-12T15:44:00","guid":{"rendered":"https:\/\/littledreambrand.com\/?page_id=615"},"modified":"2024-11-29T18:20:19","modified_gmt":"2024-11-29T17:20:19","slug":"conocenos","status":"publish","type":"page","link":"https:\/\/littledreambrand.com\/en\/conocenos\/","title":{"rendered":"About us"},"content":{"rendered":"<div class=\"wp-block-stackable-columns alignfull stk-block-columns stk-block stk-ee16d49 stk-block-background\" data-block-id=\"ee16d49\"><style>.stk-ee16d49 {background-color:var(--theme-palette-color-7, #FAFBFC) !important;align-items:center !important;margin-bottom:-15px !important;display:flex !important;}.stk-ee16d49:before{background-color:var(--theme-palette-color-7, #FAFBFC) !important;}.stk-ee16d49-column{max-width:1100px !important;min-width:auto !important;--stk-column-gap:48px !important;}<\/style><div class=\"stk-row stk-inner-blocks stk-block-content stk-content-align stk-ee16d49-column alignwide\">\n<div class=\"wp-block-stackable-column stk-block-column stk-column stk-block stk-1f05fbc\" data-v=\"4\" data-block-id=\"1f05fbc\"><style>.stk-1f05fbc-inner-blocks{justify-content:center !important;}.stk-1f05fbc-container{display:flex !important;}<\/style><div class=\"stk-column-wrapper stk-block-column__content stk-container stk-1f05fbc-container stk--no-background stk--no-padding\"><div class=\"stk-block-content stk-inner-blocks stk-1f05fbc-inner-blocks\">\n<div class=\"wp-block-stackable-heading stk-block-heading stk-block-heading--v2 stk-block stk-504c10f\" id=\"span-style-color-var-theme-palette-color-2-f-5-c-244-class-stk-highlight-quien-somos-span\" data-block-id=\"504c10f\"><h1 class=\"stk-block-heading__text\"><span style=\"color: var(--theme-palette-color-2, #F5C244);\" class=\"stk-highlight\">\u00bfWho we are?<\/span><\/h1><\/div>\n\n\n\n<div class=\"wp-block-stackable-text stk-block-text stk-block stk-66411fb\" data-block-id=\"66411fb\"><p class=\"stk-block-text__text translation-block\">At <strong>Little Dream<\/strong> we are passionate about creating <strong>unique embroidered clothing<\/strong> that mixes the best of the geek world with a touch of elegance. We are inspired by <strong>video games, anime, movies, series and sports<\/strong>, to offer you modern designs, original and with character, designed for those who are looking for something different.<\/p><\/div>\n\n\n\n<div class=\"wp-block-stackable-text stk-block-text stk-block stk-57aee49\" data-block-id=\"57aee49\"><p class=\"stk-block-text__text\">Behind the brand is a <strong>graphic designer<\/strong> who has decided to take his own passions to the next level. His goal is to transfer his hobbies and everything he loves to clothing, creating pieces that combine <strong>his love for geekiness<\/strong> with a more subtle and elegant aesthetic. It's a personal project, in which each embroidery has a story and a purpose.<\/p><\/div>\n<\/div><\/div><\/div>\n\n\n\n<div class=\"wp-block-stackable-column stk-block-column stk-column stk-block stk-5bedad3\" data-v=\"4\" data-block-id=\"5bedad3\"><div class=\"stk-column-wrapper stk-block-column__content stk-container stk-5bedad3-container stk--no-background stk--no-padding\"><div class=\"stk-block-content stk-inner-blocks stk-5bedad3-inner-blocks\">\n<div class=\"wp-block-stackable-image stk-block-image stk-block stk-3a76740\" data-block-id=\"3a76740\"><style>.stk-3a76740 .stk-img-wrapper{height:450px !important;}<\/style><figure><span class=\"stk-img-wrapper stk-image--shape-stretch\"><img loading=\"lazy\" decoding=\"async\" class=\"stk-img wp-image-1374\" src=\"https:\/\/littledreambrand.com\/wp-content\/uploads\/2024\/11\/Little-Dream-Conocenos.png\" width=\"450\" height=\"450\" srcset=\"https:\/\/littledreambrand.com\/wp-content\/uploads\/2024\/11\/Little-Dream-Conocenos.png 450w, https:\/\/littledreambrand.com\/wp-content\/uploads\/2024\/11\/Little-Dream-Conocenos-300x300.png 300w, https:\/\/littledreambrand.com\/wp-content\/uploads\/2024\/11\/Little-Dream-Conocenos-150x150.png 150w\" sizes=\"auto, (max-width: 450px) 100vw, 450px\" \/><\/span><\/figure><\/div>\n<\/div><\/div><\/div>\n<\/div><\/div>\n\n\n\n<div class=\"wp-block-stackable-columns alignfull stk-block-columns stk-block stk-5a93d7d\" data-block-id=\"5a93d7d\"><style>.stk-5a93d7d {margin-bottom:14px !important;}.stk-5a93d7d-column{max-width:1100px !important;min-width:auto !important;}<\/style><div class=\"stk-row stk-inner-blocks stk-block-content stk-content-align stk-5a93d7d-column alignfull\">\n<div class=\"wp-block-stackable-column stk-block-column stk-column stk-block stk-f4a78ce\" data-v=\"4\" data-block-id=\"f4a78ce\"><div class=\"stk-column-wrapper stk-block-column__content stk-container stk-f4a78ce-container stk--no-background stk--no-padding\"><div class=\"stk-block-content stk-inner-blocks stk-f4a78ce-inner-blocks\">\n<div class=\"wp-block-stackable-heading stk-block-heading stk-block-heading--v2 stk-block stk-e9dfc68\" id=\"span-style-color-var-theme-palette-color-2-f-5-c-244-class-stk-highlight-compromiso-con-la-calidad-y-el-medio-ambiente-span\" data-block-id=\"e9dfc68\"><h2 class=\"stk-block-heading__text\"><span style=\"color: var(--theme-palette-color-2, #F5C244);\" class=\"stk-highlight\">Commitment to quality and the environment<\/span><\/h2><\/div>\n\n\n\n<div class=\"wp-block-stackable-text stk-block-text stk-block stk-2a109d4\" data-block-id=\"2a109d4\"><p class=\"stk-block-text__text\">Each apparel in our embroidered clothing collection is made with the highest quality materials, guaranteeing not only a unique design, but also respect for the environment and your well-being.<\/p><\/div>\n<\/div><\/div><\/div>\n<\/div><\/div>\n\n\n\n<div class=\"wp-block-stackable-columns alignfull stk-block-columns stk-block stk-5ff891a\" data-block-id=\"5ff891a\"><style>.stk-5ff891a-column{max-width:1100px !important;min-width:auto !important;}<\/style><div class=\"stk-row stk-inner-blocks stk-block-content stk-content-align stk-5ff891a-column alignfull\">\n<div class=\"wp-block-stackable-column stk-block-column stk-column stk-block stk-272c148\" data-v=\"4\" data-block-id=\"272c148\"><style>@media screen and (min-width:690px){.stk-272c148 {flex:var(--stk-flex-grow, 1) 1 calc(17% - var(--stk-column-gap, 0px) * 1 \/ 2 ) !important;}}<\/style><div class=\"stk-column-wrapper stk-block-column__content stk-container stk-272c148-container stk--no-background stk--no-padding\"><div class=\"stk-block-content stk-inner-blocks stk-272c148-inner-blocks\">\n<div class=\"wp-block-stackable-image stk-block-image stk-block stk-17179d3\" data-block-id=\"17179d3\"><figure><span class=\"stk-img-wrapper stk-image--shape-stretch\"><img loading=\"lazy\" decoding=\"async\" class=\"stk-img wp-image-1805\" src=\"https:\/\/littledreambrand.com\/wp-content\/uploads\/2024\/11\/Caracteristicas-Textil-Little-Dream-03.jpg\" width=\"168\" height=\"226\"\/><\/span><\/figure><\/div>\n<\/div><\/div><\/div>\n\n\n\n<div class=\"wp-block-stackable-column stk-block-column stk-column stk-block stk-f8366d6\" data-v=\"4\" data-block-id=\"f8366d6\"><style>@media screen and (min-width:690px){.stk-f8366d6 {flex:var(--stk-flex-grow, 1) 1 calc(83% - var(--stk-column-gap, 0px) * 1 \/ 2 ) !important;}}<\/style><div class=\"stk-column-wrapper stk-block-column__content stk-container stk-f8366d6-container stk--no-background stk--no-padding\"><div class=\"stk-block-content stk-inner-blocks stk-f8366d6-inner-blocks\">\n<div class=\"wp-block-stackable-text stk-block-text stk-block stk-9ec0fd3\" data-block-id=\"9ec0fd3\"><p class=\"stk-block-text__text\"><strong>Organic Cotton:<\/strong>&nbsp;We use 100% organic cotton, grown without pesticides or chemicals, which not only promotes the health of the planet, but also offers a soft and comfortable texture for your skin.<\/p><\/div>\n\n\n\n<p><strong>Standard 100 by OEKO-TEX\u00ae:<\/strong>&nbsp;All our products are certified under the OEKO-TEX\u00ae Standard 100, which ensures that our textiles have undergone rigorous testing to guarantee that they do not contain substances harmful to health. Enjoy a apparel that is free of harmful chemicals and friendly to your skin.<\/p>\n\n\n\n<p><strong>PETA Approved Vegan:<\/strong>&nbsp;Our collection is 100% vegan, and is PETA approved. This means that each piece is free of animal-derived materials, being an ethical and respectful choice for animal rights.<\/p>\n<\/div><\/div><\/div>\n<\/div><\/div>\n\n\n\n<div class=\"wp-block-stackable-columns alignfull stk-block-columns stk-block stk-5a2db08 stk-block-background\" data-block-id=\"5a2db08\"><style>.stk-5a2db08 {background-color:var(--theme-palette-color-7, #FAFBFC) !important;align-items:center !important;margin-bottom:12px !important;display:flex !important;}.stk-5a2db08:before{background-color:var(--theme-palette-color-7, #FAFBFC) !important;}.stk-5a2db08-column{max-width:1100px !important;min-width:auto !important;--stk-column-gap:48px !important;}<\/style><div class=\"stk-row stk-inner-blocks stk-block-content stk-content-align stk-5a2db08-column alignwide\">\n<div class=\"wp-block-stackable-column stk-block-column stk-column stk-block stk-943a644\" data-v=\"4\" data-block-id=\"943a644\"><style>.stk-943a644-inner-blocks{justify-content:center !important;}.stk-943a644-container{display:flex !important;}@media screen and (min-width:690px){.stk-943a644 {flex:var(--stk-flex-grow, 1) 1 calc(30% - var(--stk-column-gap, 0px) * 1 \/ 2 ) !important;}}<\/style><div class=\"stk-column-wrapper stk-block-column__content stk-container stk-943a644-container stk--no-background stk--no-padding\"><div class=\"stk-block-content stk-inner-blocks stk-943a644-inner-blocks\">\n<div class=\"wp-block-stackable-image stk-block-image stk-block stk-d0a3767\" data-block-id=\"d0a3767\"><figure><span class=\"stk-img-wrapper stk-image--shape-stretch\"><img loading=\"lazy\" decoding=\"async\" class=\"stk-img wp-image-1337\" src=\"https:\/\/littledreambrand.com\/wp-content\/uploads\/2024\/11\/Disenos-con-estilo-propio.jpg\" width=\"288\" height=\"91\"\/><\/span><\/figure><\/div>\n<\/div><\/div><\/div>\n\n\n\n<div class=\"wp-block-stackable-column stk-block-column stk-column stk-block stk-860e89c\" data-v=\"4\" data-block-id=\"860e89c\"><style>@media screen and (min-width:690px){.stk-860e89c {flex:var(--stk-flex-grow, 1) 1 calc(70% - var(--stk-column-gap, 0px) * 1 \/ 2 ) !important;}}<\/style><div class=\"stk-column-wrapper stk-block-column__content stk-container stk-860e89c-container stk--no-background stk--no-padding\"><div class=\"stk-block-content stk-inner-blocks stk-860e89c-inner-blocks\">\n<div class=\"wp-block-stackable-text stk-block-text stk-block stk-01b6af3\" data-block-id=\"01b6af3\"><p class=\"stk-block-text__text\">We don't just want to make clothes, we want to create pieces that you can wear with pride. Whether it's a design inspired by your favorite video game, a nod to that series you love, or a stylish sporty touch, each apparel is designed to find something that suits you. Embroidery is at the heart of each piece, but always with a discreet, elegant and different approach.<\/p><\/div>\n<\/div><\/div><\/div>\n<\/div><\/div>\n\n\n\n<div class=\"wp-block-stackable-columns alignfull stk-block-columns stk-block stk-877f4d0 stk-block-background\" data-block-id=\"877f4d0\"><style>.stk-877f4d0 {background-color:var(--theme-palette-color-7, #FAFBFC) !important;align-items:center !important;margin-bottom:17px !important;display:flex !important;}.stk-877f4d0:before{background-color:var(--theme-palette-color-7, #FAFBFC) !important;}.stk-877f4d0-column{max-width:1100px !important;min-width:auto !important;--stk-column-gap:48px !important;}<\/style><div class=\"stk-row stk-inner-blocks stk-block-content stk-content-align stk-877f4d0-column alignwide\">\n<div class=\"wp-block-stackable-column stk-block-column stk-column stk-block stk-deb6ff3\" data-v=\"4\" data-block-id=\"deb6ff3\"><style>.stk-deb6ff3-inner-blocks{justify-content:center !important;}.stk-deb6ff3-container{display:flex !important;}@media screen and (min-width:690px){.stk-deb6ff3 {flex:var(--stk-flex-grow, 1) 1 calc(70% - var(--stk-column-gap, 0px) * 1 \/ 2 ) !important;}}<\/style><div class=\"stk-column-wrapper stk-block-column__content stk-container stk-deb6ff3-container stk--no-background stk--no-padding\"><div class=\"stk-block-content stk-inner-blocks stk-deb6ff3-inner-blocks\">\n<div class=\"wp-block-stackable-text stk-block-text stk-block stk-f33a499\" data-block-id=\"f33a499\"><p class=\"stk-block-text__text has-text-align-right\">In addition to our own collection, we also love to make things <strong>custom-made<\/strong>. If you are self-employed, have a company or are organizing an event, we can help you to create <strong>customized clothing<\/strong> with embroidery of your logo, slogan or exclusive design. We adapt to your needs, always with the same quality and care.<\/p><\/div>\n\n\n\n<div class=\"wp-block-stackable-text stk-block-text stk-block stk-9ab325a\" data-block-id=\"9ab325a\"><p class=\"stk-block-text__text has-text-align-right\">At <strong>Little Dream<\/strong>We care that every customer feels comfortable with what they wear, inside and out. Each apparel is treated with the same care, whether it is for you or for your business.<\/p><\/div>\n<\/div><\/div><\/div>\n\n\n\n<div class=\"wp-block-stackable-column stk-block-column stk-column stk-block stk-c3953d9\" data-v=\"4\" data-block-id=\"c3953d9\"><style>@media screen and (min-width:690px){.stk-c3953d9 {flex:var(--stk-flex-grow, 1) 1 calc(30% - var(--stk-column-gap, 0px) * 1 \/ 2 ) !important;}}<\/style><div class=\"stk-column-wrapper stk-block-column__content stk-container stk-c3953d9-container stk--no-background stk--no-padding\"><div class=\"stk-block-content stk-inner-blocks stk-c3953d9-inner-blocks\">\n<div class=\"wp-block-stackable-image stk-block-image stk-block stk-a659949\" data-block-id=\"a659949\"><figure><span class=\"stk-img-wrapper stk-image--shape-stretch\"><img loading=\"lazy\" decoding=\"async\" class=\"stk-img wp-image-1340\" src=\"https:\/\/littledreambrand.com\/wp-content\/uploads\/2024\/11\/Proyectos-personalizados-conocenos.jpg\" width=\"288\" height=\"175\"\/><\/span><\/figure><\/div>\n<\/div><\/div><\/div>\n<\/div><\/div>\n\n\n\n<div class=\"wp-block-stackable-columns alignwide stk-block-columns stk-block stk-a11e2e3\" data-block-id=\"a11e2e3\"><div class=\"stk-row stk-inner-blocks stk-block-content stk-content-align stk-a11e2e3-column alignwide\">\n<div class=\"wp-block-stackable-column stk-block-column stk-column stk-block stk-9aac0eb\" data-v=\"4\" data-block-id=\"9aac0eb\"><div class=\"stk-column-wrapper stk-block-column__content stk-container stk-9aac0eb-container stk--no-background stk--no-padding\"><div class=\"stk-block-content stk-inner-blocks stk-9aac0eb-inner-blocks\">\n<div class=\"wp-block-stackable-feature-grid alignfull stk-block-feature-grid stk-block-columns stk-block stk-2801f7b is-style-offset\" data-block-id=\"2801f7b\"><style>@media screen and (max-width:689px){.stk-2801f7b-column{row-gap:48px !important;}}<\/style><div class=\"stk-row stk-inner-blocks has-text-align-center stk-block-content stk-content-align stk-2801f7b-column alignwide\">\n<div class=\"wp-block-stackable-column stk-block-column stk-column stk-block stk-b1a9549\" data-v=\"4\" data-block-id=\"b1a9549\"><style>.stk-b1a9549-container{padding-top:24px !important;padding-right:24px !important;padding-bottom:24px !important;padding-left:24px !important;}<\/style><div class=\"stk-column-wrapper stk-block-column__content stk-container stk-b1a9549-container stk--no-background stk--no-padding\"><div class=\"stk-block-content stk-inner-blocks stk-b1a9549-inner-blocks\">\n<div class=\"wp-block-stackable-image stk-block-image stk-block stk-02fc751\" data-block-id=\"02fc751\"><style>.stk-02fc751 .stk-img-wrapper{width:80px !important;height:80px !important;}<\/style><figure><span class=\"stk-img-wrapper stk-image--shape-stretch\"><img loading=\"lazy\" decoding=\"async\" class=\"stk-img wp-image-1354\" src=\"https:\/\/littledreambrand.com\/wp-content\/uploads\/2024\/11\/Disenos-unicos.png\" width=\"80\" height=\"80\"\/><\/span><\/figure><\/div>\n\n\n\n<div class=\"wp-block-stackable-heading stk-block-heading stk-block-heading--v2 stk-block stk-9fdda4a\" id=\"span-style-color-var-theme-palette-color-1-637-a-90-class-stk-highlight-disenos-unicos-span\" data-block-id=\"9fdda4a\"><style>.stk-9fdda4a {margin-bottom:8px !important;}<\/style><h4 class=\"stk-block-heading__text\"><span style=\"color: var(--theme-palette-color-1, #637a90);\" class=\"stk-highlight\">Unique Designs<\/span><\/h4><\/div>\n\n\n\n<div class=\"wp-block-stackable-text stk-block-text stk-block stk-06ca61b\" data-block-id=\"06ca61b\"><p class=\"stk-block-text__text\">Embroideries that reflect your personality, with a touch of style and without falling into the commonplace.<\/p><\/div>\n<\/div><\/div><\/div>\n\n\n\n<div class=\"wp-block-stackable-column stk-block-column stk-column stk-block stk-2848c35\" data-v=\"4\" data-block-id=\"2848c35\"><style>.stk-2848c35-container{padding-top:24px !important;padding-right:24px !important;padding-bottom:24px !important;padding-left:24px !important;}<\/style><div class=\"stk-column-wrapper stk-block-column__content stk-container stk-2848c35-container stk--no-background stk--no-padding\"><div class=\"stk-block-content stk-inner-blocks stk-2848c35-inner-blocks\">\n<div class=\"wp-block-stackable-image stk-block-image stk-block stk-aaae480\" data-block-id=\"aaae480\"><style>.stk-aaae480 .stk-img-wrapper{width:80px !important;height:80px !important;}<\/style><figure><span class=\"stk-img-wrapper stk-image--shape-stretch\"><img loading=\"lazy\" decoding=\"async\" class=\"stk-img wp-image-1355\" src=\"https:\/\/littledreambrand.com\/wp-content\/uploads\/2024\/11\/Trabajo-cercano.png\" width=\"80\" height=\"80\"\/><\/span><\/figure><\/div>\n\n\n\n<div class=\"wp-block-stackable-heading stk-block-heading stk-block-heading--v2 stk-block stk-4ccdf03\" id=\"span-style-color-var-theme-palette-color-1-637-a-90-class-stk-highlight-trabajo-cercano-span\" data-block-id=\"4ccdf03\"><style>.stk-4ccdf03 {margin-bottom:8px !important;}<\/style><h4 class=\"stk-block-heading__text\"><span style=\"color: var(--theme-palette-color-1, #637a90);\" class=\"stk-highlight\">Close Work<\/span><\/h4><\/div>\n\n\n\n<div class=\"wp-block-stackable-text stk-block-text stk-block stk-17cf36c\" data-block-id=\"17cf36c\"><p class=\"stk-block-text__text\">We want every client to feel accompanied. That's why we like to work together to create what you have in mind.<\/p><\/div>\n<\/div><\/div><\/div>\n\n\n\n<div class=\"wp-block-stackable-column stk-block-column stk-column stk-block stk-5374655\" data-v=\"4\" data-block-id=\"5374655\"><style>.stk-5374655-container{padding-top:24px !important;padding-right:24px !important;padding-bottom:24px !important;padding-left:24px !important;}<\/style><div class=\"stk-column-wrapper stk-block-column__content stk-container stk-5374655-container stk--no-background stk--no-padding\"><div class=\"stk-block-content stk-inner-blocks stk-5374655-inner-blocks\">\n<div class=\"wp-block-stackable-image stk-block-image stk-block stk-a7666e6\" data-block-id=\"a7666e6\"><style>.stk-a7666e6 .stk-img-wrapper{width:80px !important;height:80px !important;}<\/style><figure><span class=\"stk-img-wrapper stk-image--shape-stretch\"><img loading=\"lazy\" decoding=\"async\" class=\"stk-img wp-image-1357\" src=\"https:\/\/littledreambrand.com\/wp-content\/uploads\/2024\/11\/Hecho-a-mida.png\" width=\"80\" height=\"80\"\/><\/span><\/figure><\/div>\n\n\n\n<div class=\"wp-block-stackable-heading stk-block-heading stk-block-heading--v2 stk-block stk-77a7d24\" id=\"span-style-color-var-theme-palette-color-1-637-a-90-class-stk-highlight-hecho-a-medida-span\" data-block-id=\"77a7d24\"><style>.stk-77a7d24 {margin-bottom:8px !important;}<\/style><h4 class=\"stk-block-heading__text\"><span style=\"color: var(--theme-palette-color-1, #637a90);\" class=\"stk-highlight\">Custom Made<\/span><\/h4><\/div>\n\n\n\n<div class=\"wp-block-stackable-text stk-block-text stk-block stk-6d6da91\" data-block-id=\"6d6da91\"><p class=\"stk-block-text__text\">If you have an idea, we make it come true. We adjust to your needs, both in design and budget.<\/p><\/div>\n<\/div><\/div><\/div>\n\n\n\n<div class=\"wp-block-stackable-column stk-block-column stk-column stk-block stk-0fc677e\" data-v=\"4\" data-block-id=\"0fc677e\"><style>.stk-0fc677e-container{padding-top:24px !important;padding-right:24px !important;padding-bottom:24px !important;padding-left:24px !important;}<\/style><div class=\"stk-column-wrapper stk-block-column__content stk-container stk-0fc677e-container stk--no-background stk--no-padding\"><div class=\"stk-block-content stk-inner-blocks stk-0fc677e-inner-blocks\">\n<div class=\"wp-block-stackable-image stk-block-image stk-block stk-60f645b\" data-block-id=\"60f645b\"><style>.stk-60f645b .stk-img-wrapper{width:80px !important;height:80px !important;}<\/style><figure><span class=\"stk-img-wrapper stk-image--shape-stretch\"><img loading=\"lazy\" decoding=\"async\" class=\"stk-img wp-image-1358\" src=\"https:\/\/littledreambrand.com\/wp-content\/uploads\/2024\/11\/Calidad-siempre.png\" width=\"80\" height=\"80\"\/><\/span><\/figure><\/div>\n\n\n\n<div class=\"wp-block-stackable-heading stk-block-heading stk-block-heading--v2 stk-block stk-458fb19\" id=\"span-style-color-var-theme-palette-color-1-637-a-90-class-stk-highlight-calidad-siempre-span\" data-block-id=\"458fb19\"><style>.stk-458fb19 {margin-bottom:8px !important;}<\/style><h4 class=\"stk-block-heading__text\"><span style=\"color: var(--theme-palette-color-1, #637a90);\" class=\"stk-highlight\">Quality Always<\/span><\/h4><\/div>\n\n\n\n<div class=\"wp-block-stackable-text stk-block-text stk-block stk-fa53ee3\" data-block-id=\"fa53ee3\"><p class=\"stk-block-text__text\">We only use materials that ensure comfort and durability, so you can enjoy your garments for as long as possible.<\/p><\/div>\n<\/div><\/div><\/div>\n<\/div><\/div>\n\n\n\n<div class=\"wp-block-stackable-spacer stk-block-spacer stk--no-padding stk-block stk-e86ddda\" data-block-id=\"e86ddda\"><\/div>\n<\/div><\/div><\/div>\n<\/div><\/div>","protected":false},"excerpt":{"rendered":"<p>\u00bfQui\u00e9n somos? En Little Dream nos apasiona crear ropa bordada \u00fanica que mezcla lo mejor del mundo geek con un toque de elegancia. Nos inspiramos en videojuegos, anime, pel\u00edculas, series y deportes, para ofrecerte dise\u00f1os modernos, originales y con car\u00e1cter, pensados para quienes buscan algo diferente. Detr\u00e1s de la marca est\u00e1 un dise\u00f1ador gr\u00e1fico que [&hellip;]<\/p>","protected":false},"author":1,"featured_media":0,"parent":0,"menu_order":0,"comment_status":"closed","ping_status":"closed","template":"","meta":{"footnotes":""},"class_list":["post-615","page","type-page","status-publish","hentry"],"blocksy_meta":{"has_hero_section":"disabled","styles_descriptor":{"styles":{"desktop":"","tablet":"","mobile":""},"google_fonts":[],"version":6},"vertical_spacing_source":"custom","content_area_spacing":"none"},"aioseo_notices":[],"jetpack_sharing_enabled":true,"_links":{"self":[{"href":"https:\/\/littledreambrand.com\/en\/wp-json\/wp\/v2\/pages\/615","targetHints":{"allow":["GET"]}}],"collection":[{"href":"https:\/\/littledreambrand.com\/en\/wp-json\/wp\/v2\/pages"}],"about":[{"href":"https:\/\/littledreambrand.com\/en\/wp-json\/wp\/v2\/types\/page"}],"author":[{"embeddable":true,"href":"https:\/\/littledreambrand.com\/en\/wp-json\/wp\/v2\/users\/1"}],"replies":[{"embeddable":true,"href":"https:\/\/littledreambrand.com\/en\/wp-json\/wp\/v2\/comments?post=615"}],"version-history":[{"count":41,"href":"https:\/\/littledreambrand.com\/en\/wp-json\/wp\/v2\/pages\/615\/revisions"}],"predecessor-version":[{"id":1809,"href":"https:\/\/littledreambrand.com\/en\/wp-json\/wp\/v2\/pages\/615\/revisions\/1809"}],"wp:attachment":[{"href":"https:\/\/littledreambrand.com\/en\/wp-json\/wp\/v2\/media?parent=615"}],"curies":[{"name":"wp","href":"https:\/\/api.w.org\/{rel}","templated":true}]}}