{"id":606,"date":"2024-11-12T16:36:53","date_gmt":"2024-11-12T15:36:53","guid":{"rendered":"https:\/\/littledreambrand.com\/?page_id=606"},"modified":"2024-11-13T08:49:47","modified_gmt":"2024-11-13T07:49:47","slug":"condiciones-de-venta","status":"publish","type":"page","link":"https:\/\/littledreambrand.com\/en\/condiciones-de-venta\/","title":{"rendered":"Terms &amp; conditions"},"content":{"rendered":"<div class=\"wp-block-stackable-columns stk-block-columns stk-block stk-91b7043\" data-block-id=\"91b7043\"><div class=\"stk-row stk-inner-blocks stk-block-content stk-content-align stk-91b7043-column\">\n<div class=\"wp-block-stackable-column stk-block-column stk-column stk-block stk-038a2b0\" data-v=\"4\" data-block-id=\"038a2b0\"><div class=\"stk-column-wrapper stk-block-column__content stk-container stk-038a2b0-container stk--no-background stk--no-padding\"><div class=\"stk-block-content stk-inner-blocks stk-038a2b0-inner-blocks\">\n<div class=\"wp-block-stackable-spacer stk-block-spacer stk--no-padding stk-block stk-34a884c\" data-block-id=\"34a884c\"><\/div>\n\n\n\n<div class=\"wp-block-stackable-heading stk-block-heading stk-block-heading--v2 stk-block stk-dc0d6e2\" id=\"span-style-color-var-theme-palette-color-2-f-5-c-244-class-stk-highlight-condiciones-de-envio-span\" data-block-id=\"dc0d6e2\"><style>.stk-dc0d6e2 {margin-bottom:10px !important;}<\/style><h2 class=\"stk-block-heading__text\"><span style=\"color: var(--theme-palette-color-2, #F5C244);\" class=\"stk-highlight\">Condiciones de Env\u00edo<\/span><\/h2><\/div>\n\n\n\n<div class=\"wp-block-stackable-text stk-block-text stk-block stk-37ebfba\" data-block-id=\"37ebfba\"><p class=\"stk-block-text__text\">En Little Dream, nos comprometemos a que tu experiencia de compra sea lo m\u00e1s satisfactoria posible. Por ello, te ofrecemos un proceso de env\u00edo claro, seguro y eficiente. A continuaci\u00f3n, te explicamos todo lo que necesitas saber sobre nuestras condiciones de env\u00edo.<\/p><\/div>\n\n\n\n<div class=\"wp-block-stackable-heading stk-block-heading stk-block-heading--v2 stk-block stk-d0a17c7\" id=\"span-style-color-var-theme-palette-color-1-637-a-90-class-stk-highlight-1-zonas-de-envio-span\" data-block-id=\"d0a17c7\"><style>.stk-d0a17c7 {margin-bottom:10px !important;}<\/style><h3 class=\"stk-block-heading__text\"><span style=\"color: var(--theme-palette-color-1, #637a90);\" class=\"stk-highlight\">1. Zonas de Env\u00edo<\/span><\/h3><\/div>\n\n\n\n<div class=\"wp-block-stackable-text stk-block-text stk-block stk-fdb772d\" id=\"span-style-color-var-theme-palette-color-1-637-a-90-class-stk-highlight-1-zonas-de-envio-span\" data-block-id=\"fdb772d\"><p class=\"stk-block-text__text\">Realizamos env\u00edos a nivel nacional. Actualmente, las siguientes zonas est\u00e1n habilitadas para recibir nuestros productos:<\/p><\/div>\n\n\n\n<div class=\"wp-block-stackable-text stk-block-text stk-block stk-dfbdfe9\" id=\"span-style-color-var-theme-palette-color-1-637-a-90-class-stk-highlight-1-zonas-de-envio-span\" data-block-id=\"dfbdfe9\"><style>.stk-dfbdfe9 {margin-bottom:14px !important;}<\/style><p class=\"stk-block-text__text\"><strong>\u00b7 Espa\u00f1a peninsular<\/strong><\/p><\/div>\n\n\n\n<div class=\"wp-block-stackable-text stk-block-text stk-block stk-33fbd8c\" id=\"span-style-color-var-theme-palette-color-1-637-a-90-class-stk-highlight-1-zonas-de-envio-span\" data-block-id=\"33fbd8c\"><p class=\"stk-block-text__text\"><strong>\u00b7 Islas Baleares<\/strong><\/p><\/div>\n\n\n\n<div class=\"wp-block-stackable-text stk-block-text stk-block stk-df5805d\" id=\"span-style-color-var-theme-palette-color-1-637-a-90-class-stk-highlight-1-zonas-de-envio-span\" data-block-id=\"df5805d\"><p class=\"stk-block-text__text\">Si tu ubicaci\u00f3n no se encuentra en las zonas listadas, por favor cont\u00e1ctanos a trav\u00e9s de info@littledreambrand.com para m\u00e1s detalles sobre la disponibilidad de env\u00edo.<\/p><\/div>\n\n\n\n<div class=\"wp-block-stackable-heading stk-block-heading stk-block-heading--v2 stk-block stk-280ab75\" id=\"span-style-color-var-theme-palette-color-1-637-a-90-class-stk-highlight-2-tiempos-de-envio-span\" data-block-id=\"280ab75\"><style>.stk-280ab75 {margin-bottom:10px !important;}<\/style><h3 class=\"stk-block-heading__text\"><span style=\"color: var(--theme-palette-color-1, #637a90);\" class=\"stk-highlight\">2. Tiempos de Env\u00edo<\/span><\/h3><\/div>\n\n\n\n<div class=\"wp-block-stackable-text stk-block-text stk-block stk-42b959d\" data-block-id=\"42b959d\"><p class=\"stk-block-text__text\">Dado que todos nuestros productos est\u00e1n bordados a mano con atenci\u00f3n especial a los detalles, los tiempos de env\u00edo pueden variar ligeramente dependiendo del producto y la cantidad de tu pedido. Los plazos estimados son los siguientes:<\/p><\/div>\n\n\n\n<div class=\"wp-block-stackable-text stk-block-text stk-block stk-794ae74\" data-block-id=\"794ae74\"><style>.stk-794ae74 {margin-bottom:14px !important;}<\/style><p class=\"stk-block-text__text\"><strong>\u00b7 Env\u00edos nacionales (Espa\u00f1a peninsular): <\/strong>entre 3 y 7 d\u00edas h\u00e1biles desde la confirmaci\u00f3n del env\u00edo.<\/p><\/div>\n\n\n\n<div class=\"wp-block-stackable-text stk-block-text stk-block stk-bcfe75b\" data-block-id=\"bcfe75b\"><p class=\"stk-block-text__text\"><strong>\u00b7 Env\u00edos a Islas Baleares: <\/strong>entre 5 y 10 d\u00edas h\u00e1biles desde la confirmaci\u00f3n del env\u00edo.<\/p><\/div>\n\n\n\n<div class=\"wp-block-stackable-text stk-block-text stk-block stk-38ac4fb\" data-block-id=\"38ac4fb\"><p class=\"stk-block-text__text\">Ten en cuenta que estos plazos pueden verse afectados por eventos extraordinarios (como d\u00edas festivos, huelgas, o condiciones clim\u00e1ticas adversas).<\/p><\/div>\n\n\n\n<div class=\"wp-block-stackable-heading stk-block-heading stk-block-heading--v2 stk-block stk-b4900c8\" id=\"span-style-color-var-theme-palette-color-1-637-a-90-class-stk-highlight-3-costos-de-envio-span\" data-block-id=\"b4900c8\"><style>.stk-b4900c8 {margin-bottom:10px !important;}<\/style><h3 class=\"stk-block-heading__text\"><span style=\"color: var(--theme-palette-color-1, #637a90);\" class=\"stk-highlight\">3. Costos de Env\u00edo<\/span><\/h3><\/div>\n\n\n\n<div class=\"wp-block-stackable-text stk-block-text stk-block stk-063ea93\" id=\"span-style-color-var-theme-palette-color-1-637-a-90-class-stk-highlight-3-costos-de-envio-span\" data-block-id=\"063ea93\"><p class=\"stk-block-text__text\">Los costos de env\u00edo var\u00edan seg\u00fan el destino y el peso del paquete. Los detalles exactos del costo de env\u00edo se calcular\u00e1n autom\u00e1ticamente en el proceso de pago, antes de que confirmes tu pedido.<\/p><\/div>\n\n\n\n<div class=\"wp-block-stackable-heading stk-block-heading stk-block-heading--v2 stk-block stk-dbd8fb2\" id=\"span-style-color-var-theme-palette-color-1-637-a-90-class-stk-highlight-4-cambios-o-retrasos-en-el-envio-span\" data-block-id=\"dbd8fb2\"><style>.stk-dbd8fb2 {margin-bottom:10px !important;}<\/style><h3 class=\"stk-block-heading__text\"><span style=\"color: var(--theme-palette-color-1, #637a90);\" class=\"stk-highlight\">4. Cambios o Retrasos en el Env\u00edo<\/span><\/h3><\/div>\n\n\n\n<div class=\"wp-block-stackable-text stk-block-text stk-block stk-1bcb065\" id=\"span-style-color-var-theme-palette-color-1-637-a-90-class-stk-highlight-4-cambios-o-retrasos-en-el-envio-span\" data-block-id=\"1bcb065\"><style>.stk-1bcb065 {margin-bottom:14px !important;}<\/style><p class=\"stk-block-text__text\">Aunque nos esforzamos por enviar todos los pedidos dentro de los plazos establecidos, en ocasiones pueden ocurrir retrasos por circunstancias fuera de nuestro control, como condiciones meteorol\u00f3gicas adversas, problemas log\u00edsticos o imprevistos con las empresas de mensajer\u00eda.<\/p><\/div>\n\n\n\n<div class=\"wp-block-stackable-text stk-block-text stk-block stk-a10fff4\" id=\"span-style-color-var-theme-palette-color-1-637-a-90-class-stk-highlight-2-tiempos-de-envio-span\" data-block-id=\"a10fff4\"><p class=\"stk-block-text__text\">Si tu pedido experimenta un retraso significativo o si tienes dudas sobre el estado del mismo, no dudes en ponerte en contacto con nosotros a trav\u00e9s de info@littledreambrand.com y te proporcionaremos informaci\u00f3n actualizada sobre el estado de tu env\u00edo.<\/p><\/div>\n\n\n\n<div class=\"wp-block-stackable-heading stk-block-heading stk-block-heading--v2 stk-block stk-b0133c9\" id=\"span-style-color-var-theme-palette-color-1-637-a-90-class-stk-highlight-5-devoluciones-y-problemas-con-el-envio-span\" data-block-id=\"b0133c9\"><style>.stk-b0133c9 {margin-bottom:10px !important;}<\/style><h3 class=\"stk-block-heading__text\"><span style=\"color: var(--theme-palette-color-1, #637a90);\" class=\"stk-highlight\">5. Devoluciones y Problemas con el Env\u00edo<\/span><\/h3><\/div>\n\n\n\n<div class=\"wp-block-stackable-text stk-block-text stk-block stk-1492ddb\" id=\"span-style-color-var-theme-palette-color-1-637-a-90-class-stk-highlight-6-garantia-de-satisfaccion-span\" data-block-id=\"1492ddb\"><style>.stk-1492ddb {margin-bottom:14px !important;}<\/style><p class=\"stk-block-text__text\">Si recibes un producto da\u00f1ado o incorrecto, por favor cont\u00e1ctanos inmediatamente dentro de las primeras 24 horas de recibir tu pedido. Aseg\u00farate de conservar el embalaje original y tomar fotograf\u00edas del da\u00f1o para poder tramitar la devoluci\u00f3n o reemplazo.<\/p><\/div>\n\n\n\n<div class=\"wp-block-stackable-text stk-block-text stk-block stk-6900c4a\" id=\"span-style-color-var-theme-palette-color-1-637-a-90-class-stk-highlight-6-garantia-de-satisfaccion-span\" data-block-id=\"6900c4a\"><p class=\"stk-block-text__text\">Para m\u00e1s detalles sobre c\u00f3mo gestionar una devoluci\u00f3n, consulta nuestra <strong><a href=\"https:\/\/littledreambrand.com\/en\/condiciones-de-devolucion\/\" title=\"\">Pol\u00edtica de Devoluciones<\/a><\/strong>.<\/p><\/div>\n\n\n\n<div class=\"wp-block-stackable-heading stk-block-heading stk-block-heading--v2 stk-block stk-afcb96a\" id=\"span-style-color-var-theme-palette-color-1-637-a-90-class-stk-highlight-6-garantia-de-satisfaccion-span\" data-block-id=\"afcb96a\"><style>.stk-afcb96a {margin-bottom:10px !important;}<\/style><h3 class=\"stk-block-heading__text\"><span style=\"color: var(--theme-palette-color-1, #637a90);\" class=\"stk-highlight\">6. Garant\u00eda de Satisfacci\u00f3n<\/span><\/h3><\/div>\n\n\n\n<div class=\"wp-block-stackable-text stk-block-text stk-block stk-a521612\" id=\"span-style-color-var-theme-palette-color-1-637-a-90-class-stk-highlight-2-tiempos-de-envio-span\" data-block-id=\"a521612\"><p class=\"stk-block-text__text\">En Little Dream, nos preocupamos por tu satisfacci\u00f3n. Si no est\u00e1s completamente satisfecho con tu pedido o si experimentas alg\u00fan problema con el env\u00edo, nuestro equipo de atenci\u00f3n al cliente estar\u00e1 encantado de ayudarte a resolver cualquier inconveniente de la mejor manera posible.<\/p><\/div>\n\n\n\n<div class=\"wp-block-stackable-spacer stk-block-spacer stk--no-padding stk-block stk-7cf92f4\" data-block-id=\"7cf92f4\"><\/div>\n<\/div><\/div><\/div>\n<\/div><\/div>","protected":false},"excerpt":{"rendered":"<p>Condiciones de Env\u00edo En Little Dream, nos comprometemos a que tu experiencia de compra sea lo m\u00e1s satisfactoria posible. Por ello, te ofrecemos un proceso de env\u00edo claro, seguro y eficiente. A continuaci\u00f3n, te explicamos todo lo que necesitas saber sobre nuestras condiciones de env\u00edo. 1. Zonas de Env\u00edo Realizamos env\u00edos a nivel nacional. Actualmente, [&hellip;]<\/p>","protected":false},"author":1,"featured_media":0,"parent":0,"menu_order":0,"comment_status":"closed","ping_status":"closed","template":"","meta":{"footnotes":""},"class_list":["post-606","page","type-page","status-publish","hentry"],"blocksy_meta":{"has_hero_section":"disabled","styles_descriptor":{"styles":{"desktop":"","tablet":"","mobile":""},"google_fonts":[],"version":6},"vertical_spacing_source":"custom","content_area_spacing":"none"},"aioseo_notices":[],"jetpack_sharing_enabled":true,"_links":{"self":[{"href":"https:\/\/littledreambrand.com\/en\/wp-json\/wp\/v2\/pages\/606","targetHints":{"allow":["GET"]}}],"collection":[{"href":"https:\/\/littledreambrand.com\/en\/wp-json\/wp\/v2\/pages"}],"about":[{"href":"https:\/\/littledreambrand.com\/en\/wp-json\/wp\/v2\/types\/page"}],"author":[{"embeddable":true,"href":"https:\/\/littledreambrand.com\/en\/wp-json\/wp\/v2\/users\/1"}],"replies":[{"embeddable":true,"href":"https:\/\/littledreambrand.com\/en\/wp-json\/wp\/v2\/comments?post=606"}],"version-history":[{"count":8,"href":"https:\/\/littledreambrand.com\/en\/wp-json\/wp\/v2\/pages\/606\/revisions"}],"predecessor-version":[{"id":654,"href":"https:\/\/littledreambrand.com\/en\/wp-json\/wp\/v2\/pages\/606\/revisions\/654"}],"wp:attachment":[{"href":"https:\/\/littledreambrand.com\/en\/wp-json\/wp\/v2\/media?parent=606"}],"curies":[{"name":"wp","href":"https:\/\/api.w.org\/{rel}","templated":true}]}}