{"id":562,"date":"2024-11-12T11:09:07","date_gmt":"2024-11-12T10:09:07","guid":{"rendered":"https:\/\/littledreambrand.com\/?page_id=562"},"modified":"2024-11-12T11:42:11","modified_gmt":"2024-11-12T10:42:11","slug":"aviso-legal","status":"publish","type":"page","link":"https:\/\/littledreambrand.com\/en\/aviso-legal\/","title":{"rendered":"Legal notice"},"content":{"rendered":"<div class=\"wp-block-stackable-columns stk-block-columns stk-block stk-9698655\" data-block-id=\"9698655\"><style>.stk-9698655 {max-width:1200px !important;min-width:auto !important;}<\/style><div class=\"stk-row stk-inner-blocks stk-block-content stk-content-align stk-9698655-column\">\n<div class=\"wp-block-stackable-column stk-block-column stk-column stk-block stk-5b368fe\" data-v=\"4\" data-block-id=\"5b368fe\"><div class=\"stk-column-wrapper stk-block-column__content stk-container stk-5b368fe-container stk--no-background stk--no-padding\"><div class=\"stk-block-content stk-inner-blocks stk-5b368fe-inner-blocks\">\n<div class=\"wp-block-stackable-spacer stk-block-spacer stk--no-padding stk-block stk-44e0bf2\" data-block-id=\"44e0bf2\"><\/div>\n\n\n\n<div class=\"wp-block-stackable-heading stk-block-heading stk-block-heading--v2 stk-block stk-000f999\" id=\"span-style-color-var-theme-palette-color-2-f-5-c-244-class-stk-highlight-aviso-legal-span\" data-block-id=\"000f999\"><style>.stk-000f999 {margin-bottom:10px !important;}<\/style><h2 class=\"stk-block-heading__text\"><span style=\"color: var(--theme-palette-color-2, #F5C244);\" class=\"stk-highlight\">Legal notice<\/span><\/h2><\/div>\n\n\n\n<div class=\"wp-block-stackable-text stk-block-text stk-block stk-9febd4f\" id=\"span-style-color-var-theme-palette-color-2-f-5-c-244-class-stk-highlight-aviso-legal-span\" data-block-id=\"9febd4f\"><p class=\"stk-block-text__text\"><strong>Little Dream<\/strong> (en adelante, &#8220;nosotros&#8221; o &#8220;la tienda&#8221;) es una tienda online de venta de ropa, cuya actividad se encuentra sujeta a las siguientes condiciones legales. Al acceder y utilizar este sitio web, aceptas y te comprometes a cumplir con los t\u00e9rminos y condiciones descritos a continuaci\u00f3n. Si no est\u00e1s de acuerdo con estos t\u00e9rminos, te recomendamos no utilizar este sitio.<\/p><\/div>\n\n\n\n<div class=\"wp-block-stackable-heading stk-block-heading stk-block-heading--v2 stk-block stk-19811a4\" id=\"span-style-color-var-theme-palette-color-1-637-a-90-class-stk-highlight-1-informacion-general-span\" data-block-id=\"19811a4\"><style>.stk-19811a4 {margin-bottom:10px !important;}<\/style><h3 class=\"stk-block-heading__text\"><span style=\"color: var(--theme-palette-color-1, #637a90);\" class=\"stk-highlight\">1. Informaci\u00f3n General<\/span><\/h3><\/div>\n\n\n\n<div class=\"wp-block-stackable-text stk-block-text stk-block stk-3e317e8\" id=\"span-style-color-var-theme-palette-color-1-637-a-90-class-stk-highlight-1-informacion-general-span\" data-block-id=\"3e317e8\"><style>.stk-3e317e8 {margin-bottom:14px !important;}<\/style><p class=\"stk-block-text__text\"><strong>\u00b7 Titular del sitio web:<\/strong> Little Dream<\/p><\/div>\n\n\n\n<div class=\"wp-block-stackable-text stk-block-text stk-block stk-2bb9bc5\" id=\"span-style-color-var-theme-palette-color-1-637-a-90-class-stk-highlight-1-informacion-general-span\" data-block-id=\"2bb9bc5\"><style>.stk-2bb9bc5 {margin-bottom:14px !important;}<\/style><p class=\"stk-block-text__text\"><strong>\u00b7 Raz\u00f3n social:<\/strong> Alejandro Carriedo Milan<\/p><\/div>\n\n\n\n<div class=\"wp-block-stackable-text stk-block-text stk-block stk-6f8a1f3\" data-block-id=\"6f8a1f3\"><style>.stk-6f8a1f3 {margin-bottom:14px !important;}<\/style><p class=\"stk-block-text__text\"><strong>\u00b7 NIF\/CIF:<\/strong> 45882030C<\/p><\/div>\n\n\n\n<div class=\"wp-block-stackable-text stk-block-text stk-block stk-9eba374\" data-block-id=\"9eba374\"><style>.stk-9eba374 {margin-bottom:14px !important;}<\/style><p class=\"stk-block-text__text\"><strong>\u00b7 Direcci\u00f3n:<\/strong> Carrer Ermot 15 1\u00ba 1\u00aa 08221 Castellar del Vall\u00e9s<\/p><\/div>\n\n\n\n<div class=\"wp-block-stackable-text stk-block-text stk-block stk-3bcd978\" data-block-id=\"3bcd978\"><style>.stk-3bcd978 {margin-bottom:14px !important;}<\/style><p class=\"stk-block-text__text\"><strong>\u00b7<\/strong> <strong>Correo electr\u00f3nico<\/strong>: info@littledreambrand.com<\/p><\/div>\n\n\n\n<div class=\"wp-block-stackable-text stk-block-text stk-block stk-4642bac\" data-block-id=\"4642bac\"><style>.stk-4642bac {margin-bottom:14px !important;}<\/style><p class=\"stk-block-text__text\"><strong>\u00b7 Tel\u00e9fono de contacto:<\/strong> 693 94 31 53<\/p><\/div>\n\n\n\n<div class=\"wp-block-stackable-text stk-block-text stk-block stk-3d4e8ff\" data-block-id=\"3d4e8ff\"><p class=\"stk-block-text__text\"><strong>\u00b7 Actividad del sitio:<\/strong> Venta online de ropa y accesorios.<\/p><\/div>\n\n\n\n<div class=\"wp-block-stackable-text stk-block-text stk-block stk-5328f02\" data-block-id=\"5328f02\"><p class=\"stk-block-text__text\">Este sitio web est\u00e1 operado y gestionado por Little Dream y est\u00e1 destinado exclusivamente para su uso personal, comercial y profesional dentro de los t\u00e9rminos establecidos en este aviso legal.<\/p><\/div>\n\n\n\n<div class=\"wp-block-stackable-heading stk-block-heading stk-block-heading--v2 stk-block stk-88fb3e6\" id=\"span-style-color-var-theme-palette-color-1-637-a-90-class-stk-highlight-2-propiedad-intelectual-span\" data-block-id=\"88fb3e6\"><style>.stk-88fb3e6 {margin-bottom:10px !important;}<\/style><h3 class=\"stk-block-heading__text\"><span style=\"color: var(--theme-palette-color-1, #637a90);\" class=\"stk-highlight\">2. Propiedad Intelectual<\/span><\/h3><\/div>\n\n\n\n<div class=\"wp-block-stackable-text stk-block-text stk-block stk-d97ad24\" id=\"span-style-color-var-theme-palette-color-1-637-a-90-class-stk-highlight-2-propiedad-intelectual-span\" data-block-id=\"d97ad24\"><style>.stk-d97ad24 {margin-bottom:14px !important;}<\/style><p class=\"stk-block-text__text\">Todos los contenidos de este sitio web, incluidos textos, im\u00e1genes, logos, gr\u00e1ficos, archivos de sonido, v\u00eddeos, y software, son propiedad de Little Dream o de sus licenciantes, y est\u00e1n protegidos por derechos de autor, marcas registradas y otros derechos de propiedad intelectual.<\/p><\/div>\n\n\n\n<div class=\"wp-block-stackable-text stk-block-text stk-block stk-e6c3289\" id=\"span-style-color-var-theme-palette-color-1-637-a-90-class-stk-highlight-2-propiedad-intelectual-span\" data-block-id=\"e6c3289\"><p class=\"stk-block-text__text\">Queda estrictamente prohibida la reproducci\u00f3n, distribuci\u00f3n, modificaci\u00f3n, transmisi\u00f3n, reutilizaci\u00f3n, descarga, y\/o uso de cualquier contenido sin el permiso expreso por escrito de Little Dream, salvo para el uso personal, no comercial, y conforme a lo dispuesto en la ley.<\/p><\/div>\n\n\n\n<div class=\"wp-block-stackable-heading stk-block-heading stk-block-heading--v2 stk-block stk-fb08085\" id=\"span-style-color-var-theme-palette-color-1-637-a-90-class-stk-highlight-3-condiciones-de-uso-span\" data-block-id=\"fb08085\"><style>.stk-fb08085 {margin-bottom:10px !important;}<\/style><h3 class=\"stk-block-heading__text\"><span style=\"color: var(--theme-palette-color-1, #637a90);\" class=\"stk-highlight\">3. Condiciones de Uso<\/span><\/h3><\/div>\n\n\n\n<div class=\"wp-block-stackable-text stk-block-text stk-block stk-4b8dcc0\" id=\"span-style-color-var-theme-palette-color-1-637-a-90-class-stk-highlight-3-condiciones-de-uso-span\" data-block-id=\"4b8dcc0\"><style>.stk-4b8dcc0 {margin-bottom:14px !important;}<\/style><p class=\"stk-block-text__text\">Al acceder y navegar por nuestra tienda online, te comprometes a hacerlo de manera legal y conforme a las leyes aplicables. En particular, te comprometes a no realizar ninguna de las siguientes acciones:<\/p><\/div>\n\n\n\n<div class=\"wp-block-stackable-text stk-block-text stk-block stk-724c6d9\" id=\"span-style-color-var-theme-palette-color-1-637-a-90-class-stk-highlight-3-condiciones-de-uso-span\" data-block-id=\"724c6d9\"><style>.stk-724c6d9 {margin-bottom:14px !important;}<\/style><p class=\"stk-block-text__text\"><strong>\u00b7 <\/strong>Realizar compras falsas o fraudulentas.<\/p><\/div>\n\n\n\n<div class=\"wp-block-stackable-text stk-block-text stk-block stk-50faa21\" data-block-id=\"50faa21\"><style>.stk-50faa21 {margin-bottom:14px !important;}<\/style><p class=\"stk-block-text__text\"><strong>\u00b7 <\/strong>Usar el sitio de forma que pueda da\u00f1ar, deshabilitar, sobrecargar o deteriorar el funcionamiento del sitio web.<\/p><\/div>\n\n\n\n<div class=\"wp-block-stackable-text stk-block-text stk-block stk-c3580cc\" data-block-id=\"c3580cc\"><style>.stk-c3580cc {margin-bottom:14px !important;}<\/style><p class=\"stk-block-text__text\"><strong>\u00b7 <\/strong>Utilizar el sitio web de manera que infrinja los derechos de propiedad intelectual de [Nombre de tu tienda] o de terceros.<\/p><\/div>\n\n\n\n<div class=\"wp-block-stackable-text stk-block-text stk-block stk-b459c6a\" data-block-id=\"b459c6a\"><p class=\"stk-block-text__text\"><strong>\u00b7 <\/strong>Enviar informaci\u00f3n o material que sea difamatorio, obsceno, ilegal o que infrinja los derechos de terceros.<\/p><\/div>\n\n\n\n<div class=\"wp-block-stackable-heading stk-block-heading stk-block-heading--v2 stk-block stk-f12f932\" id=\"span-style-color-var-theme-palette-color-1-637-a-90-class-stk-highlight-4-responsabilidad-span\" data-block-id=\"f12f932\"><style>.stk-f12f932 {margin-bottom:10px !important;}<\/style><h3 class=\"stk-block-heading__text\"><span style=\"color: var(--theme-palette-color-1, #637a90);\" class=\"stk-highlight\">4. Responsabilidad<\/span><\/h3><\/div>\n\n\n\n<div class=\"wp-block-stackable-text stk-block-text stk-block stk-379f31f\" id=\"span-style-color-var-theme-palette-color-1-637-a-90-class-stk-highlight-4-responsabilidad-span\" data-block-id=\"379f31f\"><style>.stk-379f31f {margin-bottom:14px !important;}<\/style><p class=\"stk-block-text__text\">Aunque nos esforzamos por asegurar que toda la informaci\u00f3n en este sitio web sea precisa y est\u00e9 actualizada, no podemos garantizar la total exactitud, fiabilidad, o integridad de los contenidos. Los precios, disponibilidad de productos y condiciones de venta pueden cambiar sin previo aviso.<\/p><\/div>\n\n\n\n<div class=\"wp-block-stackable-text stk-block-text stk-block stk-20cad31\" data-block-id=\"20cad31\"><p class=\"stk-block-text__text\"><strong>Little Dream<\/strong> no ser\u00e1 responsable por da\u00f1os directos o indirectos, p\u00e9rdidas de ganancias o da\u00f1os a datos que surjan del uso o imposibilidad de uso de este sitio, incluyendo aquellos derivados de errores en la informaci\u00f3n proporcionada, virus inform\u00e1ticos, interrupciones o fallos en el servicio.<\/p><\/div>\n\n\n\n<div class=\"wp-block-stackable-heading stk-block-heading stk-block-heading--v2 stk-block stk-0db6103\" id=\"span-style-color-var-theme-palette-color-1-637-a-90-class-stk-highlight-5-politica-de-enlaces-span\" data-block-id=\"0db6103\"><style>.stk-0db6103 {margin-bottom:10px !important;}<\/style><h3 class=\"stk-block-heading__text\"><span style=\"color: var(--theme-palette-color-1, #637a90);\" class=\"stk-highlight\">5. Pol\u00edtica de Enlaces<\/span><\/h3><\/div>\n\n\n\n<div class=\"wp-block-stackable-text stk-block-text stk-block stk-58d58d1\" id=\"span-style-color-var-theme-palette-color-1-637-a-90-class-stk-highlight-5-politica-de-enlaces-span\" data-block-id=\"58d58d1\"><p class=\"stk-block-text__text\">Este sitio puede contener enlaces a sitios web de terceros. <strong>Little Dream<\/strong> no tiene control sobre dichos sitios y no asume ninguna responsabilidad por el contenido, las pol\u00edticas de privacidad o las pr\u00e1cticas de esos sitios. El acceso a estos enlaces es bajo tu propio riesgo.<\/p><\/div>\n\n\n\n<div class=\"wp-block-stackable-heading stk-block-heading stk-block-heading--v2 stk-block stk-99430f6\" id=\"span-style-color-var-theme-palette-color-1-637-a-90-class-stk-highlight-6-proteccion-de-datos-personales-span\" data-block-id=\"99430f6\"><style>.stk-99430f6 {margin-bottom:10px !important;}<\/style><h3 class=\"stk-block-heading__text\"><span style=\"color: var(--theme-palette-color-1, #637a90);\" class=\"stk-highlight\">6. Protecci\u00f3n de Datos Personales<\/span><\/h3><\/div>\n\n\n\n<div class=\"wp-block-stackable-text stk-block-text stk-block stk-062b54e\" id=\"span-style-color-var-theme-palette-color-1-637-a-90-class-stk-highlight-6-proteccion-de-datos-personales-span\" data-block-id=\"062b54e\"><p class=\"stk-block-text__text\">En cumplimiento con la normativa vigente en materia de protecci\u00f3n de datos personales, te informamos que los datos que facilites al realizar compras o registrarte en nuestra tienda ser\u00e1n tratados conforme a nuestra <strong>Pol\u00edtica de Privacidad<\/strong>. Para m\u00e1s informaci\u00f3n sobre c\u00f3mo recopilamos, procesamos y protegemos tu informaci\u00f3n personal, consulta nuestra pol\u00edtica completa en el siguiente enlace: <strong><a href=\"https:\/\/littledreambrand.com\/en\/politica-de-privacidad\/\" title=\"\">Pol\u00edtica de Privacidad<\/a><\/strong>.<\/p><\/div>\n\n\n\n<div class=\"wp-block-stackable-heading stk-block-heading stk-block-heading--v2 stk-block stk-882100b\" id=\"span-style-color-var-theme-palette-color-1-637-a-90-class-stk-highlight-7-modificaciones-del-aviso-legal-span\" data-block-id=\"882100b\"><style>.stk-882100b {margin-bottom:10px !important;}<\/style><h3 class=\"stk-block-heading__text\"><span style=\"color: var(--theme-palette-color-1, #637a90);\" class=\"stk-highlight\">7. Modificaciones del Aviso Legal<\/span><\/h3><\/div>\n\n\n\n<div class=\"wp-block-stackable-text stk-block-text stk-block stk-f256c0b\" id=\"span-style-color-var-theme-palette-color-1-637-a-90-class-stk-highlight-7-modificaciones-del-aviso-legal-span\" data-block-id=\"f256c0b\"><style>.stk-f256c0b {margin-bottom:14px !important;}<\/style><p class=\"stk-block-text__text\">Nos reservamos el derecho de modificar, actualizar o revisar este Aviso Legal en cualquier momento. Cualquier cambio ser\u00e1 publicado en esta p\u00e1gina, y la fecha de la \u00faltima actualizaci\u00f3n se reflejar\u00e1 al final del aviso.<\/p><\/div>\n\n\n\n<div class=\"wp-block-stackable-text stk-block-text stk-block stk-5c4ece9\" id=\"span-style-color-var-theme-palette-color-1-637-a-90-class-stk-highlight-7-modificaciones-del-aviso-legal-span\" data-block-id=\"5c4ece9\"><p class=\"stk-block-text__text\">Te recomendamos que revises peri\u00f3dicamente este Aviso Legal para estar al tanto de cualquier cambio. El uso continuado del sitio web tras la publicaci\u00f3n de las modificaciones implica la aceptaci\u00f3n de los mismos.<\/p><\/div>\n\n\n\n<div class=\"wp-block-stackable-heading stk-block-heading stk-block-heading--v2 stk-block stk-4917653\" id=\"span-style-color-var-theme-palette-color-1-637-a-90-class-stk-highlight-8-ley-aplicable-y-jurisdiccion-span\" data-block-id=\"4917653\"><style>.stk-4917653 {margin-bottom:10px !important;}<\/style><h3 class=\"stk-block-heading__text\"><span style=\"color: var(--theme-palette-color-1, #637a90);\" class=\"stk-highlight\">8. Ley Aplicable y Jurisdicci\u00f3n<\/span><\/h3><\/div>\n\n\n\n<div class=\"wp-block-stackable-text stk-block-text stk-block stk-903ba34\" id=\"span-style-color-var-theme-palette-color-1-637-a-90-class-stk-highlight-7-modificaciones-del-aviso-legal-span\" data-block-id=\"903ba34\"><p class=\"stk-block-text__text\">Este Aviso Legal se regir\u00e1 e interpretar\u00e1 de acuerdo con las leyes de Espa\u00f1a. En caso de controversias que no puedan resolverse de manera amistosa, las partes se someten a los tribunales de [ciudad o regi\u00f3n], con renuncia expresa a cualquier otro fuero que pudiera corresponderles.<\/p><\/div>\n\n\n\n<div class=\"wp-block-stackable-heading stk-block-heading stk-block-heading--v2 stk-block stk-ac59497\" id=\"span-style-color-var-theme-palette-color-1-637-a-90-class-stk-highlight-9-contacto-span\" data-block-id=\"ac59497\"><style>.stk-ac59497 {margin-bottom:10px !important;}<\/style><h3 class=\"stk-block-heading__text\"><span style=\"color: var(--theme-palette-color-1, #637a90);\" class=\"stk-highlight\">9. Contacto<\/span><\/h3><\/div>\n\n\n\n<div class=\"wp-block-stackable-text stk-block-text stk-block stk-c9d61ec\" data-block-id=\"c9d61ec\"><p class=\"stk-block-text__text\">Si tienes alguna pregunta sobre este Aviso Legal o sobre cualquier aspecto relacionado con el uso de nuestro sitio web, no dudes en ponerte en contacto con nosotros a trav\u00e9s de los siguientes medios:<\/p><\/div>\n\n\n\n<div class=\"wp-block-stackable-text stk-block-text stk-block stk-7f98139\" data-block-id=\"7f98139\"><style>.stk-7f98139 {margin-bottom:14px !important;}<\/style><p class=\"stk-block-text__text\"><strong>\u00b7<\/strong> <strong>Correo electr\u00f3nico<\/strong>: info@littledreambrand.com<\/p><\/div>\n\n\n\n<div class=\"wp-block-stackable-text stk-block-text stk-block stk-83f5b7e\" data-block-id=\"83f5b7e\"><style>.stk-83f5b7e {margin-bottom:14px !important;}<\/style><p class=\"stk-block-text__text\"><strong>\u00b7 Tel\u00e9fono de contacto:<\/strong> 693 94 31 53<\/p><\/div>\n\n\n\n<div class=\"wp-block-stackable-text stk-block-text stk-block stk-3591a4e\" data-block-id=\"3591a4e\"><p class=\"stk-block-text__text\"><strong>\u00b7 Direcci\u00f3n:<\/strong> Carrer Ermot 15 1\u00ba 1\u00aa 08221 Castellar del Vall\u00e9s<\/p><\/div>\n\n\n\n<div class=\"wp-block-stackable-spacer stk-block-spacer stk--no-padding stk-block stk-16eb061\" data-block-id=\"16eb061\"><style>.stk-16eb061 {height:50px !important;}<\/style><\/div>\n<\/div><\/div><\/div>\n<\/div><\/div>","protected":false},"excerpt":{"rendered":"<p>Aviso legal Little Dream (en adelante, &#8220;nosotros&#8221; o &#8220;la tienda&#8221;) es una tienda online de venta de ropa, cuya actividad se encuentra sujeta a las siguientes condiciones legales. Al acceder y utilizar este sitio web, aceptas y te comprometes a cumplir con los t\u00e9rminos y condiciones descritos a continuaci\u00f3n. Si no est\u00e1s de acuerdo con [&hellip;]<\/p>","protected":false},"author":1,"featured_media":0,"parent":0,"menu_order":0,"comment_status":"closed","ping_status":"closed","template":"","meta":{"footnotes":""},"class_list":["post-562","page","type-page","status-publish","hentry"],"blocksy_meta":{"has_hero_section":"disabled","vertical_spacing_source":"custom","content_area_spacing":"none","styles_descriptor":{"styles":{"desktop":"","tablet":"","mobile":""},"google_fonts":[],"version":6}},"aioseo_notices":[],"jetpack_sharing_enabled":true,"_links":{"self":[{"href":"https:\/\/littledreambrand.com\/en\/wp-json\/wp\/v2\/pages\/562","targetHints":{"allow":["GET"]}}],"collection":[{"href":"https:\/\/littledreambrand.com\/en\/wp-json\/wp\/v2\/pages"}],"about":[{"href":"https:\/\/littledreambrand.com\/en\/wp-json\/wp\/v2\/types\/page"}],"author":[{"embeddable":true,"href":"https:\/\/littledreambrand.com\/en\/wp-json\/wp\/v2\/users\/1"}],"replies":[{"embeddable":true,"href":"https:\/\/littledreambrand.com\/en\/wp-json\/wp\/v2\/comments?post=562"}],"version-history":[{"count":7,"href":"https:\/\/littledreambrand.com\/en\/wp-json\/wp\/v2\/pages\/562\/revisions"}],"predecessor-version":[{"id":577,"href":"https:\/\/littledreambrand.com\/en\/wp-json\/wp\/v2\/pages\/562\/revisions\/577"}],"wp:attachment":[{"href":"https:\/\/littledreambrand.com\/en\/wp-json\/wp\/v2\/media?parent=562"}],"curies":[{"name":"wp","href":"https:\/\/api.w.org\/{rel}","templated":true}]}}