{"id":507,"date":"2024-11-11T18:42:54","date_gmt":"2024-11-11T17:42:54","guid":{"rendered":"https:\/\/littledreambrand.com\/?page_id=507"},"modified":"2024-11-19T19:08:20","modified_gmt":"2024-11-19T18:08:20","slug":"politica-de-privacidad","status":"publish","type":"page","link":"https:\/\/littledreambrand.com\/en\/politica-de-privacidad\/","title":{"rendered":"Privacy Policy"},"content":{"rendered":"<div class=\"wp-block-stackable-columns stk-block-columns stk-block stk-f1967e1\" data-block-id=\"f1967e1\"><style>.stk-f1967e1-column{max-width:1200px !important;min-width:auto !important;}<\/style><div class=\"stk-row stk-inner-blocks stk-block-content stk-content-align stk-f1967e1-column\">\n<div class=\"wp-block-stackable-column stk-block-column stk-column stk-block stk-3fd2841\" data-v=\"4\" data-block-id=\"3fd2841\"><div class=\"stk-column-wrapper stk-block-column__content stk-container stk-3fd2841-container stk--no-background stk--no-padding\"><div class=\"stk-block-content stk-inner-blocks stk-3fd2841-inner-blocks\">\n<div class=\"wp-block-stackable-spacer stk-block-spacer stk--no-padding stk-block stk-e12ec2e\" data-block-id=\"e12ec2e\"><\/div>\n\n\n\n<div class=\"wp-block-stackable-heading stk-block-heading stk-block-heading--v2 stk-block stk-2d8f190\" id=\"span-style-color-var-theme-palette-color-2-f-5-c-244-class-stk-highlight-politica-de-privacidad-span\" data-block-id=\"2d8f190\"><style>.stk-2d8f190 {margin-bottom:10px !important;}<\/style><h2 class=\"stk-block-heading__text\"><span style=\"color: var(--theme-palette-color-2, #F5C244);\" class=\"stk-highlight\">Pol\u00edtica de Privacidad<\/span><\/h2><\/div>\n\n\n\n<div class=\"wp-block-stackable-text stk-block-text stk-block stk-42c0274\" id=\"span-style-color-var-theme-palette-color-2-f-5-c-244-class-stk-highlight-politica-de-privacidad-span\" data-block-id=\"42c0274\"><p class=\"stk-block-text__text\">En Little Dream, nos comprometemos a proteger tu privacidad y a garantizar que tus datos personales est\u00e9n seguros. Esta Pol\u00edtica de Privacidad describe c\u00f3mo recopilamos, usamos y protegemos la informaci\u00f3n que nos proporcionas al interactuar con nuestra tienda en l\u00ednea.<\/p><\/div>\n\n\n\n<div class=\"wp-block-stackable-text stk-block-text stk-block stk-0ad3d82\" id=\"span-style-color-var-theme-palette-color-2-f-5-c-244-class-stk-highlight-politica-de-privacidad-span\" data-block-id=\"0ad3d82\"><style>.stk-0ad3d82 {margin-bottom:14px !important;}<\/style><p class=\"stk-block-text__text\"><strong>\u00b7 Nombre del dominio:<\/strong> www.littledreambrand.com<\/p><\/div>\n\n\n\n<div class=\"wp-block-stackable-text stk-block-text stk-block stk-09eeff5\" id=\"span-style-color-var-theme-palette-color-2-f-5-c-244-class-stk-highlight-politica-de-privacidad-span\" data-block-id=\"09eeff5\"><style>.stk-09eeff5 {margin-bottom:14px !important;}<\/style><p class=\"stk-block-text__text\"><strong>\u00b7 Nombre del comercio: <\/strong>Little Dream<\/p><\/div>\n\n\n\n<div class=\"wp-block-stackable-text stk-block-text stk-block stk-e39c432\" id=\"span-style-color-var-theme-palette-color-2-f-5-c-244-class-stk-highlight-politica-de-privacidad-span\" data-block-id=\"e39c432\"><style>.stk-e39c432 {margin-bottom:14px !important;}<\/style><p class=\"stk-block-text__text\"><strong>\u00b7 Raz\u00f3n social:<\/strong> Alejandro Carriedo Milan<\/p><\/div>\n\n\n\n<div class=\"wp-block-stackable-text stk-block-text stk-block stk-f8d8333\" id=\"span-style-color-var-theme-palette-color-2-f-5-c-244-class-stk-highlight-politica-de-privacidad-span\" data-block-id=\"f8d8333\"><p class=\"stk-block-text__text\"><strong>\u00b7 NIF:<\/strong> 45882030C<\/p><\/div>\n\n\n\n<div class=\"wp-block-stackable-heading stk-block-heading stk-block-heading--v2 stk-block stk-d2148a5\" id=\"span-style-color-var-theme-palette-color-1-637-a-90-class-stk-highlight-1-informacion-que-recopilamos-span\" data-block-id=\"d2148a5\"><style>.stk-d2148a5 {margin-bottom:10px !important;}<\/style><h3 class=\"stk-block-heading__text\"><span style=\"color: var(--theme-palette-color-1, #637a90);\" class=\"stk-highlight\">1. Informaci\u00f3n que recopilamos<\/span><\/h3><\/div>\n\n\n\n<div class=\"wp-block-stackable-text stk-block-text stk-block stk-d9c38b6\" id=\"span-style-color-var-theme-palette-color-1-637-a-90-class-stk-highlight-1-informacion-que-recopilamos-span\" data-block-id=\"d9c38b6\"><p class=\"stk-block-text__text\">Recopilamos informaci\u00f3n personal cuando realizas compras en nuestra tienda, te registras para recibir actualizaciones o te pones en contacto con nosotros. Esta informaci\u00f3n puede incluir:<\/p><\/div>\n\n\n\n<div class=\"wp-block-stackable-text stk-block-text stk-block stk-48a5753\" id=\"span-style-color-var-theme-palette-color-1-637-a-90-class-stk-highlight-1-informacion-que-recopilamos-span\" data-block-id=\"48a5753\"><style>.stk-48a5753 {margin-bottom:14px !important;}<\/style><p class=\"stk-block-text__text\"><strong>\u00b7<\/strong> <strong>Informaci\u00f3n de uso:<\/strong> detalles sobre c\u00f3mo interact\u00faas con nuestra tienda (por ejemplo, productos vistos, p\u00e1ginas visitadas, etc.) a trav\u00e9s de cookies.<\/p><\/div>\n\n\n\n<div class=\"wp-block-stackable-text stk-block-text stk-block stk-b748785\" id=\"span-style-color-var-theme-palette-color-1-637-a-90-class-stk-highlight-1-informacion-que-recopilamos-span\" data-block-id=\"b748785\"><style>.stk-b748785 {margin-bottom:14px !important;}<\/style><p class=\"stk-block-text__text\"><strong>\u00b7<\/strong> <strong>Datos de contacto:<\/strong> nombre, direcci\u00f3n de correo electr\u00f3nico, n\u00famero de tel\u00e9fono y direcci\u00f3n de env\u00edo.<\/p><\/div>\n\n\n\n<div class=\"wp-block-stackable-text stk-block-text stk-block stk-7717a28\" id=\"span-style-color-var-theme-palette-color-1-637-a-90-class-stk-highlight-1-informacion-que-recopilamos-span\" data-block-id=\"7717a28\"><p class=\"stk-block-text__text\"><strong>\u00b7<\/strong> <strong>Informaci\u00f3n de pago:<\/strong> datos necesarios para procesar tu compra, como informaci\u00f3n de tarjetas de cr\u00e9dito o d\u00e9bito, pero <strong>nunca almacenamos directamente tu informaci\u00f3n de pago.<\/strong> Utilizamos servicios de pago seguros de terceros como Stripe y PayPal.<\/p><\/div>\n\n\n\n<div class=\"wp-block-stackable-heading stk-block-heading stk-block-heading--v2 stk-block stk-79c7421\" id=\"span-style-color-var-theme-palette-color-1-637-a-90-class-stk-highlight-2-como-usamos-tu-informacion-span\" data-block-id=\"79c7421\"><style>.stk-79c7421 {margin-bottom:10px !important;}<\/style><h3 class=\"stk-block-heading__text\"><span style=\"color: var(--theme-palette-color-1, #637a90);\" class=\"stk-highlight\">2. \u00bfC\u00f3mo usamos tu informaci\u00f3n?<\/span><\/h3><\/div>\n\n\n\n<div class=\"wp-block-stackable-text stk-block-text stk-block stk-a59a69a\" id=\"span-style-color-var-theme-palette-color-1-637-a-90-class-stk-highlight-2-como-usamos-tu-informacion-span\" data-block-id=\"a59a69a\"><p class=\"stk-block-text__text\">Utilizamos tu informaci\u00f3n personal para los siguientes fines:<\/p><\/div>\n\n\n\n<div class=\"wp-block-stackable-text stk-block-text stk-block stk-856a887\" id=\"span-style-color-var-theme-palette-color-1-637-a-90-class-stk-highlight-2-como-usamos-tu-informacion-span\" data-block-id=\"856a887\"><style>.stk-856a887 {margin-bottom:14px !important;}<\/style><p class=\"stk-block-text__text\"><strong>\u00b7<\/strong> <strong>Procesar pedidos y pagos:<\/strong> para enviar los productos que has comprado y gestionar los pagos de manera segura.<\/p><\/div>\n\n\n\n<div class=\"wp-block-stackable-text stk-block-text stk-block stk-5b432ab\" id=\"span-style-color-var-theme-palette-color-1-637-a-90-class-stk-highlight-2-como-usamos-tu-informacion-span\" data-block-id=\"5b432ab\"><style>.stk-5b432ab {margin-bottom:14px !important;}<\/style><p class=\"stk-block-text__text\"><strong>\u00b7<\/strong> <strong>Mejorar nuestros servicios:<\/strong> para personalizar tu experiencia de compra y mejorar nuestro sitio web.<\/p><\/div>\n\n\n\n<div class=\"wp-block-stackable-text stk-block-text stk-block stk-bf3d6e4\" id=\"span-style-color-var-theme-palette-color-1-637-a-90-class-stk-highlight-2-como-usamos-tu-informacion-span\" data-block-id=\"bf3d6e4\"><style>.stk-bf3d6e4 {margin-bottom:14px !important;}<\/style><p class=\"stk-block-text__text\"><strong>\u00b7<\/strong> <strong>Env\u00edo de comunicaciones:<\/strong> para enviarte confirmaciones de pedidos, actualizaciones de productos, promociones y ofertas (si has optado por recibirlas).<\/p><\/div>\n\n\n\n<div class=\"wp-block-stackable-text stk-block-text stk-block stk-412791c\" id=\"span-style-color-var-theme-palette-color-1-637-a-90-class-stk-highlight-2-como-usamos-tu-informacion-span\" data-block-id=\"412791c\"><p class=\"stk-block-text__text\"><strong>\u00b7 Cumplir con la ley:<\/strong> para cumplir con nuestras obligaciones legales y fiscales, y en caso de que sea necesario, para proteger nuestros derechos legales.<\/p><\/div>\n\n\n\n<div class=\"wp-block-stackable-heading stk-block-heading stk-block-heading--v2 stk-block stk-f7d138f\" id=\"span-style-color-var-theme-palette-color-1-637-a-90-class-stk-highlight-3-comparticion-de-datos-span\" data-block-id=\"f7d138f\"><style>.stk-f7d138f {margin-bottom:10px !important;}<\/style><h3 class=\"stk-block-heading__text\"><span style=\"color: var(--theme-palette-color-1, #637a90);\" class=\"stk-highlight\">3. Compartici\u00f3n de datos<\/span><\/h3><\/div>\n\n\n\n<div class=\"wp-block-stackable-text stk-block-text stk-block stk-b8a38c2\" id=\"span-style-color-var-theme-palette-color-1-637-a-90-class-stk-highlight-3-comparticion-de-datos-span\" data-block-id=\"b8a38c2\"><p class=\"stk-block-text__text\">Tu privacidad es muy importante para nosotros. No vendemos, alquilamos ni compartimos tu informaci\u00f3n personal con terceros, excepto en los siguientes casos:<\/p><\/div>\n\n\n\n<div class=\"wp-block-stackable-text stk-block-text stk-block stk-411d5e3\" data-block-id=\"411d5e3\"><style>.stk-411d5e3 {margin-bottom:14px !important;}<\/style><p class=\"stk-block-text__text\"><strong>\u00b7 Proveedores de servicios de pago:<\/strong> para procesar tus pagos de manera segura, como por ejemplo, PayPal, Stripe, etc.<\/p><\/div>\n\n\n\n<div class=\"wp-block-stackable-text stk-block-text stk-block stk-2694ed7\" data-block-id=\"2694ed7\"><style>.stk-2694ed7 {margin-bottom:14px !important;}<\/style><p class=\"stk-block-text__text\"><strong>\u00b7 Empresas de env\u00edo:<\/strong> para enviar tus productos (por ejemplo, Correos, SEUR, DHL).<\/p><\/div>\n\n\n\n<div class=\"wp-block-stackable-text stk-block-text stk-block stk-7527403\" data-block-id=\"7527403\"><p class=\"stk-block-text__text\"><strong>\u00b7 Cumplimiento legal:<\/strong> si la ley nos exige compartir tu informaci\u00f3n con autoridades competentes, como en casos de fraudes o investigaciones.<\/p><\/div>\n\n\n\n<div class=\"wp-block-stackable-heading stk-block-heading stk-block-heading--v2 stk-block stk-acc2618\" id=\"span-style-color-var-theme-palette-color-1-637-a-90-class-stk-highlight-4-cookies-span\" data-block-id=\"acc2618\"><style>.stk-acc2618 {margin-bottom:10px !important;}<\/style><h3 class=\"stk-block-heading__text\"><span style=\"color: var(--theme-palette-color-1, #637a90);\" class=\"stk-highlight\">4. Cookies<\/span><\/h3><\/div>\n\n\n\n<div class=\"wp-block-stackable-text stk-block-text stk-block stk-f6bc6b3\" id=\"span-style-color-var-theme-palette-color-1-637-a-90-class-stk-highlight-4-cookies-span\" data-block-id=\"f6bc6b3\"><p class=\"stk-block-text__text\">Implementamos medidas de seguridad para proteger tu informaci\u00f3n personal. Utilizamos tecnolog\u00eda de cifrado (SSL) para la transmisi\u00f3n segura de tus datos personales y de pago. Sin embargNuestro sitio web utiliza <strong>cookies<\/strong> para mejorar la experiencia de usuario. Las cookies son peque\u00f1os archivos que se almacenan en tu dispositivo y nos ayudan a recordar tu actividad en el sitio (por ejemplo, productos a\u00f1adidos al carrito o preferencias de idioma). Puedes configurar tu navegador para que te notifique cuando se instalen cookies o para rechazarlas, aunque algunas funciones de nuestro sitio podr\u00edan no funcionar correctamente sin ellas.<\/p><\/div>\n\n\n\n<div class=\"wp-block-stackable-heading stk-block-heading stk-block-heading--v2 stk-block stk-5466d2c\" id=\"span-style-color-var-theme-palette-color-1-637-a-90-class-stk-highlight-5-seguridad-de-tus-datos-span\" data-block-id=\"5466d2c\"><style>.stk-5466d2c {margin-bottom:10px !important;}<\/style><h3 class=\"stk-block-heading__text\"><span style=\"color: var(--theme-palette-color-1, #637a90);\" class=\"stk-highlight\">5. Seguridad de tus datos<\/span><\/h3><\/div>\n\n\n\n<div class=\"wp-block-stackable-text stk-block-text stk-block stk-3ac3c1c\" id=\"span-style-color-var-theme-palette-color-1-637-a-90-class-stk-highlight-5-seguridad-de-tus-datos-span\" data-block-id=\"3ac3c1c\"><p class=\"stk-block-text__text\">Implementamos medidas de seguridad para proteger tu informaci\u00f3n personal. Utilizamos tecnolog\u00eda de cifrado (SSL) para la transmisi\u00f3n segura de tus datos personales y de pago. Sin embargo, debes tener en cuenta que ninguna transmisi\u00f3n de datos por internet es completamente segura, por lo que, a pesar de nuestros esfuerzos, no podemos garantizar la seguridad absoluta de la informaci\u00f3n.<\/p><\/div>\n\n\n\n<div class=\"wp-block-stackable-heading stk-block-heading stk-block-heading--v2 stk-block stk-ada01a6\" id=\"span-style-color-var-theme-palette-color-1-637-a-90-class-stk-highlight-6-derechos-sobre-tus-datos-span\" data-block-id=\"ada01a6\"><style>.stk-ada01a6 {margin-bottom:10px !important;}<\/style><h3 class=\"stk-block-heading__text\"><span style=\"color: var(--theme-palette-color-1, #637a90);\" class=\"stk-highlight\">6. Derechos sobre tus datos<\/span><\/h3><\/div>\n\n\n\n<div class=\"wp-block-stackable-text stk-block-text stk-block stk-19f50e0\" id=\"span-style-color-var-theme-palette-color-1-637-a-90-class-stk-highlight-5-seguridad-de-tus-datos-span\" data-block-id=\"19f50e0\"><style>.stk-19f50e0 {margin-bottom:14px !important;}<\/style><p class=\"stk-block-text__text\">De acuerdo con la legislaci\u00f3n vigente, tienes derecho a acceder, rectificar, cancelar y oponerte al tratamiento de tus datos personales. Para ejercer estos derechos, puedes ponerte en contacto con nosotros a trav\u00e9s de <strong>info@littledreambrand.com<\/strong> o a trav\u00e9s de nuestro <a href=\"https:\/\/littledreambrand.com\/en\/contacto\/\" title=\"\">formulario de contacto<\/a>.<\/p><\/div>\n\n\n\n<div class=\"wp-block-stackable-text stk-block-text stk-block stk-803aea1\" id=\"span-style-color-var-theme-palette-color-1-637-a-90-class-stk-highlight-5-seguridad-de-tus-datos-span\" data-block-id=\"803aea1\"><p class=\"stk-block-text__text\">Adem\u00e1s, puedes solicitar la eliminaci\u00f3n de tu cuenta y de tus datos personales en cualquier momento, aunque es posible que debamos conservar cierta informaci\u00f3n por razones legales o fiscales.<\/p><\/div>\n\n\n\n<div class=\"wp-block-stackable-heading stk-block-heading stk-block-heading--v2 stk-block stk-60cf7f1\" id=\"span-style-color-var-theme-palette-color-1-637-a-90-class-stk-highlight-7-cambios-en-nuestra-politica-de-privacidad-span\" data-block-id=\"60cf7f1\"><style>.stk-60cf7f1 {margin-bottom:10px !important;}<\/style><h3 class=\"stk-block-heading__text\"><span style=\"color: var(--theme-palette-color-1, #637a90);\" class=\"stk-highlight\">7. Cambios en nuestra Pol\u00edtica de Privacidad<\/span><\/h3><\/div>\n\n\n\n<div class=\"wp-block-stackable-text stk-block-text stk-block stk-7556921\" id=\"span-style-color-var-theme-palette-color-1-637-a-90-class-stk-highlight-5-seguridad-de-tus-datos-span\" data-block-id=\"7556921\"><p class=\"stk-block-text__text\">Nos reservamos el derecho de modificar esta Pol\u00edtica de Privacidad en cualquier momento. Las actualizaciones se publicar\u00e1n en esta misma p\u00e1gina, indicando la fecha de la \u00faltima revisi\u00f3n. Te recomendamos revisar esta pol\u00edtica peri\u00f3dicamente para estar al tanto de cualquier cambio.<\/p><\/div>\n\n\n\n<div class=\"wp-block-stackable-heading stk-block-heading stk-block-heading--v2 stk-block stk-8581160\" id=\"span-style-color-var-theme-palette-color-1-637-a-90-class-stk-highlight-8-contacto-span\" data-block-id=\"8581160\"><style>.stk-8581160 {margin-bottom:10px !important;}<\/style><h3 class=\"stk-block-heading__text\"><span style=\"color: var(--theme-palette-color-1, #637a90);\" class=\"stk-highlight\">8. Contacto<\/span><\/h3><\/div>\n\n\n\n<div class=\"wp-block-stackable-text stk-block-text stk-block stk-f54bd36\" data-block-id=\"f54bd36\"><p class=\"stk-block-text__text\">Si tienes preguntas o inquietudes sobre nuestra Pol\u00edtica de Privacidad o sobre c\u00f3mo manejamos tus datos personales, no dudes en ponerte en contacto con nosotros a trav\u00e9s de:<\/p><\/div>\n\n\n\n<div class=\"wp-block-stackable-text stk-block-text stk-block stk-4d1b57d\" data-block-id=\"4d1b57d\"><style>.stk-4d1b57d {margin-bottom:14px !important;}<\/style><p class=\"stk-block-text__text\"><strong>\u00b7<\/strong> <strong>Correo electr\u00f3nico<\/strong>: info@littledreambrand.com<\/p><\/div>\n\n\n\n<div class=\"wp-block-stackable-text stk-block-text stk-block stk-a691f4d\" data-block-id=\"a691f4d\"><p class=\"stk-block-text__text\"><strong>\u00b7<\/strong> <strong>Address<\/strong>: Carrer Ermot 15 1\u00ba 1\u00aa 08221 Castellar del Vall\u00e9s<\/p><\/div>\n\n\n\n<div class=\"wp-block-stackable-spacer stk-block-spacer stk--no-padding stk-block stk-428d20b\" data-block-id=\"428d20b\"><\/div>\n<\/div><\/div><\/div>\n<\/div><\/div>","protected":false},"excerpt":{"rendered":"<p>Pol\u00edtica de Privacidad En Little Dream, nos comprometemos a proteger tu privacidad y a garantizar que tus datos personales est\u00e9n seguros. Esta Pol\u00edtica de Privacidad describe c\u00f3mo recopilamos, usamos y protegemos la informaci\u00f3n que nos proporcionas al interactuar con nuestra tienda en l\u00ednea. \u00b7 Nombre del dominio: www.littledreambrand.com \u00b7 Nombre del comercio: Little Dream \u00b7 [&hellip;]<\/p>","protected":false},"author":1,"featured_media":0,"parent":0,"menu_order":0,"comment_status":"closed","ping_status":"closed","template":"","meta":{"footnotes":""},"class_list":["post-507","page","type-page","status-publish","hentry"],"blocksy_meta":{"has_hero_section":"disabled","vertical_spacing_source":"custom","content_area_spacing":"none","styles_descriptor":{"styles":{"desktop":"","tablet":"","mobile":""},"google_fonts":[],"version":6}},"aioseo_notices":[],"jetpack_sharing_enabled":true,"_links":{"self":[{"href":"https:\/\/littledreambrand.com\/en\/wp-json\/wp\/v2\/pages\/507","targetHints":{"allow":["GET"]}}],"collection":[{"href":"https:\/\/littledreambrand.com\/en\/wp-json\/wp\/v2\/pages"}],"about":[{"href":"https:\/\/littledreambrand.com\/en\/wp-json\/wp\/v2\/types\/page"}],"author":[{"embeddable":true,"href":"https:\/\/littledreambrand.com\/en\/wp-json\/wp\/v2\/users\/1"}],"replies":[{"embeddable":true,"href":"https:\/\/littledreambrand.com\/en\/wp-json\/wp\/v2\/comments?post=507"}],"version-history":[{"count":29,"href":"https:\/\/littledreambrand.com\/en\/wp-json\/wp\/v2\/pages\/507\/revisions"}],"predecessor-version":[{"id":1309,"href":"https:\/\/littledreambrand.com\/en\/wp-json\/wp\/v2\/pages\/507\/revisions\/1309"}],"wp:attachment":[{"href":"https:\/\/littledreambrand.com\/en\/wp-json\/wp\/v2\/media?parent=507"}],"curies":[{"name":"wp","href":"https:\/\/api.w.org\/{rel}","templated":true}]}}